{"id":9572,"date":"2019-10-08T10:20:33","date_gmt":"2019-10-08T08:20:33","guid":{"rendered":"http:\/\/www.mgc.es\/?page_id=9572"},"modified":"2025-04-01T15:49:29","modified_gmt":"2025-04-01T13:49:29","slug":"privacitat-i-cookies","status":"publish","type":"page","link":"https:\/\/www.mgc.es\/ca\/privacitat-i-cookies\/","title":{"rendered":"Pol\u00edtica de Privacitat i Cookies"},"content":{"rendered":"\n<h3 class=\"wp-block-heading\">Pol\u00edtica de Privacitat<\/h3>\n\n\n\n<p>La present Pol\u00edtica de Privacitat \u00e9s d&#8217;aplicaci\u00f3 al lloc web del que n\u2019\u00e9s titular  MGC Insurance, M\u00fatua d\u2019Assegurances i Reassegurances a Prima Fixa (en endavant, MGC M\u00fatua), aix\u00ed com a qualsevol tipus d&#8217;interacci\u00f3 realitzada per l&#8217;usuari i MGC M\u00fatua per mitj\u00e0 del mateix, i a la utilitzaci\u00f3 dels seus continguts.<\/p>\n\n\n\n<p>MGC M\u00fatua \u00e9s responsable de les dades personals facilitades pels usuaris per mitj\u00e0 d&#8217;aquest lloc web, les quals tractar\u00e0 d&#8217;acord amb els termes recollits a la Pol\u00edtica de Protecci\u00f3 de Dades de l&#8217;entitat.<\/p>\n\n\n\n<p>A aquests efectes, l&#8217;usuari garanteix l&#8217;exactitud i certesa de les dades de car\u00e0cter personal que faciliti durant la navegaci\u00f3. En el cas que faciliti dades de tercers, aquest garanteix haver complert amb la seva obligaci\u00f3 d&#8217;informar-lo de l\u2019esmentada comunicaci\u00f3 i, quan procedeixi pel seu tractament, a sol\u00b7licitar el consentiment del seu titular, informant-lo sobre les finalitats del tractament, comunicaci\u00f3, i dem\u00e8s termes indicats en la nostra Pol\u00edtica de Protecci\u00f3 de Dades.<\/p>\n\n\n\n<p>En el cas que l&#8217;usuari faciliti dades de menors, en la seva condici\u00f3 de titular de la seva p\u00e0tria potestat o tutela legal, autoritza expressament el seu tractament, incloses les dades de salut, amb les finalitats previstes en l\u2019esmentada informaci\u00f3 de Protecci\u00f3 de Dades.<\/p>\n\n\n\n<p>A cada p\u00e0gina que contingui formularis que recullin dades personals, s&#8217;informar\u00e0 de manera expressa i amb car\u00e0cter previ a la seva aportaci\u00f3 per part de l&#8217;usuari, de l&#8217;exist\u00e8ncia d&#8217;un tractament per part de MGC M\u00fatua, la finalitat del qual \u00e9s informar-lo dels productes i serveis que ofereix l&#8217;entitat, aix\u00ed com de la possibilitat d&#8217;exercir els drets continguts en la informaci\u00f3 de Protecci\u00f3 de Dades Personals, adre\u00e7ant-se a la seu de l&#8217;entitat (C\/ Tuset, n\u00fam 5-11, 08006 Barcelona) o mitjan\u00e7ant correu electr\u00f2nic a&nbsp;<a href=\"mailto:bustia@mgc.es\">bustia@mgc.es<\/a>, acreditant la seva identitat mitjan\u00e7ant fotoc\u00f2pia del DNI o document acreditatiu equivalent. Tamb\u00e9 es podran comunicar les dades recollides, en l&#8217;exercici de les seves funcions pr\u00f2pies, a entitats amb qu\u00e8 participi o hi estigui vinculada, i a altres persones, entitats i institucions que col\u00b7laborin amb MGC M\u00fatua per a la prestaci\u00f3 de serveis.<\/p>\n\n\n\n<p>MGC M\u00fatua garanteix la confidencialitat de les dades personals que es facilitin durant l&#8217;\u00fas d&#8217;aquest lloc web, en els termes recollits en l&#8217;esmentada Pol\u00edtica de Protecci\u00f3 de Dades Personals, essent aquestes les estrictament necess\u00e0ries, adequades i pertinents per a la finalitat per a la qual es recullen, respecte de les quals adopta les mesures de seguretat necess\u00e0ries per a les finalitats previstes.<\/p>\n\n\n\n<p>L&#8217;\u00fas d&#8217;aquest lloc web est\u00e0 subjecte a aquesta Pol\u00edtica de Privacitat, a la informaci\u00f3 sobre Protecci\u00f3 de Dades Personals i a les Condicions d&#8217;\u00das detallades a l&#8217;Av\u00eds Legal. El fet d&#8217;accedir a aquesta p\u00e0gina web i fer \u00fas dels seus continguts implica que ha llegit i ha acceptat aquestes pol\u00edtiques i condicions.<\/p>\n\n\n\n<h3 class=\"wp-block-heading\">Pol\u00edtica de Cookies<\/h3>\n\n\n\n<p>MGC M\u00fatua l&#8217;informa sobre l&#8217;\u00fas de cookies i sobre la possibilitat de con\u00e8ixer-les i administrar-les. A aquests efectes, a continuaci\u00f3, li oferim informaci\u00f3 sobre l&#8217;\u00fas responsable que MGC M\u00fatua en fa i sobre com pot gestionar-les.<\/p>\n\n\n\n<h4 class=\"wp-block-heading\">Qu\u00e8 s\u00f3n les cookies?<\/h4>\n\n\n\n<p>Les cookies s\u00f3n petits arxius de dades, que s&#8217;instal\u00b7len i emmagatzemen en els dispositius dels usuaris quan aquests accedeixen a una p\u00e0gina web, per portar un registre de determinada informaci\u00f3.<\/p>\n\n\n\n<p>Aquests arxius tenen la capacitat de recopilar informaci\u00f3, d\u2019una banda, sobre la navegaci\u00f3 de l&#8217;usuari, i, conseq\u00fcentment, oferir-li una informaci\u00f3 que s&#8217;ajusti a les seves necessitats o interessos, i, d&#8217;altra, per protegir el propi lloc web i adaptar la informaci\u00f3 que presenta.<\/p>\n\n\n\n<p>La utilitzaci\u00f3 d&#8217;aquests arxius \u00e9s una t\u00e8cnica estandarditzada a totes les aplicacions i llocs web per millorar la prestaci\u00f3 del servei web i oferir a l&#8217;usuari una millor experi\u00e8ncia de navegaci\u00f3.<\/p>\n\n\n\n<h4 class=\"wp-block-heading\">Quins tipus de cookies utilitzem i per a qu\u00e8?<\/h4>\n\n\n\n<p>Les cookies que es fan servir per MGC M\u00fatua es poden classificar en diferents categories, depenent de les seves caracter\u00edstiques, podent-hi estar incloses en una o diverses d&#8217;elles:<\/p>\n\n\n\n<ul class=\"wp-block-list\">\n<li>Cookies pr\u00f2pies o de tercers, segons estiguin habilitades pel lloc web pel que navega o procedeixin d&#8217;altres llocs web.<\/li>\n\n\n\n<li>Cookies de sessi\u00f3 o persistents, depenent de si caduquen al tancar el navegador, permetent guardar algunes variables mentre l&#8217;usuari navega pel lloc web, o si caduquen quan compleixin l\u2019objectiu pel qual es van crear.<\/li>\n\n\n\n<li>Cookies t\u00e8cniques, que resulten absolutament necess\u00e0ries per a la navegaci\u00f3 i utilitzaci\u00f3 de diferents serveis del lloc web. En el cas que aquestes es desactivin, no \u00e9s possible seguir amb la navegaci\u00f3.<\/li>\n\n\n\n<li>Cookies de personalitzaci\u00f3, que permeten accedir al lloc web amb caracter\u00edstiques predefinides, com ara la prefer\u00e8ncia de l&#8217;idioma o la presentaci\u00f3 del contingut del lloc web.<\/li>\n\n\n\n<li>Cookies anal\u00edtiques, que permeten el seguiment i an\u00e0lisi del comportament de navegaci\u00f3 de l&#8217;usuari, amb finalitats de recopilaci\u00f3 d&#8217;informaci\u00f3 estad\u00edstica agregada sobre els mateixos, i per a l&#8217;elaboraci\u00f3 de perfils de navegaci\u00f3. Aquestes es poden desactivar per l&#8217;usuari, per\u00f2 la p\u00e0gina pot perdre funcionalitat. Aquest tipus de cookies es poden tractar tan per la pr\u00f2pia MGC, com per prove\u00efdors externs, com ara Google Analitycs.<\/li>\n\n\n\n<li>Cookies publicit\u00e0ries, que permeten la gesti\u00f3 d&#8217;espais publicitaris, que mostren publicitat a l&#8217;usuari de forma personalitzada, en funci\u00f3 de perfils d&#8217;usuari predeterminats. Tamb\u00e9 s&#8217;utilitzen per limitar la quantitat de vegades que l&#8217;usuari veu un anunci publicitari i per mesurar l&#8217;efectivitat de les campanyes publicit\u00e0ries. Pot consultar el tractament de les seves dades per part de Google a\u00a0<a href=\"https:\/\/business.safety.google\/intl\/es\/privacy\/\">https:\/\/business.safety.google\/intl\/es\/privacy\/<\/a>.<\/li>\n<\/ul>\n\n\n\n<h4 class=\"wp-block-heading\">Quin \u00fas fem de les cookies?<\/h4>\n\n\n\n<p>Quan es visita o es navega pel nostre lloc web, recopilem informaci\u00f3 de nivell est\u00e0ndard, aix\u00ed com detalls de comportament dels usuaris, com ara el nombre d&#8217;usuaris que visiten la nostra p\u00e0gina web, el nombre d&#8217;enlla\u00e7os als links associats, la freq\u00fc\u00e8ncia amb la qual es visiten els mateixos i l&#8217;activitat que es realitza en el lloc web, etc&#8230; Aquesta informaci\u00f3 \u00e9s sempre an\u00f2nima i no \u00e9s possible establir cap vincle entre la informaci\u00f3 i l&#8217;usuari a qui es refereix, llevat que es tracti de dades aportades volunt\u00e0riament per l&#8217;usuari.<\/p>\n\n\n\n<p>Quan utilitza les nostres p\u00e0gines web vost\u00e8 atorga el seu consentiment expr\u00e9s i inequ\u00edvoc per a la generaci\u00f3 i utilitzaci\u00f3 de cookies per part de l&#8217;entitat, per a les finalitats indicades en aquesta Pol\u00edtica de Cookies, sens perjudici de les mesures de desactivaci\u00f3 i eliminaci\u00f3 de les cookies que pot adoptar utilitzant les eines del seu navegador.<\/p>\n\n\n\n<h4 class=\"wp-block-heading\">Com pot administrar les cookies?<\/h4>\n\n\n\n<p>Pot administrar les cookies a la configuraci\u00f3 del seu navegador, marcant l&#8217;opci\u00f3 de consultar, esborrar, limitar l&#8217;\u00fas o desactivar la utilitzaci\u00f3 de cookies, aix\u00ed com canviar a una altra configuraci\u00f3 en qualsevol moment. En aquests casos, \u00e9s possible que determinades funcions i caracter\u00edstiques dels serveis que ofereix el lloc web no funcionin correctament.<\/p>\n\n\n\n<p>Cada navegador pot tenir un tipus de configuraci\u00f3 diferent, de manera que ha de consultar la configuraci\u00f3 corresponent al seu navegador.<\/p>\n\n\n\n<p>Des de la nostra Pol\u00edtica de Cookies li facilitem l&#8217;acc\u00e9s als vincles als quals ha d&#8217;accedir si desitja desactivar o eliminar cookies en els seg\u00fcents navegadors:<\/p>\n\n\n\n<ul class=\"wp-block-list\">\n<li>Microsoft Internet Explorer o Microsoft Edge: <a href=\"http:\/\/windows.microsoft.com\/es-es\/windows-vista\/Block-or-allow-cookies\" target=\"_blank\" rel=\"noreferrer noopener nofollow\">http:\/\/windows.microsoft.com\/es-es\/windows-vista\/Block-or-allow-cookies<\/a><\/li>\n\n\n\n<li>Mozilla Firefox: <a href=\"http:\/\/support.mozilla.org\/es\/kb\/impedir-que-los-sitios-web-guarden-sus-preferencia\" target=\"_blank\" rel=\"noreferrer noopener nofollow\">http:\/\/support.mozilla.org\/es\/kb\/impedir-que-los-sitios-web-guarden-sus-preferencia<\/a><\/li>\n\n\n\n<li>Chrome: <a href=\"https:\/\/support.google.com\/accounts\/answer\/61416?hl=es\" target=\"_blank\" rel=\"noreferrer noopener nofollow\">https:\/\/support.google.com\/accounts\/answer\/61416?hl=es<\/a><\/li>\n\n\n\n<li>Safari: <a href=\"http:\/\/safari.helpmax.net\/es\/privacidad-y-seguridad\/como-gestionar-las-cookies\/\" target=\"_blank\" rel=\"noreferrer noopener nofollow\">http:\/\/safari.helpmax.net\/es\/privacidad-y-seguridad\/como-gestionar-las-cookies\/<\/a><\/li>\n\n\n\n<li>Opera: <a href=\"http:\/\/help.opera.com\/Linux\/10.60\/es-ES\/cookies.html\">http:\/\/help.opera.com\/Linux\/10.60\/es-ES\/cookies.html<\/a><\/li>\n<\/ul>\n\n\n\n<p><\/p>\n","protected":false},"excerpt":{"rendered":"<p>Pol\u00edtica de Privacitat La present Pol\u00edtica de Privacitat \u00e9s d&#8217;aplicaci\u00f3 al lloc web del que n\u2019\u00e9s titular MGC Insurance, M\u00fatua d\u2019Assegurances i Reassegurances a Prima Fixa (en endavant, MGC M\u00fatua), aix\u00ed com a qualsevol tipus d&#8217;interacci\u00f3 realitzada per l&#8217;usuari i MGC M\u00fatua per mitj\u00e0 del mateix, i a la utilitzaci\u00f3 dels seus continguts. MGC M\u00fatua [&hellip;]<\/p>\n","protected":false},"author":1,"featured_media":0,"parent":0,"menu_order":0,"comment_status":"closed","ping_status":"closed","template":"template-files\/page-legal.php","meta":{"footnotes":""},"class_list":["post-9572","page","type-page","status-publish","hentry"],"featured_image_src":null,"yoast_head":"<!-- This site is optimized with the Yoast SEO plugin v27.2 - https:\/\/yoast.com\/product\/yoast-seo-wordpress\/ -->\n<title>Pol\u00edtica de Privacitat i Cookies - MGC M\u00fatua<\/title>\n<meta name=\"robots\" content=\"index, follow, max-snippet:-1, max-image-preview:large, max-video-preview:-1\" \/>\n<link rel=\"canonical\" href=\"https:\/\/www.mgc.es\/ca\/privacitat-i-cookies\/\" \/>\n<meta property=\"og:locale\" content=\"ca_ES\" \/>\n<meta property=\"og:type\" content=\"article\" \/>\n<meta property=\"og:title\" content=\"Pol\u00edtica de Privacitat i Cookies - MGC M\u00fatua\" \/>\n<meta property=\"og:description\" content=\"Pol\u00edtica de Privacitat La present Pol\u00edtica de Privacitat \u00e9s d&#8217;aplicaci\u00f3 al lloc web del que n\u2019\u00e9s titular MGC Insurance, M\u00fatua d\u2019Assegurances i Reassegurances a Prima Fixa (en endavant, MGC M\u00fatua), aix\u00ed com a qualsevol tipus d&#8217;interacci\u00f3 realitzada per l&#8217;usuari i MGC M\u00fatua per mitj\u00e0 del mateix, i a la utilitzaci\u00f3 dels seus continguts. MGC M\u00fatua [&hellip;]\" \/>\n<meta property=\"og:url\" content=\"https:\/\/www.mgc.es\/ca\/privacitat-i-cookies\/\" \/>\n<meta property=\"og:site_name\" content=\"MGC M\u00fatua\" \/>\n<meta property=\"article:publisher\" content=\"https:\/\/www.facebook.com\/mgcmutua\" \/>\n<meta property=\"article:modified_time\" content=\"2025-04-01T13:49:29+00:00\" \/>\n<meta name=\"twitter:card\" content=\"summary_large_image\" \/>\n<meta name=\"twitter:site\" content=\"@mgcmutua\" \/>\n<meta name=\"twitter:label1\" content=\"Temps estimat de lectura\" \/>\n\t<meta name=\"twitter:data1\" content=\"6 minuts\" \/>\n<!-- \/ Yoast SEO plugin. -->","yoast_head_json":{"title":"Pol\u00edtica de Privacitat i Cookies - MGC M\u00fatua","robots":{"index":"index","follow":"follow","max-snippet":"max-snippet:-1","max-image-preview":"max-image-preview:large","max-video-preview":"max-video-preview:-1"},"canonical":"https:\/\/www.mgc.es\/ca\/privacitat-i-cookies\/","og_locale":"ca_ES","og_type":"article","og_title":"Pol\u00edtica de Privacitat i Cookies - MGC M\u00fatua","og_description":"Pol\u00edtica de Privacitat La present Pol\u00edtica de Privacitat \u00e9s d&#8217;aplicaci\u00f3 al lloc web del que n\u2019\u00e9s titular MGC Insurance, M\u00fatua d\u2019Assegurances i Reassegurances a Prima Fixa (en endavant, MGC M\u00fatua), aix\u00ed com a qualsevol tipus d&#8217;interacci\u00f3 realitzada per l&#8217;usuari i MGC M\u00fatua per mitj\u00e0 del mateix, i a la utilitzaci\u00f3 dels seus continguts. MGC M\u00fatua [&hellip;]","og_url":"https:\/\/www.mgc.es\/ca\/privacitat-i-cookies\/","og_site_name":"MGC M\u00fatua","article_publisher":"https:\/\/www.facebook.com\/mgcmutua","article_modified_time":"2025-04-01T13:49:29+00:00","twitter_card":"summary_large_image","twitter_site":"@mgcmutua","twitter_misc":{"Temps estimat de lectura":"6 minuts"},"schema":{"@context":"https:\/\/schema.org","@graph":[{"@type":"WebPage","@id":"https:\/\/www.mgc.es\/ca\/privacitat-i-cookies\/","url":"https:\/\/www.mgc.es\/ca\/privacitat-i-cookies\/","name":"Pol\u00edtica de Privacitat i Cookies - MGC M\u00fatua","isPartOf":{"@id":"https:\/\/www.mgc.es\/#website"},"datePublished":"2019-10-08T08:20:33+00:00","dateModified":"2025-04-01T13:49:29+00:00","breadcrumb":{"@id":"https:\/\/www.mgc.es\/ca\/privacitat-i-cookies\/#breadcrumb"},"inLanguage":"ca","potentialAction":[{"@type":"ReadAction","target":["https:\/\/www.mgc.es\/ca\/privacitat-i-cookies\/"]}]},{"@type":"BreadcrumbList","@id":"https:\/\/www.mgc.es\/ca\/privacitat-i-cookies\/#breadcrumb","itemListElement":[{"@type":"ListItem","position":1,"name":"Home","item":"https:\/\/www.mgc.es\/ca\/"},{"@type":"ListItem","position":2,"name":"Pol\u00edtica de Privacitat i Cookies"}]},{"@type":"WebSite","@id":"https:\/\/www.mgc.es\/#website","url":"https:\/\/www.mgc.es\/","name":"MGC M\u00fatua","description":"MGC M\u00fatua \u00e9s una entitat asseguradora sense \u00e0nim de lucre constitu\u00efda al 1982 i especialitzada en assegurances de salut i assist\u00e8ncia.","publisher":{"@id":"https:\/\/www.mgc.es\/#organization"},"alternateName":"MGC","potentialAction":[{"@type":"SearchAction","target":{"@type":"EntryPoint","urlTemplate":"https:\/\/www.mgc.es\/?s={search_term_string}"},"query-input":{"@type":"PropertyValueSpecification","valueRequired":true,"valueName":"search_term_string"}}],"inLanguage":"ca"},{"@type":"Organization","@id":"https:\/\/www.mgc.es\/#organization","name":"MGC Mutua","alternateName":"MGC","url":"https:\/\/www.mgc.es\/","logo":{"@type":"ImageObject","inLanguage":"ca","@id":"https:\/\/www.mgc.es\/#\/schema\/logo\/image\/","url":"https:\/\/www.mgc.es\/wp-content\/uploads\/2020\/03\/mgcmutua_h2_2t_reduccions.png","contentUrl":"https:\/\/www.mgc.es\/wp-content\/uploads\/2020\/03\/mgcmutua_h2_2t_reduccions.png","width":303,"height":165,"caption":"MGC Mutua"},"image":{"@id":"https:\/\/www.mgc.es\/#\/schema\/logo\/image\/"},"sameAs":["https:\/\/www.facebook.com\/mgcmutua","https:\/\/x.com\/mgcmutua","https:\/\/www.youtube.com\/c\/MGCMutua"]}]}},"_links":{"self":[{"href":"https:\/\/www.mgc.es\/ca\/wp-json\/wp\/v2\/pages\/9572","targetHints":{"allow":["GET"]}}],"collection":[{"href":"https:\/\/www.mgc.es\/ca\/wp-json\/wp\/v2\/pages"}],"about":[{"href":"https:\/\/www.mgc.es\/ca\/wp-json\/wp\/v2\/types\/page"}],"author":[{"embeddable":true,"href":"https:\/\/www.mgc.es\/ca\/wp-json\/wp\/v2\/users\/1"}],"replies":[{"embeddable":true,"href":"https:\/\/www.mgc.es\/ca\/wp-json\/wp\/v2\/comments?post=9572"}],"version-history":[{"count":9,"href":"https:\/\/www.mgc.es\/ca\/wp-json\/wp\/v2\/pages\/9572\/revisions"}],"predecessor-version":[{"id":34402,"href":"https:\/\/www.mgc.es\/ca\/wp-json\/wp\/v2\/pages\/9572\/revisions\/34402"}],"wp:attachment":[{"href":"https:\/\/www.mgc.es\/ca\/wp-json\/wp\/v2\/media?parent=9572"}],"curies":[{"name":"wp","href":"https:\/\/api.w.org\/{rel}","templated":true}]}}