{"id":9568,"date":"2019-10-08T10:17:22","date_gmt":"2019-10-08T08:17:22","guid":{"rendered":"http:\/\/www.mgc.es\/?page_id=9568"},"modified":"2023-07-27T13:31:57","modified_gmt":"2023-07-27T11:31:57","slug":"proteccio-de-dades","status":"publish","type":"page","link":"https:\/\/www.mgc.es\/ca\/proteccio-de-dades\/","title":{"rendered":"Pol\u00edtica de Protecci\u00f3 de Dades"},"content":{"rendered":"\n<p>La Pol\u00edtica de Protecci\u00f3 de Dades de  MGC Insurance, M\u00fatua d&#8217;Assegurances i Reassegurances a Prima Fixa (en endavant, MGC M\u00fatua) preveu, en relaci\u00f3 amb les dades personals dels seus mutualistes, el tractament que en fa, la legitimitat de la seva obtenci\u00f3, la seva conservaci\u00f3, la possibilitat de comunicar-les i els drets que assisteixen els interessats, d&#8217;acord amb la normativa vigent en la mat\u00e8ria.<\/p>\n\n\n\n<p>A aquests efectes, l&#8217;informem dels aspectes seg\u00fcents:<\/p>\n\n\n\n<h3 class=\"wp-block-heading\">Qui \u00e9s el responsable del tractament de les seves dades?<\/h3>\n\n\n\n<ul class=\"wp-block-list\">\n<li>Identitat:  MGC Insurance, M\u00fatua d&#8217;Assegurances i Reassegurances a Prima Fixa<\/li>\n\n\n\n<li>NIF: V-08846644<\/li>\n\n\n\n<li>Adre\u00e7a postal: C\/ Tuset, n\u00fam. 5-11, 08006 Barcelona<\/li>\n\n\n\n<li>Tel\u00e8fon: 900 841 844<\/li>\n\n\n\n<li>Adre\u00e7a electr\u00f2nica:&nbsp;<a href=\"mailto:mgc@mgc.es\">mgc@mgc.es<\/a><\/li>\n\n\n\n<li>Contacte del Delegat de Protecci\u00f3 de Dades:&nbsp;<a href=\"mailto:dpd@mgc.es\">dpd@mgc.es<\/a><\/li>\n<\/ul>\n\n\n\n<h3 class=\"wp-block-heading\">Amb quina finalitat tractem les seves dades personals?<\/h3>\n\n\n\n<p>La finalitat principal amb qu\u00e8 tractem les seves dades personals resideix en el compliment de les obligacions derivades de la contractaci\u00f3 de l&#8217;asseguran\u00e7a, com ara gestionar la sol\u00b7licitud d\u2019asseguran\u00e7a, determinar-ne el risc i calcular-ne la prima, i, si escau, complir, controlar i executar les prestacions assegurades.<\/p>\n\n\n\n<p>Tamb\u00e9 tractem les seves dades amb finalitats access\u00f2ries, per informar-lo de productes i serveis que siguin del seu inter\u00e8s, ofertes o promocions especials, i per al lliurament d&#8217;obsequis i la participaci\u00f3 en sorteigs, relacionats amb l\u2019activitat de MGC M\u00fatua o de les entitats en qu\u00e8 aquesta hi participi o hi estigui vinculada, incloent-hi l&#8217;elaboraci\u00f3 de perfils per oferir productes i serveis d&#8217;acord amb els seus interessos. Aquesta informaci\u00f3 es podr\u00e0 proporcionar per qualsevol canal habitual de comunicaci\u00f3, inclosa la via electr\u00f2nica i telef\u00f2nica, per mitj\u00e0 del qual li farem arribar tamb\u00e9 revistes i butlletins informatius sobre les activitats pr\u00f2pies de l&#8217;entitat.<\/p>\n\n\n\n<p>D&#8217;altra banda, tractarem les seves dades quan s&#8217;hagin d&#8217;elaborar, fins i tot una vegada acabada la relaci\u00f3 contractual, estudis amb finalitats de col\u00b7laboraci\u00f3 estad\u00edstica actuarial o de prospecci\u00f3 t\u00e8cnica i comercial, enquestes i control de qualitat, aix\u00ed com per prevenir el frau.<\/p>\n\n\n\n<p>Les instal\u00b7lacions de MGC M\u00fatua disposen d\u2019un sistema de videovigil\u00e0ncia per mitj\u00e0 del qual es registren imatges a temps real dels usuaris, amb una finalitat exclusivament de seguretat i control d\u2019acc\u00e9s a les instal\u00b7lacions.<\/p>\n\n\n\n<p>En darrer terme, s&#8217;utilitzaran, en cas que fos necessari, les converses telef\u00f2niques registrades derivades de la sol\u00b7licitud, subscripci\u00f3 i execuci\u00f3 de les assegurances contractades, per a controls de qualitat o com a mitj\u00e0 de prova en reclamacions y\/o procediments judicials o arbitrals, preservant-ne la confidencialitat.<\/p>\n\n\n\n<h3 class=\"wp-block-heading\">Durant quant de temps conservarem les seves dades?<\/h3>\n\n\n\n<p>Les seves dades es conservaran durant la vig\u00e8ncia del contracte d&#8217;asseguran\u00e7a i en atenci\u00f3 a les possibles responsabilitats derivades d&#8217;aquesta relaci\u00f3, d&#8217;acord amb els terminis de prescripci\u00f3 establerts legalment.<\/p>\n\n\n\n<p>Aix\u00ed mateix, les conservarem fins que siguin necess\u00e0ries per a les finalitats del tractament per al qual vost\u00e8 va atorgar el consentiment.<\/p>\n\n\n\n<p>En qualsevol cas, les seves dades es conservaran durant els terminis legals de conservaci\u00f3.<\/p>\n\n\n\n<h3 class=\"wp-block-heading\">Quina \u00e9s la legitimaci\u00f3 per al tractament de les seves dades?<\/h3>\n\n\n\n<p>La base legal per al tractament de les seves dades \u00e9s l\u2019execuci\u00f3 del contracte d&#8217;asseguran\u00e7a subscrit amb MGC M\u00fatua o la seva gesti\u00f3 precontractual, aix\u00ed com el compliment de les obligacions legals que corresponguin.<\/p>\n\n\n\n<p>Aix\u00ed mateix, en el cas de les finalitats access\u00f2ries, la legitimaci\u00f3 per tractar les seves dades la constitueix el consentiment atorgat, d&#8217;acord amb les finalitats descrites.<\/p>\n\n\n\n<p>En darrer terme, i en resum, la legitimaci\u00f3 per al tractament de les seves dades rau en l&#8217;inter\u00e8s leg\u00edtim de MGC M\u00fatua per dur a terme l&#8217;activitat asseguradora, oferir-li nous productes i serveis adaptats als seus interessos o fer estudis i c\u00e0lculs estad\u00edstics o actuarials, de prospecci\u00f3 t\u00e8cnica i comercial i de control de qualitat.<\/p>\n\n\n\n<p>Les dades requerides en la sol\u00b7licitud de l&#8217;asseguran\u00e7a s\u00f3n obligat\u00f2ries per formalitzar el contracte, i la seva negativa a subministrar-les impossibilitaria l&#8217;efectivitat del contracte.<\/p>\n\n\n\n<p>D&#8217;altra banda, les dades personals de salut han de declarar-se obligat\u00f2riament d&#8217;acord amb el q\u00fcestionari de salut que se li plantegi, i l&#8217;omissi\u00f3 o falta de veracitat en les respostes a les preguntes que se li formulin pot donar lloc a l&#8217;exclusi\u00f3 de cobertura, a l&#8217;anul\u00b7laci\u00f3 de contracte i, fins i tot, a no poder atendre determinades reclamacions.<\/p>\n\n\n\n<p>En cas que les dades siguin facilitades per una persona que no en sigui la titular, aquesta t\u00e9 l&#8217;obligaci\u00f3 d&#8217;informar-lo de la comunicaci\u00f3 i, quan sigui necessari pel seu tractament per part de MGC M\u00fatua, a haver-ne obtingut el seu consentiment per a les finalitats que corresponguin. En el cas de menors d&#8217;edat, MGC M\u00fatua nom\u00e9s en tractar\u00e0 les dades si pr\u00e8viament t\u00e9 el consentiment o l\u2019autoritzaci\u00f3 del titular de la seva p\u00e0tria potestat o tutela legal. A aquests efectes, MGC M\u00fatua far\u00e0 esfor\u00e7os raonables per verificar el consentiment o l&#8217;autoritzaci\u00f3.<\/p>\n\n\n\n<p>No es podran fer efectives les prestacions cobertes en cas d&#8217;oposici\u00f3 al tractament de les dades, a causa de la impossibilitat de determinar aspectes regulats en el contracte d&#8217;asseguran\u00e7a.<\/p>\n\n\n\n<h3 class=\"wp-block-heading\">A quins destinataris es comunicaran les seves dades?<\/h3>\n\n\n\n<p>MGC M\u00fatua comunicar\u00e0 les seves dades, en l&#8217;exercici de les seves funcions pr\u00f2pies, a entitats en les quals participi o hi estigui vinculada, a altres persones, entitats i institucions que col\u00b7laborin amb MGC M\u00fatua per a la prestaci\u00f3 de serveis, o amb les que cooperi per raons de reasseguran\u00e7a o tramitaci\u00f3 de sinistres, i amb les entitats financeres per a la domiciliaci\u00f3 banc\u00e0ria.<\/p>\n\n\n\n<p>Aix\u00ed mateix, les seves dades, incloses les de salut, es podran comunicar als metges i professionals de la salut, hospitals i centres sanitaris, per prestar l&#8217;assist\u00e8ncia garantida, aix\u00ed com per sol\u00b7licitar o verificar d&#8217;aquests prestadors de serveis sanitaris les causes i antecedents m\u00e8dics que motiven les prestacions demanades o les declaracions incloses en el q\u00fcestionari de salut.<\/p>\n\n\n\n<p>MGC M\u00fatua no realitzar\u00e0, en cap cas, transfer\u00e8ncies internacionals de les seves dades, ni les comunicar\u00e0 a tercers, llevat d\u2019obligaci\u00f3 legal o amb el seu previ consentiment.<\/p>\n\n\n\n<h3 class=\"wp-block-heading\">Quin comprom\u00eds assumim pel que fa al tractament de les seves dades?<\/h3>\n\n\n\n<p>MGC M\u00fatua adopta les mesures necess\u00e0ries en el tractament de les seves dades per evitar-ne l&#8217;alteraci\u00f3, la p\u00e8rdua o el tractament o acc\u00e9s no autoritzat, les quals seran tractades respectant la legislaci\u00f3 vigent i observant totes les mesures de seguretat que en garanteixin la seva confidencialitat.<\/p>\n\n\n\n<p>Les dades que tractem seran les adequades, pertinents i no excessives per a les finalitats descrites.<\/p>\n\n\n\n<h3 class=\"wp-block-heading\">Quins s\u00f3n els seus drets quan ens facilita les seves dades?<\/h3>\n\n\n\n<p>Els drets que l&#8217;assisteixen, d&#8217;acord amb la normativa aplicable, s\u00f3n, d&#8217;una banda, el dret a confirmar si MGC M\u00fatua disposa de les seves dades, a accedir-hi i a demanar-ne la rectificaci\u00f3 si s\u00f3n incorrectes o, si escau, a sol\u00b7licitar que siguin suprimides si considera que ja no s\u00f3n necess\u00e0ries per a les finalitats que van ser recollides.<\/p>\n\n\n\n<p>Aix\u00ed mateix, t\u00e9 dret a sol\u00b7licitar la limitaci\u00f3 del tractament de les seves dades, en determinades circumst\u00e0ncies, la possibilitat d&#8217;oposar-se a l\u2019esmentat tractament, o la portabilitat de les dades facilitades a l\u2019entitat.<\/p>\n\n\n\n<p>Finalment, t\u00e9 dret a retirar el consentiment d&#8217;una finalitat de tractament diferent de l&#8217;execuci\u00f3 del contracte, sense que aix\u00f2 en condicioni l&#8217;execuci\u00f3.<\/p>\n\n\n\n<h3 class=\"wp-block-heading\">Com puc exercir aquests drets davant de MGC M\u00fatua?<\/h3>\n\n\n\n<p>L&#8217;informem que podr\u00e0 exercir els drets anteriors d&#8217;acc\u00e9s, rectificaci\u00f3, supressi\u00f3, limitaci\u00f3, oposici\u00f3 i portabilitat adre\u00e7ant-se a la seu de l&#8217;entitat (C\/ Tuset, n\u00fam. 5-11, 08006 Barcelona) o mitjan\u00e7ant correu electr\u00f2nic a&nbsp;<a href=\"mailto:dpd@mgc.es\" rel=\"nofollow\">dpd@mgc.es<\/a>, acreditant la seva identitat mitjan\u00e7ant fotoc\u00f2pia del DNI o document acreditatiu equivalent.<\/p>\n\n\n\n<p>Per a m\u00e9s informaci\u00f3 accedeixi a:&nbsp;<a href=\"https:\/\/www.aepd.es\/reglamento\/derechos\/index.html\" target=\"_blank\" rel=\"noreferrer noopener nofollow\">https:\/\/www.aepd.es\/reglamento\/derechos\/index.html<\/a><\/p>\n\n\n\n<p>Finalment, en el cas que necessiti m\u00e9s informaci\u00f3 en relaci\u00f3 amb l&#8217;exercici d&#8217;aquests drets o vulgui presentar una reclamaci\u00f3, haur\u00e0 d\u2019adre\u00e7ar-se a la Agencia Espa\u00f1ola de Protecci\u00f3n de Datos (<a href=\"http:\/\/www.aepd.es\/\" target=\"_blank\" rel=\"noreferrer noopener nofollow\">www.aepd.es<\/a>&nbsp;\u2013 C\/ Jorge Juan, n\u00ba 6, 28001 Madrid).<\/p>\n","protected":false},"excerpt":{"rendered":"<p>La Pol\u00edtica de Protecci\u00f3 de Dades de MGC Insurance, M\u00fatua d&#8217;Assegurances i Reassegurances a Prima Fixa (en endavant, MGC M\u00fatua) preveu, en relaci\u00f3 amb les dades personals dels seus mutualistes, el tractament que en fa, la legitimitat de la seva obtenci\u00f3, la seva conservaci\u00f3, la possibilitat de comunicar-les i els drets que assisteixen els interessats, [&hellip;]<\/p>\n","protected":false},"author":1,"featured_media":0,"parent":0,"menu_order":0,"comment_status":"closed","ping_status":"closed","template":"template-files\/page-legal.php","meta":{"footnotes":""},"class_list":["post-9568","page","type-page","status-publish","hentry"],"featured_image_src":null,"yoast_head":"<!-- This site is optimized with the Yoast SEO plugin v27.5 - https:\/\/yoast.com\/product\/yoast-seo-wordpress\/ -->\n<title>Pol\u00edtica de Protecci\u00f3 de Dades - MGC M\u00fatua<\/title>\n<meta name=\"robots\" content=\"index, follow, max-snippet:-1, max-image-preview:large, max-video-preview:-1\" \/>\n<link rel=\"canonical\" href=\"https:\/\/www.mgc.es\/ca\/proteccio-de-dades\/\" \/>\n<meta property=\"og:locale\" content=\"ca_ES\" \/>\n<meta property=\"og:type\" content=\"article\" \/>\n<meta property=\"og:title\" content=\"Pol\u00edtica de Protecci\u00f3 de Dades - MGC M\u00fatua\" \/>\n<meta property=\"og:description\" content=\"La Pol\u00edtica de Protecci\u00f3 de Dades de MGC Insurance, M\u00fatua d&#8217;Assegurances i Reassegurances a Prima Fixa (en endavant, MGC M\u00fatua) preveu, en relaci\u00f3 amb les dades personals dels seus mutualistes, el tractament que en fa, la legitimitat de la seva obtenci\u00f3, la seva conservaci\u00f3, la possibilitat de comunicar-les i els drets que assisteixen els interessats, [&hellip;]\" \/>\n<meta property=\"og:url\" content=\"https:\/\/www.mgc.es\/ca\/proteccio-de-dades\/\" \/>\n<meta property=\"og:site_name\" content=\"MGC M\u00fatua\" \/>\n<meta property=\"article:publisher\" content=\"https:\/\/www.facebook.com\/mgcmutua\" \/>\n<meta property=\"article:modified_time\" content=\"2023-07-27T11:31:57+00:00\" \/>\n<meta name=\"twitter:card\" content=\"summary_large_image\" \/>\n<meta name=\"twitter:site\" content=\"@mgcmutua\" \/>\n<meta name=\"twitter:label1\" content=\"Temps estimat de lectura\" \/>\n\t<meta name=\"twitter:data1\" content=\"6 minuts\" \/>\n<!-- \/ Yoast SEO plugin. -->","yoast_head_json":{"title":"Pol\u00edtica de Protecci\u00f3 de Dades - MGC M\u00fatua","robots":{"index":"index","follow":"follow","max-snippet":"max-snippet:-1","max-image-preview":"max-image-preview:large","max-video-preview":"max-video-preview:-1"},"canonical":"https:\/\/www.mgc.es\/ca\/proteccio-de-dades\/","og_locale":"ca_ES","og_type":"article","og_title":"Pol\u00edtica de Protecci\u00f3 de Dades - MGC M\u00fatua","og_description":"La Pol\u00edtica de Protecci\u00f3 de Dades de MGC Insurance, M\u00fatua d&#8217;Assegurances i Reassegurances a Prima Fixa (en endavant, MGC M\u00fatua) preveu, en relaci\u00f3 amb les dades personals dels seus mutualistes, el tractament que en fa, la legitimitat de la seva obtenci\u00f3, la seva conservaci\u00f3, la possibilitat de comunicar-les i els drets que assisteixen els interessats, [&hellip;]","og_url":"https:\/\/www.mgc.es\/ca\/proteccio-de-dades\/","og_site_name":"MGC M\u00fatua","article_publisher":"https:\/\/www.facebook.com\/mgcmutua","article_modified_time":"2023-07-27T11:31:57+00:00","twitter_card":"summary_large_image","twitter_site":"@mgcmutua","twitter_misc":{"Temps estimat de lectura":"6 minuts"},"schema":{"@context":"https:\/\/schema.org","@graph":[{"@type":"WebPage","@id":"https:\/\/www.mgc.es\/ca\/proteccio-de-dades\/","url":"https:\/\/www.mgc.es\/ca\/proteccio-de-dades\/","name":"Pol\u00edtica de Protecci\u00f3 de Dades - MGC M\u00fatua","isPartOf":{"@id":"https:\/\/www.mgc.es\/#website"},"datePublished":"2019-10-08T08:17:22+00:00","dateModified":"2023-07-27T11:31:57+00:00","breadcrumb":{"@id":"https:\/\/www.mgc.es\/ca\/proteccio-de-dades\/#breadcrumb"},"inLanguage":"ca","potentialAction":[{"@type":"ReadAction","target":["https:\/\/www.mgc.es\/ca\/proteccio-de-dades\/"]}]},{"@type":"BreadcrumbList","@id":"https:\/\/www.mgc.es\/ca\/proteccio-de-dades\/#breadcrumb","itemListElement":[{"@type":"ListItem","position":1,"name":"Home","item":"https:\/\/www.mgc.es\/ca\/"},{"@type":"ListItem","position":2,"name":"Pol\u00edtica de Protecci\u00f3 de Dades"}]},{"@type":"WebSite","@id":"https:\/\/www.mgc.es\/#website","url":"https:\/\/www.mgc.es\/","name":"MGC M\u00fatua","description":"MGC M\u00fatua \u00e9s una entitat asseguradora sense \u00e0nim de lucre constitu\u00efda al 1982 i especialitzada en assegurances de salut i assist\u00e8ncia.","publisher":{"@id":"https:\/\/www.mgc.es\/#organization"},"alternateName":"MGC","potentialAction":[{"@type":"SearchAction","target":{"@type":"EntryPoint","urlTemplate":"https:\/\/www.mgc.es\/?s={search_term_string}"},"query-input":{"@type":"PropertyValueSpecification","valueRequired":true,"valueName":"search_term_string"}}],"inLanguage":"ca"},{"@type":"Organization","@id":"https:\/\/www.mgc.es\/#organization","name":"MGC Mutua","alternateName":"MGC","url":"https:\/\/www.mgc.es\/","logo":{"@type":"ImageObject","inLanguage":"ca","@id":"https:\/\/www.mgc.es\/#\/schema\/logo\/image\/","url":"https:\/\/www.mgc.es\/wp-content\/uploads\/2020\/03\/mgcmutua_h2_2t_reduccions.png","contentUrl":"https:\/\/www.mgc.es\/wp-content\/uploads\/2020\/03\/mgcmutua_h2_2t_reduccions.png","width":303,"height":165,"caption":"MGC Mutua"},"image":{"@id":"https:\/\/www.mgc.es\/#\/schema\/logo\/image\/"},"sameAs":["https:\/\/www.facebook.com\/mgcmutua","https:\/\/x.com\/mgcmutua","https:\/\/www.youtube.com\/c\/MGCMutua"]}]}},"_links":{"self":[{"href":"https:\/\/www.mgc.es\/ca\/wp-json\/wp\/v2\/pages\/9568","targetHints":{"allow":["GET"]}}],"collection":[{"href":"https:\/\/www.mgc.es\/ca\/wp-json\/wp\/v2\/pages"}],"about":[{"href":"https:\/\/www.mgc.es\/ca\/wp-json\/wp\/v2\/types\/page"}],"author":[{"embeddable":true,"href":"https:\/\/www.mgc.es\/ca\/wp-json\/wp\/v2\/users\/1"}],"replies":[{"embeddable":true,"href":"https:\/\/www.mgc.es\/ca\/wp-json\/wp\/v2\/comments?post=9568"}],"version-history":[{"count":7,"href":"https:\/\/www.mgc.es\/ca\/wp-json\/wp\/v2\/pages\/9568\/revisions"}],"predecessor-version":[{"id":29667,"href":"https:\/\/www.mgc.es\/ca\/wp-json\/wp\/v2\/pages\/9568\/revisions\/29667"}],"wp:attachment":[{"href":"https:\/\/www.mgc.es\/ca\/wp-json\/wp\/v2\/media?parent=9568"}],"curies":[{"name":"wp","href":"https:\/\/api.w.org\/{rel}","templated":true}]}}