{"id":9563,"date":"2019-10-08T10:14:21","date_gmt":"2019-10-08T08:14:21","guid":{"rendered":"http:\/\/www.mgc.es\/?page_id=9563"},"modified":"2022-09-05T11:57:21","modified_gmt":"2022-09-05T09:57:21","slug":"avis-legal","status":"publish","type":"page","link":"https:\/\/www.mgc.es\/ca\/avis-legal\/","title":{"rendered":"Av\u00eds legal"},"content":{"rendered":"\n<h3 class=\"wp-block-heading\">Informaci\u00f3 general<\/h3>\n\n\n\n<p> MGC Insurance, M\u00fatua d&#8217;Assegurances i Reassegurances a Prima Fixa (en endavant, MGC M\u00fatua) \u00e9s una entitat asseguradora degudament inscrita amb el n\u00ba M0379 en el Registro Administrativo de Entidades Aseguradoras de la Direcci\u00f3n General de Seguros y Fondos de Pensiones del Ministerio de Econom\u00eda y Hacienda, i inscrita en el Registre Mercantil de Barcelona, Volum 40.161, Foli 128, Full B-34.759, amb domicili a Barcelona, carrer Tuset, n\u00ba 5-11, i NIF n\u00ba V-08846644 (dades de contacte: 900 841 844 &#8211;\u00a0<a href=\"mailto:mgc@mgc.es\" rel=\"nofollow\">mgc@mgc.es<\/a>).<\/p>\n\n\n\n<h3 class=\"wp-block-heading\">Condicions d&#8217;\u00fas<\/h3>\n\n\n\n<p>Mitjan\u00e7ant aquest lloc web, MGC M\u00fatua posa a l&#8217;abast dels usuaris tota la informaci\u00f3 sobre les activitats que realitza i sobre l&#8217;\u00e0mplia oferta de productes i serveis que ofereix. A aquests efectes, MGC M\u00fatua es reserva el dret a efectuar, en qualsevol moment i sense previ av\u00eds, les modificacions que estimi oportunes en la informaci\u00f3 que cont\u00e9, aix\u00ed com en la configuraci\u00f3 o presentaci\u00f3 del mateix.<\/p>\n\n\n\n<p>El disseny del web i els seus codis font, aix\u00ed com els logotips, marques i qualsevol signe distintiu que hi aparegui, pertanyen a MGC M\u00fatua i estan protegits pels corresponents drets de propietat intel\u00b7lectual i industrial.<\/p>\n\n\n\n<p>Aix\u00ed mateix, els continguts del web s\u00f3n propietat exclusiva de MGC M\u00fatua i no poden ser reprodu\u00efts o distribu\u00efts, ni totalment ni parcialment, sense el seu consentiment, comprometent-se l&#8217;usuari a fer un \u00fas correcte dels mateixos, d&#8217;acord amb la normativa vigent, la bona fe i l&#8217;ordre p\u00fablic.<\/p>\n\n\n\n<p>Al mateix temps, l&#8217;usuari es compromet a no utilitzar el web amb finalitats fraudulentes, aix\u00ed com a no realitzar actes amb l&#8217;objectiu d&#8217;impedir, de qualsevol manera, la normal utilitzaci\u00f3 i funcionament del mateix.<\/p>\n\n\n\n<p>Els enlla\u00e7os mitjan\u00e7ant links que apareguin al web, ofereixen a l&#8217;usuari la possibilitat de con\u00e8ixer altres fonts d&#8217;informaci\u00f3 alienes a MGC M\u00fatua, sobre les quals aquesta no ostenta cap tipus de responsabilitat.<\/p>\n\n\n\n<p>Igualment, l&#8217;usuari accepta que MGC M\u00fatua no ser\u00e0 responsable de cap conseq\u00fc\u00e8ncia, dany o perjudici que es derivi de l&#8217;acc\u00e9s al web o de l&#8217;\u00fas de la informaci\u00f3 que cont\u00e9, inclosos els accessos a altres mat\u00e8ries mitjan\u00e7ant les connexions amb aquest website.<\/p>\n\n\n\n<p>MGC M\u00fatua declina qualsevol possible responsabilitat derivada d&#8217;interfer\u00e8ncies, interrupcions, virus inform\u00e0tics, avaries telef\u00f2niques o desconnexions en el funcionament operatiu del sistema electr\u00f2nic, motivades per causes alienes a MGC M\u00fatua.<\/p>\n","protected":false},"excerpt":{"rendered":"<p>Informaci\u00f3 general MGC Insurance, M\u00fatua d&#8217;Assegurances i Reassegurances a Prima Fixa (en endavant, MGC M\u00fatua) \u00e9s una entitat asseguradora degudament inscrita amb el n\u00ba M0379 en el Registro Administrativo de Entidades Aseguradoras de la Direcci\u00f3n General de Seguros y Fondos de Pensiones del Ministerio de Econom\u00eda y Hacienda, i inscrita en el Registre Mercantil de [&hellip;]<\/p>\n","protected":false},"author":1,"featured_media":0,"parent":0,"menu_order":0,"comment_status":"closed","ping_status":"closed","template":"template-files\/page-legal.php","meta":{"footnotes":""},"class_list":["post-9563","page","type-page","status-publish","hentry"],"featured_image_src":null,"yoast_head":"<!-- This site is optimized with the Yoast SEO plugin v27.5 - https:\/\/yoast.com\/product\/yoast-seo-wordpress\/ -->\n<title>Av\u00eds legal - MGC M\u00fatua<\/title>\n<meta name=\"robots\" content=\"index, follow, max-snippet:-1, max-image-preview:large, max-video-preview:-1\" \/>\n<link rel=\"canonical\" href=\"https:\/\/www.mgc.es\/ca\/avis-legal\/\" \/>\n<meta property=\"og:locale\" content=\"ca_ES\" \/>\n<meta property=\"og:type\" content=\"article\" \/>\n<meta property=\"og:title\" content=\"Av\u00eds legal - MGC M\u00fatua\" \/>\n<meta property=\"og:description\" content=\"Informaci\u00f3 general MGC Insurance, M\u00fatua d&#8217;Assegurances i Reassegurances a Prima Fixa (en endavant, MGC M\u00fatua) \u00e9s una entitat asseguradora degudament inscrita amb el n\u00ba M0379 en el Registro Administrativo de Entidades Aseguradoras de la Direcci\u00f3n General de Seguros y Fondos de Pensiones del Ministerio de Econom\u00eda y Hacienda, i inscrita en el Registre Mercantil de [&hellip;]\" \/>\n<meta property=\"og:url\" content=\"https:\/\/www.mgc.es\/ca\/avis-legal\/\" \/>\n<meta property=\"og:site_name\" content=\"MGC M\u00fatua\" \/>\n<meta property=\"article:publisher\" content=\"https:\/\/www.facebook.com\/mgcmutua\" \/>\n<meta property=\"article:modified_time\" content=\"2022-09-05T09:57:21+00:00\" \/>\n<meta name=\"twitter:card\" content=\"summary_large_image\" \/>\n<meta name=\"twitter:site\" content=\"@mgcmutua\" \/>\n<meta name=\"twitter:label1\" content=\"Temps estimat de lectura\" \/>\n\t<meta name=\"twitter:data1\" content=\"2 minuts\" \/>\n<!-- \/ Yoast SEO plugin. -->","yoast_head_json":{"title":"Av\u00eds legal - MGC M\u00fatua","robots":{"index":"index","follow":"follow","max-snippet":"max-snippet:-1","max-image-preview":"max-image-preview:large","max-video-preview":"max-video-preview:-1"},"canonical":"https:\/\/www.mgc.es\/ca\/avis-legal\/","og_locale":"ca_ES","og_type":"article","og_title":"Av\u00eds legal - MGC M\u00fatua","og_description":"Informaci\u00f3 general MGC Insurance, M\u00fatua d&#8217;Assegurances i Reassegurances a Prima Fixa (en endavant, MGC M\u00fatua) \u00e9s una entitat asseguradora degudament inscrita amb el n\u00ba M0379 en el Registro Administrativo de Entidades Aseguradoras de la Direcci\u00f3n General de Seguros y Fondos de Pensiones del Ministerio de Econom\u00eda y Hacienda, i inscrita en el Registre Mercantil de [&hellip;]","og_url":"https:\/\/www.mgc.es\/ca\/avis-legal\/","og_site_name":"MGC M\u00fatua","article_publisher":"https:\/\/www.facebook.com\/mgcmutua","article_modified_time":"2022-09-05T09:57:21+00:00","twitter_card":"summary_large_image","twitter_site":"@mgcmutua","twitter_misc":{"Temps estimat de lectura":"2 minuts"},"schema":{"@context":"https:\/\/schema.org","@graph":[{"@type":"WebPage","@id":"https:\/\/www.mgc.es\/ca\/avis-legal\/","url":"https:\/\/www.mgc.es\/ca\/avis-legal\/","name":"Av\u00eds legal - MGC M\u00fatua","isPartOf":{"@id":"https:\/\/www.mgc.es\/#website"},"datePublished":"2019-10-08T08:14:21+00:00","dateModified":"2022-09-05T09:57:21+00:00","breadcrumb":{"@id":"https:\/\/www.mgc.es\/ca\/avis-legal\/#breadcrumb"},"inLanguage":"ca","potentialAction":[{"@type":"ReadAction","target":["https:\/\/www.mgc.es\/ca\/avis-legal\/"]}]},{"@type":"BreadcrumbList","@id":"https:\/\/www.mgc.es\/ca\/avis-legal\/#breadcrumb","itemListElement":[{"@type":"ListItem","position":1,"name":"Home","item":"https:\/\/www.mgc.es\/ca\/"},{"@type":"ListItem","position":2,"name":"Av\u00eds legal"}]},{"@type":"WebSite","@id":"https:\/\/www.mgc.es\/#website","url":"https:\/\/www.mgc.es\/","name":"MGC M\u00fatua","description":"MGC M\u00fatua \u00e9s una entitat asseguradora sense \u00e0nim de lucre constitu\u00efda al 1982 i especialitzada en assegurances de salut i assist\u00e8ncia.","publisher":{"@id":"https:\/\/www.mgc.es\/#organization"},"alternateName":"MGC","potentialAction":[{"@type":"SearchAction","target":{"@type":"EntryPoint","urlTemplate":"https:\/\/www.mgc.es\/?s={search_term_string}"},"query-input":{"@type":"PropertyValueSpecification","valueRequired":true,"valueName":"search_term_string"}}],"inLanguage":"ca"},{"@type":"Organization","@id":"https:\/\/www.mgc.es\/#organization","name":"MGC Mutua","alternateName":"MGC","url":"https:\/\/www.mgc.es\/","logo":{"@type":"ImageObject","inLanguage":"ca","@id":"https:\/\/www.mgc.es\/#\/schema\/logo\/image\/","url":"https:\/\/www.mgc.es\/wp-content\/uploads\/2020\/03\/mgcmutua_h2_2t_reduccions.png","contentUrl":"https:\/\/www.mgc.es\/wp-content\/uploads\/2020\/03\/mgcmutua_h2_2t_reduccions.png","width":303,"height":165,"caption":"MGC Mutua"},"image":{"@id":"https:\/\/www.mgc.es\/#\/schema\/logo\/image\/"},"sameAs":["https:\/\/www.facebook.com\/mgcmutua","https:\/\/x.com\/mgcmutua","https:\/\/www.youtube.com\/c\/MGCMutua"]}]}},"_links":{"self":[{"href":"https:\/\/www.mgc.es\/ca\/wp-json\/wp\/v2\/pages\/9563","targetHints":{"allow":["GET"]}}],"collection":[{"href":"https:\/\/www.mgc.es\/ca\/wp-json\/wp\/v2\/pages"}],"about":[{"href":"https:\/\/www.mgc.es\/ca\/wp-json\/wp\/v2\/types\/page"}],"author":[{"embeddable":true,"href":"https:\/\/www.mgc.es\/ca\/wp-json\/wp\/v2\/users\/1"}],"replies":[{"embeddable":true,"href":"https:\/\/www.mgc.es\/ca\/wp-json\/wp\/v2\/comments?post=9563"}],"version-history":[{"count":7,"href":"https:\/\/www.mgc.es\/ca\/wp-json\/wp\/v2\/pages\/9563\/revisions"}],"predecessor-version":[{"id":26881,"href":"https:\/\/www.mgc.es\/ca\/wp-json\/wp\/v2\/pages\/9563\/revisions\/26881"}],"wp:attachment":[{"href":"https:\/\/www.mgc.es\/ca\/wp-json\/wp\/v2\/media?parent=9563"}],"curies":[{"name":"wp","href":"https:\/\/api.w.org\/{rel}","templated":true}]}}