{"id":8502,"date":"2019-10-03T10:56:21","date_gmt":"2019-10-03T08:56:21","guid":{"rendered":"http:\/\/www.mgc.es\/?page_id=8502"},"modified":"2022-04-27T11:23:17","modified_gmt":"2022-04-27T09:23:17","slug":"treballa-amb-nosaltres","status":"publish","type":"page","link":"https:\/\/www.mgc.es\/ca\/treballa-amb-nosaltres\/","title":{"rendered":"Treballa amb nosaltres"},"content":{"rendered":"\n<div class=\"bloque-titulo main\">\n\t\t\t<div class=\"background-texture\">\n\t\t\t<img decoding=\"async\" src=\"\/wp-content\/themes\/mgc\/src\/img\/head-bg.png\" alt=\"\">\n\t\t<\/div>\n\t\t\t<div class=\"container\">\n\t\t\t\t\t\t<h1 class=\"title\">Qui som<\/h1>\n\t\t\t\t\t\t\t\t\t<p class=\"subtitle\">Som una entitat asseguradora especialitzada en l&#8217;assist\u00e8ncia sanit\u00e0ria<\/p>\n\t\t\t\t<\/div>\n<\/div>\n\n\n\n\n<div class=\"section-menu\" id=\"modulo-menu-block_5d7f746a8f8e2\">\n\t<div class=\"top-menu\">\n\t\t<div class=\"container\">\n\t\t\t<div class=\"menu-carrier\"><div class=\"menu-menu-quienes-somos-cat-container\"><ul id=\"who_we_are-menu\" class=\"menu\"><li id=\"menu-item-8582\" class=\"menu-item menu-item-type-post_type menu-item-object-page menu-item-8582\"><a href=\"https:\/\/www.mgc.es\/ca\/informacio-corporativa\/\">Qui som<\/a><\/li>\n<li id=\"menu-item-8583\" class=\"menu-item menu-item-type-post_type menu-item-object-page menu-item-8583\"><a href=\"https:\/\/www.mgc.es\/ca\/informes-xifres\/\">Informes i xifres<\/a><\/li>\n<li id=\"menu-item-8585\" class=\"menu-item menu-item-type-post_type menu-item-object-page menu-item-8585\"><a href=\"https:\/\/www.mgc.es\/ca\/organs-de-govern\/\">\u00d2rgans de govern<\/a><\/li>\n<li id=\"menu-item-8580\" class=\"menu-item menu-item-type-post_type menu-item-object-page menu-item-8580\"><a href=\"https:\/\/www.mgc.es\/ca\/cultura-corporativa\/\">Cultura corporativa<\/a><\/li>\n<li id=\"menu-item-8584\" class=\"menu-item menu-item-type-post_type menu-item-object-page menu-item-8584\"><a href=\"https:\/\/www.mgc.es\/ca\/les-nostres-oficines\/\">Les nostres oficines<\/a><\/li>\n<li id=\"menu-item-13233\" class=\"menu-item menu-item-type-post_type menu-item-object-page menu-item-13233\"><a href=\"https:\/\/www.mgc.es\/ca\/treballa-amb-nosaltres\/\">Treballa amb nosaltres<\/a><\/li>\n<li id=\"menu-item-24632\" class=\"menu-item menu-item-type-post_type menu-item-object-page menu-item-24632\"><a href=\"https:\/\/www.mgc.es\/ca\/faqs\/\">FAQs<\/a><\/li>\n<\/ul><\/div><\/div>\t\t<\/div>\n\t<\/div>\n<\/div>\n\n\n\n<div id=\"destacado-video-detacado-video-block_62690ad8958b9\" class=\"video-featured\">\n\t<div class=\"embed-video\">\n\t\t<div style=\"padding:56.25% 0 0 0;position:relative;\">\n\t\t\t<iframe id=\"bannerBackground\" src=\"https:\/\/player.vimeo.com\/video\/703608365?background=1&#038;autoplay=1&#038;loop=1\" style=\"position:absolute;top:0;left:0;width:100%;height:100%;\" frameborder=\"0\" allow=\"autoplay; fullscreen\" allowfullscreen loading=\"eager\"><\/iframe>\n\t\t<\/div>\n\t\t\n\t<\/div>\n\t<div class=\"play-container\">\n\t\t<div class=\"play-button-carrier\">\n\t\t\t<a href=\"#\" rel=\"nofollow\" class=\"play-btn modal-trigger\" data-toggle=\"modal\" data-target=\"#videoModal_banner\"><span class=\"play-icon\"><\/span><\/a>\n\t\t<\/div>\n\t<\/div>\n<\/div>\n\n\n<div id=\"videoModal_banner\" class=\"modal fade video-modal\" role=\"dialog\">\n\t<div class=\"modal-dialog\">\n\t\t<div class=\"modal-content\">\n\t\t\t<div class=\"modalCloseButtonContainer\" >\n\t\t\t\t<a href=\"#\" rel=\"nofollow\" class=\"btn-modal-close\" data-dismiss=\"modal\"><i class=\"icon-no\"><\/i><\/a>\n\t\t\t<\/div>\n\t\t\t<div class=\"modalContent\">\n\t\t\t\t<div style=\"padding:56.25% 0 0 0;position:relative;\">\n\t\t\t\t\t<iframe id=\"promotionVideo_banner\" src=\"https:\/\/player.vimeo.com\/video\/703608365?color=006072&#038;title=0&#038;byline=0&#038;portrait=0\" style=\"position:absolute;top:0;left:0;width:100%;height:100%;\" frameborder=\"0\" allow=\"autoplay; fullscreen\" allowfullscreen loading=\"eager\"><\/iframe>\n\t\t\t\t<\/div>\n\n\t\t\t<\/div>\n\t\t<\/div>\n\t<\/div>\n<\/div>\n\n\n\n<div class=\"text-featured-lateral left\" id=\"destacado-text-izquierda-destacado-text-izquierda-block_5d723088f58f7\">\n\t<div class=\"container\">\n\t\t<div class=\"row info-row\">\n\t\t\t<div class=\"col-md-13 offset-md-9\">\n\t\t\t\t<div class=\"image-carrier\">\n\t\t\t\t\t\t\t\t\t\t<picture class=\"picture\">\n\t\t\t\t\t\t<source srcset=\"https:\/\/www.mgc.es\/wp-content\/uploads\/2019\/11\/01_Business.jpg\" media=\"(max-width: 450px)\">\n\t\t\t\t\t\t<img decoding=\"async\" src=\"https:\/\/www.mgc.es\/wp-content\/uploads\/2019\/11\/01_Business.jpg\" alt=\"\" >\n\t\t\t\t\t<\/picture>\n\t\t\t\t<\/div>\n\t\t\t<\/div>\n\t\t\t<div class=\"col-md-11 offset-md-1 info-col\">\n\t\t\t\t<div class=\"info-block\">\n\t\t\t\t\t<h2 class=\"title\">Treballa amb nosaltres<\/h2>\n\t\t\t\t\t<div class=\"content\">\n\t\t\t\t\t\t<p>La nostra voluntat es que la M\u00fatua sigui <strong>coneguda i reconeguda per fer les coses b\u00e9<\/strong>, per\u00f2 sobretot per estar implicada amb la societat d&#8217;una forma solid\u00e0ria, amb mutualistes satisfets i orgullosos de formar-ne part, i amb treballadors entusiastes de poder executar aquesta tasca donant un valor addicional a la seva feina i oferint el millor d&#8217;ells mateixos amb passi\u00f3.<\/p>\n\t\t\t\t\t<\/div>\n\t\t\t\t<\/div>\n\t\t\t<\/div>\n\t\t<\/div>\n\t<\/div>\n<\/div>\n\n\n\n\n<div id=\"listado-ofertas-listado-ofertas-block_5d722c37ad290\" class=\"offers-list\">\n\t<div class=\"container\">\n\t\t<div class=\"row\">\n\t\t\t<div class=\"col-md-20 offset-md-2\">\n\t\t\t\t<div class=\"content\">\n\n\t\t\t\t\t\t\t\t\t\t<div class=\"row item d-none d-md-flex\">\n\t\t\t\t\t\t<div class=\"col-md-11\">\n\t\t\t\t\t\t\t<div class=\"title-block\">\n\t\t\t\t\t\t\t\t<h5 class=\"title\">Assessor\/a comercial Igualada<\/h5>\n\t\t\t\t\t\t\t<\/div>\n\t\t\t\t\t\t<\/div>\n\t\t\t\t\t\t<div class=\"col-md-4\">\n\t\t\t\t\t\t\t<div class=\"location-block\">\n\t\t\t\t\t\t\t\t<i class=\"icon-poi\"><\/i><p>Igualada<\/p>\n\t\t\t\t\t\t\t<\/div>\n\t\t\t\t\t\t<\/div>\n\t\t\t\t\t\t<div class=\"col-md-4\">\n\t\t\t\t\t\t\t<div class=\"date-block\">\n\t\t\t\t\t\t\t\t<i class=\"icon-calendario\"><\/i><p>04\/10\/2022<\/p>\n\t\t\t\t\t\t\t<\/div>\n\t\t\t\t\t\t<\/div>\n\t\t\t\t\t\t<div class=\"col-md-5\">\n\t\t\t\t\t\t\t<div class=\"btn-carrier\">\n\t\t\t\t\t\t\t\t<a href=\"https:\/\/www.mgc.es\/ca\/offers\/assessor-a-comercial-igualada\/\" class=\"cell-button white\">Veure oferta<\/a>\n\t\t\t\t\t\t\t<\/div>\n\t\t\t\t\t\t<\/div>\n\t\t\t\t\t<\/div>\n\n\n\t\t\t\t\t<div class=\"item-m d-flex d-md-none\">\n\t\t\t\t\t\t<div class=\"info-block\">\n\t\t\t\t\t\t\t<h5 class=\"title\">Assessor\/a comercial Igualada<\/h5>\n\t\t\t\t\t\t\t<p class=\"sub-info\">Igualada \u00b7 04\/10\/2022<\/p>\n\t\t\t\t\t\t<\/div>\n\t\t\t\t\t\t<i class=\"icon-link\"><\/i>\n\t\t\t\t\t\t<a href=\"https:\/\/www.mgc.es\/ca\/offers\/assessor-a-comercial-igualada\/\" class=\"cover-button\"><\/a>\n\t\t\t\t\t<\/div>\n\t\t\t\t\t\t\t\t\t\t<div class=\"row item d-none d-md-flex\">\n\t\t\t\t\t\t<div class=\"col-md-11\">\n\t\t\t\t\t\t\t<div class=\"title-block\">\n\t\t\t\t\t\t\t\t<h5 class=\"title\">Assessor\/a comercial Sant Cugat<\/h5>\n\t\t\t\t\t\t\t<\/div>\n\t\t\t\t\t\t<\/div>\n\t\t\t\t\t\t<div class=\"col-md-4\">\n\t\t\t\t\t\t\t<div class=\"location-block\">\n\t\t\t\t\t\t\t\t<i class=\"icon-poi\"><\/i><p>Sant Cugat<\/p>\n\t\t\t\t\t\t\t<\/div>\n\t\t\t\t\t\t<\/div>\n\t\t\t\t\t\t<div class=\"col-md-4\">\n\t\t\t\t\t\t\t<div class=\"date-block\">\n\t\t\t\t\t\t\t\t<i class=\"icon-calendario\"><\/i><p>13\/06\/2022<\/p>\n\t\t\t\t\t\t\t<\/div>\n\t\t\t\t\t\t<\/div>\n\t\t\t\t\t\t<div class=\"col-md-5\">\n\t\t\t\t\t\t\t<div class=\"btn-carrier\">\n\t\t\t\t\t\t\t\t<a href=\"https:\/\/www.mgc.es\/ca\/offers\/assessor-a-comercial-sant-cugat\/\" class=\"cell-button white\">Veure oferta<\/a>\n\t\t\t\t\t\t\t<\/div>\n\t\t\t\t\t\t<\/div>\n\t\t\t\t\t<\/div>\n\n\n\t\t\t\t\t<div class=\"item-m d-flex d-md-none\">\n\t\t\t\t\t\t<div class=\"info-block\">\n\t\t\t\t\t\t\t<h5 class=\"title\">Assessor\/a comercial Sant Cugat<\/h5>\n\t\t\t\t\t\t\t<p class=\"sub-info\">Sant Cugat \u00b7 13\/06\/2022<\/p>\n\t\t\t\t\t\t<\/div>\n\t\t\t\t\t\t<i class=\"icon-link\"><\/i>\n\t\t\t\t\t\t<a href=\"https:\/\/www.mgc.es\/ca\/offers\/assessor-a-comercial-sant-cugat\/\" class=\"cover-button\"><\/a>\n\t\t\t\t\t<\/div>\n\t\t\t\t\t\t\t\t\t\t<div class=\"row item d-none d-md-flex\">\n\t\t\t\t\t\t<div class=\"col-md-11\">\n\t\t\t\t\t\t\t<div class=\"title-block\">\n\t\t\t\t\t\t\t\t<h5 class=\"title\">Assessor\/a comercial Tarragona<\/h5>\n\t\t\t\t\t\t\t<\/div>\n\t\t\t\t\t\t<\/div>\n\t\t\t\t\t\t<div class=\"col-md-4\">\n\t\t\t\t\t\t\t<div class=\"location-block\">\n\t\t\t\t\t\t\t\t<i class=\"icon-poi\"><\/i><p>Tarragona<\/p>\n\t\t\t\t\t\t\t<\/div>\n\t\t\t\t\t\t<\/div>\n\t\t\t\t\t\t<div class=\"col-md-4\">\n\t\t\t\t\t\t\t<div class=\"date-block\">\n\t\t\t\t\t\t\t\t<i class=\"icon-calendario\"><\/i><p>17\/04\/2022<\/p>\n\t\t\t\t\t\t\t<\/div>\n\t\t\t\t\t\t<\/div>\n\t\t\t\t\t\t<div class=\"col-md-5\">\n\t\t\t\t\t\t\t<div class=\"btn-carrier\">\n\t\t\t\t\t\t\t\t<a href=\"https:\/\/www.mgc.es\/ca\/offers\/assessor-a-comercial-tarragona\/\" class=\"cell-button white\">Veure oferta<\/a>\n\t\t\t\t\t\t\t<\/div>\n\t\t\t\t\t\t<\/div>\n\t\t\t\t\t<\/div>\n\n\n\t\t\t\t\t<div class=\"item-m d-flex d-md-none\">\n\t\t\t\t\t\t<div class=\"info-block\">\n\t\t\t\t\t\t\t<h5 class=\"title\">Assessor\/a comercial Tarragona<\/h5>\n\t\t\t\t\t\t\t<p class=\"sub-info\">Tarragona \u00b7 17\/04\/2022<\/p>\n\t\t\t\t\t\t<\/div>\n\t\t\t\t\t\t<i class=\"icon-link\"><\/i>\n\t\t\t\t\t\t<a href=\"https:\/\/www.mgc.es\/ca\/offers\/assessor-a-comercial-tarragona\/\" class=\"cover-button\"><\/a>\n\t\t\t\t\t<\/div>\n\t\t\t\t\t\t\t\t\t\t<div class=\"row item d-none d-md-flex\">\n\t\t\t\t\t\t<div class=\"col-md-11\">\n\t\t\t\t\t\t\t<div class=\"title-block\">\n\t\t\t\t\t\t\t\t<h5 class=\"title\">Director\/a oficina El Vendrell<\/h5>\n\t\t\t\t\t\t\t<\/div>\n\t\t\t\t\t\t<\/div>\n\t\t\t\t\t\t<div class=\"col-md-4\">\n\t\t\t\t\t\t\t<div class=\"location-block\">\n\t\t\t\t\t\t\t\t<i class=\"icon-poi\"><\/i><p>El Vendrell<\/p>\n\t\t\t\t\t\t\t<\/div>\n\t\t\t\t\t\t<\/div>\n\t\t\t\t\t\t<div class=\"col-md-4\">\n\t\t\t\t\t\t\t<div class=\"date-block\">\n\t\t\t\t\t\t\t\t<i class=\"icon-calendario\"><\/i><p>02\/11\/2021<\/p>\n\t\t\t\t\t\t\t<\/div>\n\t\t\t\t\t\t<\/div>\n\t\t\t\t\t\t<div class=\"col-md-5\">\n\t\t\t\t\t\t\t<div class=\"btn-carrier\">\n\t\t\t\t\t\t\t\t<a href=\"https:\/\/www.mgc.es\/ca\/offers\/director-a-oficina-el-vendrell\/\" class=\"cell-button white\">Veure oferta<\/a>\n\t\t\t\t\t\t\t<\/div>\n\t\t\t\t\t\t<\/div>\n\t\t\t\t\t<\/div>\n\n\n\t\t\t\t\t<div class=\"item-m d-flex d-md-none\">\n\t\t\t\t\t\t<div class=\"info-block\">\n\t\t\t\t\t\t\t<h5 class=\"title\">Director\/a oficina El Vendrell<\/h5>\n\t\t\t\t\t\t\t<p class=\"sub-info\">El Vendrell \u00b7 02\/11\/2021<\/p>\n\t\t\t\t\t\t<\/div>\n\t\t\t\t\t\t<i class=\"icon-link\"><\/i>\n\t\t\t\t\t\t<a href=\"https:\/\/www.mgc.es\/ca\/offers\/director-a-oficina-el-vendrell\/\" class=\"cover-button\"><\/a>\n\t\t\t\t\t<\/div>\n\t\t\t\t\t\t\t\t\t\t<div class=\"row item d-none d-md-flex\">\n\t\t\t\t\t\t<div class=\"col-md-11\">\n\t\t\t\t\t\t\t<div class=\"title-block\">\n\t\t\t\t\t\t\t\t<h5 class=\"title\">Assessor\/a comercial Lleida<\/h5>\n\t\t\t\t\t\t\t<\/div>\n\t\t\t\t\t\t<\/div>\n\t\t\t\t\t\t<div class=\"col-md-4\">\n\t\t\t\t\t\t\t<div class=\"location-block\">\n\t\t\t\t\t\t\t\t<i class=\"icon-poi\"><\/i><p>Lleida<\/p>\n\t\t\t\t\t\t\t<\/div>\n\t\t\t\t\t\t<\/div>\n\t\t\t\t\t\t<div class=\"col-md-4\">\n\t\t\t\t\t\t\t<div class=\"date-block\">\n\t\t\t\t\t\t\t\t<i class=\"icon-calendario\"><\/i><p>25\/10\/2021<\/p>\n\t\t\t\t\t\t\t<\/div>\n\t\t\t\t\t\t<\/div>\n\t\t\t\t\t\t<div class=\"col-md-5\">\n\t\t\t\t\t\t\t<div class=\"btn-carrier\">\n\t\t\t\t\t\t\t\t<a href=\"https:\/\/www.mgc.es\/ca\/offers\/assessor-a-comercial-lleida\/\" class=\"cell-button white\">Veure oferta<\/a>\n\t\t\t\t\t\t\t<\/div>\n\t\t\t\t\t\t<\/div>\n\t\t\t\t\t<\/div>\n\n\n\t\t\t\t\t<div class=\"item-m d-flex d-md-none\">\n\t\t\t\t\t\t<div class=\"info-block\">\n\t\t\t\t\t\t\t<h5 class=\"title\">Assessor\/a comercial Lleida<\/h5>\n\t\t\t\t\t\t\t<p class=\"sub-info\">Lleida \u00b7 25\/10\/2021<\/p>\n\t\t\t\t\t\t<\/div>\n\t\t\t\t\t\t<i class=\"icon-link\"><\/i>\n\t\t\t\t\t\t<a href=\"https:\/\/www.mgc.es\/ca\/offers\/assessor-a-comercial-lleida\/\" class=\"cover-button\"><\/a>\n\t\t\t\t\t<\/div>\n\t\t\t\t\t\t\t\t\t\t<div class=\"row item d-none d-md-flex\">\n\t\t\t\t\t\t<div class=\"col-md-11\">\n\t\t\t\t\t\t\t<div class=\"title-block\">\n\t\t\t\t\t\t\t\t<h5 class=\"title\">Assessor\/a comercial Reus<\/h5>\n\t\t\t\t\t\t\t<\/div>\n\t\t\t\t\t\t<\/div>\n\t\t\t\t\t\t<div class=\"col-md-4\">\n\t\t\t\t\t\t\t<div class=\"location-block\">\n\t\t\t\t\t\t\t\t<i class=\"icon-poi\"><\/i><p>Reus<\/p>\n\t\t\t\t\t\t\t<\/div>\n\t\t\t\t\t\t<\/div>\n\t\t\t\t\t\t<div class=\"col-md-4\">\n\t\t\t\t\t\t\t<div class=\"date-block\">\n\t\t\t\t\t\t\t\t<i class=\"icon-calendario\"><\/i><p>11\/05\/2021<\/p>\n\t\t\t\t\t\t\t<\/div>\n\t\t\t\t\t\t<\/div>\n\t\t\t\t\t\t<div class=\"col-md-5\">\n\t\t\t\t\t\t\t<div class=\"btn-carrier\">\n\t\t\t\t\t\t\t\t<a href=\"https:\/\/www.mgc.es\/ca\/offers\/assessor-a-comercial-reus\/\" class=\"cell-button white\">Veure oferta<\/a>\n\t\t\t\t\t\t\t<\/div>\n\t\t\t\t\t\t<\/div>\n\t\t\t\t\t<\/div>\n\n\n\t\t\t\t\t<div class=\"item-m d-flex d-md-none\">\n\t\t\t\t\t\t<div class=\"info-block\">\n\t\t\t\t\t\t\t<h5 class=\"title\">Assessor\/a comercial Reus<\/h5>\n\t\t\t\t\t\t\t<p class=\"sub-info\">Reus \u00b7 11\/05\/2021<\/p>\n\t\t\t\t\t\t<\/div>\n\t\t\t\t\t\t<i class=\"icon-link\"><\/i>\n\t\t\t\t\t\t<a href=\"https:\/\/www.mgc.es\/ca\/offers\/assessor-a-comercial-reus\/\" class=\"cover-button\"><\/a>\n\t\t\t\t\t<\/div>\n\t\t\t\t\t\t\t\t\t<\/div>\n\t\t\t<\/div>\n\t\t<\/div>\n\t<\/div>\n<\/div>\n\n\n\n<p><\/p>\n","protected":false},"excerpt":{"rendered":"","protected":false},"author":1,"featured_media":0,"parent":0,"menu_order":0,"comment_status":"closed","ping_status":"closed","template":"","meta":{"footnotes":""},"class_list":["post-8502","page","type-page","status-publish","hentry"],"featured_image_src":null,"yoast_head":"<!-- This site is optimized with the Yoast SEO plugin v27.2 - https:\/\/yoast.com\/product\/yoast-seo-wordpress\/ -->\n<title>Treballa amb nosaltres - MGC M\u00fatua<\/title>\n<meta name=\"robots\" content=\"index, follow, max-snippet:-1, max-image-preview:large, max-video-preview:-1\" \/>\n<link rel=\"canonical\" href=\"https:\/\/www.mgc.es\/ca\/treballa-amb-nosaltres\/\" \/>\n<meta property=\"og:locale\" content=\"ca_ES\" \/>\n<meta property=\"og:type\" content=\"article\" \/>\n<meta property=\"og:title\" content=\"Treballa amb nosaltres - MGC M\u00fatua\" \/>\n<meta property=\"og:url\" content=\"https:\/\/www.mgc.es\/ca\/treballa-amb-nosaltres\/\" \/>\n<meta property=\"og:site_name\" content=\"MGC M\u00fatua\" \/>\n<meta property=\"article:publisher\" content=\"https:\/\/www.facebook.com\/mgcmutua\" \/>\n<meta property=\"article:modified_time\" content=\"2022-04-27T09:23:17+00:00\" \/>\n<meta name=\"twitter:card\" content=\"summary_large_image\" \/>\n<meta name=\"twitter:site\" content=\"@mgcmutua\" \/>\n<!-- \/ Yoast SEO plugin. -->","yoast_head_json":{"title":"Treballa amb nosaltres - MGC M\u00fatua","robots":{"index":"index","follow":"follow","max-snippet":"max-snippet:-1","max-image-preview":"max-image-preview:large","max-video-preview":"max-video-preview:-1"},"canonical":"https:\/\/www.mgc.es\/ca\/treballa-amb-nosaltres\/","og_locale":"ca_ES","og_type":"article","og_title":"Treballa amb nosaltres - MGC M\u00fatua","og_url":"https:\/\/www.mgc.es\/ca\/treballa-amb-nosaltres\/","og_site_name":"MGC M\u00fatua","article_publisher":"https:\/\/www.facebook.com\/mgcmutua","article_modified_time":"2022-04-27T09:23:17+00:00","twitter_card":"summary_large_image","twitter_site":"@mgcmutua","schema":{"@context":"https:\/\/schema.org","@graph":[{"@type":"WebPage","@id":"https:\/\/www.mgc.es\/ca\/treballa-amb-nosaltres\/","url":"https:\/\/www.mgc.es\/ca\/treballa-amb-nosaltres\/","name":"Treballa amb nosaltres - MGC M\u00fatua","isPartOf":{"@id":"https:\/\/www.mgc.es\/#website"},"datePublished":"2019-10-03T08:56:21+00:00","dateModified":"2022-04-27T09:23:17+00:00","breadcrumb":{"@id":"https:\/\/www.mgc.es\/ca\/treballa-amb-nosaltres\/#breadcrumb"},"inLanguage":"ca","potentialAction":[{"@type":"ReadAction","target":["https:\/\/www.mgc.es\/ca\/treballa-amb-nosaltres\/"]}]},{"@type":"BreadcrumbList","@id":"https:\/\/www.mgc.es\/ca\/treballa-amb-nosaltres\/#breadcrumb","itemListElement":[{"@type":"ListItem","position":1,"name":"Home","item":"https:\/\/www.mgc.es\/ca\/"},{"@type":"ListItem","position":2,"name":"Treballa amb nosaltres"}]},{"@type":"WebSite","@id":"https:\/\/www.mgc.es\/#website","url":"https:\/\/www.mgc.es\/","name":"MGC M\u00fatua","description":"MGC M\u00fatua \u00e9s una entitat asseguradora sense \u00e0nim de lucre constitu\u00efda al 1982 i especialitzada en assegurances de salut i assist\u00e8ncia.","publisher":{"@id":"https:\/\/www.mgc.es\/#organization"},"alternateName":"MGC","potentialAction":[{"@type":"SearchAction","target":{"@type":"EntryPoint","urlTemplate":"https:\/\/www.mgc.es\/?s={search_term_string}"},"query-input":{"@type":"PropertyValueSpecification","valueRequired":true,"valueName":"search_term_string"}}],"inLanguage":"ca"},{"@type":"Organization","@id":"https:\/\/www.mgc.es\/#organization","name":"MGC Mutua","alternateName":"MGC","url":"https:\/\/www.mgc.es\/","logo":{"@type":"ImageObject","inLanguage":"ca","@id":"https:\/\/www.mgc.es\/#\/schema\/logo\/image\/","url":"https:\/\/www.mgc.es\/wp-content\/uploads\/2020\/03\/mgcmutua_h2_2t_reduccions.png","contentUrl":"https:\/\/www.mgc.es\/wp-content\/uploads\/2020\/03\/mgcmutua_h2_2t_reduccions.png","width":303,"height":165,"caption":"MGC Mutua"},"image":{"@id":"https:\/\/www.mgc.es\/#\/schema\/logo\/image\/"},"sameAs":["https:\/\/www.facebook.com\/mgcmutua","https:\/\/x.com\/mgcmutua","https:\/\/www.youtube.com\/c\/MGCMutua"]}]}},"_links":{"self":[{"href":"https:\/\/www.mgc.es\/ca\/wp-json\/wp\/v2\/pages\/8502","targetHints":{"allow":["GET"]}}],"collection":[{"href":"https:\/\/www.mgc.es\/ca\/wp-json\/wp\/v2\/pages"}],"about":[{"href":"https:\/\/www.mgc.es\/ca\/wp-json\/wp\/v2\/types\/page"}],"author":[{"embeddable":true,"href":"https:\/\/www.mgc.es\/ca\/wp-json\/wp\/v2\/users\/1"}],"replies":[{"embeddable":true,"href":"https:\/\/www.mgc.es\/ca\/wp-json\/wp\/v2\/comments?post=8502"}],"version-history":[{"count":16,"href":"https:\/\/www.mgc.es\/ca\/wp-json\/wp\/v2\/pages\/8502\/revisions"}],"predecessor-version":[{"id":27794,"href":"https:\/\/www.mgc.es\/ca\/wp-json\/wp\/v2\/pages\/8502\/revisions\/27794"}],"wp:attachment":[{"href":"https:\/\/www.mgc.es\/ca\/wp-json\/wp\/v2\/media?parent=8502"}],"curies":[{"name":"wp","href":"https:\/\/api.w.org\/{rel}","templated":true}]}}