{"id":8478,"date":"2019-10-03T10:43:07","date_gmt":"2019-10-03T08:43:07","guid":{"rendered":"http:\/\/www.mgc.es\/?page_id=8478"},"modified":"2024-09-25T12:50:15","modified_gmt":"2024-09-25T10:50:15","slug":"organs-de-govern","status":"publish","type":"page","link":"https:\/\/www.mgc.es\/ca\/organs-de-govern\/","title":{"rendered":"\u00d2rgans de govern"},"content":{"rendered":"\n<div class=\"bloque-titulo main\">\n\t\t\t<div class=\"background-texture\">\n\t\t\t<img decoding=\"async\" src=\"\/wp-content\/themes\/mgc\/src\/img\/head-bg.png\" alt=\"\">\n\t\t<\/div>\n\t\t\t<div class=\"container\">\n\t\t\t\t\t\t<h1 class=\"title\">Qui som<\/h1>\n\t\t\t\t\t\t\t\t\t<p class=\"subtitle\">Som una entitat asseguradora especialitzada en assist\u00e8ncia sanit\u00e0ria<\/p>\n\t\t\t\t<\/div>\n<\/div>\n\n\n\n\n<div class=\"section-menu\" id=\"modulo-menu-block_5d7f74557b5fd\">\n\t<div class=\"top-menu\">\n\t\t<div class=\"container\">\n\t\t\t<div class=\"menu-carrier\"><div class=\"menu-menu-quienes-somos-cat-container\"><ul id=\"who_we_are-menu\" class=\"menu\"><li id=\"menu-item-8582\" class=\"menu-item menu-item-type-post_type menu-item-object-page menu-item-8582\"><a href=\"https:\/\/www.mgc.es\/ca\/informacio-corporativa\/\">Qui som<\/a><\/li>\n<li id=\"menu-item-8583\" class=\"menu-item menu-item-type-post_type menu-item-object-page menu-item-8583\"><a href=\"https:\/\/www.mgc.es\/ca\/informes-xifres\/\">Informes i xifres<\/a><\/li>\n<li id=\"menu-item-8585\" class=\"menu-item menu-item-type-post_type menu-item-object-page menu-item-8585\"><a href=\"https:\/\/www.mgc.es\/ca\/organs-de-govern\/\">\u00d2rgans de govern<\/a><\/li>\n<li id=\"menu-item-8580\" class=\"menu-item menu-item-type-post_type menu-item-object-page menu-item-8580\"><a href=\"https:\/\/www.mgc.es\/ca\/cultura-corporativa\/\">Cultura corporativa<\/a><\/li>\n<li id=\"menu-item-8584\" class=\"menu-item menu-item-type-post_type menu-item-object-page menu-item-8584\"><a href=\"https:\/\/www.mgc.es\/ca\/les-nostres-oficines\/\">Les nostres oficines<\/a><\/li>\n<li id=\"menu-item-13233\" class=\"menu-item menu-item-type-post_type menu-item-object-page menu-item-13233\"><a href=\"https:\/\/www.mgc.es\/ca\/treballa-amb-nosaltres\/\">Treballa amb nosaltres<\/a><\/li>\n<li id=\"menu-item-24632\" class=\"menu-item menu-item-type-post_type menu-item-object-page menu-item-24632\"><a href=\"https:\/\/www.mgc.es\/ca\/faqs\/\">FAQs<\/a><\/li>\n<\/ul><\/div><\/div>\t\t<\/div>\n\t<\/div>\n<\/div>\n\n\n\n<div class=\"bloque-titulo section\">\n\t\t<div class=\"container\">\n\t\t\t\t\t<h2 class=\"title\">\u00d2rgans de govern<\/h2>\n\t\t\t\t<\/div>\n<\/div>\n\n\n\n<div class=\"text-featured-4\" id=\"destacado-text-4-destacado-text-4-block_5d79fd17c59c9\">\n\t<div class=\"container\">\n\t\t<div class=\"row info-row\">\n\t\t\t<div class=\"col-md-14 offset-md-1\">\n\t\t\t\t<div class=\"image-carrier\">\n\t\t\t\t\t\t\t\t\t\t<picture class=\"picture\">\n\t\t\t\t\t\t<source srcset=\"https:\/\/www.mgc.es\/wp-content\/uploads\/2019\/11\/03_organs_govern.jpg\" media=\"(max-width: 450px)\">\n\t\t\t\t\t\t<img decoding=\"async\" src=\"https:\/\/www.mgc.es\/wp-content\/uploads\/2019\/11\/03_organs_govern.jpg\" alt=\"\" >\n\t\t\t\t\t<\/picture>\n\t\t\t\t<\/div>\n\t\t\t<\/div>\n\t\t\t<div class=\"col-md-11 offset-md-13 info-col\">\n\t\t\t\t<div class=\"info-block\">\n\t\t\t\t\t<h4>Assemblea General<\/h4>\n<p>Est\u00e0 constitu\u00efda pel conjunt de mutualistes, tots els quals poden assistir-hi, d&#8217;acord amb les disposicions estatut\u00e0ries.<\/p>\n<h4>Consell d&#8217;Administraci\u00f3<\/h4>\n<p>El Consell d&#8217;Administraci\u00f3 constitueix l\u2019\u00f2rgan de govern immediat de la M\u00fatua. Els seus c\u00e0rrecs corresponen a persones f\u00edsiques de reconeguda honorabilitat i amb les condicions necess\u00e0ries de qualificaci\u00f3 i experi\u00e8ncia professional. Les persones jur\u00eddiques tamb\u00e9 podran ocupar c\u00e0rrecs al Consell d&#8217;Administraci\u00f3, designant, per tal que les representi, una persona f\u00edsica que reuneixi els requisits abans esmentats.<\/p>\n\t\t\t\t<\/div>\n\t\t\t<\/div>\n\t\t<\/div>\n\t<\/div>\n<\/div>\n\n\n\n<div id=\"modulo-directiva-modulo-directiva-block_5d7a0042c59ca\" class=\"directive-module\">\n\t<div class=\"container\">\n\t\t<div class=\"row\">\n\t\t\t\t\t\t<div class=\"col-md-12\">\n\t\t\t\t<div class=\"directive\">\n\t\t\t\t\t<h3 class=\"person-role\">President Honor\u00edfic<\/h3>\n\t\t\t\t\t<div class=\"divider\"><\/div>\n\t\t\t\t\t<div class=\"person-card\">\n\t\t\t\t\t\t<div class=\"img-carrier\">\n\t\t\t\t\t\t\t<img decoding=\"async\" src=\"https:\/\/www.mgc.es\/wp-content\/uploads\/2019\/11\/president_dr_vicenc.jpg\" alt=\"\">\n\t\t\t\t\t\t<\/div>\n\t\t\t\t\t\t<div class=\"personal-info\">\n\t\t\t\t\t\t\t<div class=\"info-carrier\">\n\t\t\t\t\t\t\t\t<h4>Dr. Bartomeu Vicens Sagrera<\/h4>\n\t\t\t\t\t\t\t\t<p><\/p>\n\t\t\t\t\t\t\t<\/div>\n\t\t\t\t\t\t<\/div>\n\t\t\t\t\t<\/div>\n\t\t\t\t<\/div>\n\t\t\t<\/div>\n\t\t\t\t\t\t<div class=\"col-md-12\">\n\t\t\t\t<div class=\"directive\">\n\t\t\t\t\t<h3 class=\"person-role\">President<\/h3>\n\t\t\t\t\t<div class=\"divider\"><\/div>\n\t\t\t\t\t<div class=\"person-card\">\n\t\t\t\t\t\t<div class=\"img-carrier\">\n\t\t\t\t\t\t\t<img decoding=\"async\" src=\"https:\/\/www.mgc.es\/wp-content\/uploads\/2023\/01\/DR-2019-1-e1677069697181.jpg\" alt=\"Vicepresidente\">\n\t\t\t\t\t\t<\/div>\n\t\t\t\t\t\t<div class=\"personal-info\">\n\t\t\t\t\t\t\t<div class=\"info-carrier\">\n\t\t\t\t\t\t\t\t<h4>Sr. Daniel Redondo Garc\u00eda<\/h4>\n\t\t\t\t\t\t\t\t<p><\/p>\n\t\t\t\t\t\t\t<\/div>\n\t\t\t\t\t\t<\/div>\n\t\t\t\t\t<\/div>\n\t\t\t\t<\/div>\n\t\t\t<\/div>\n\t\t\t\t\t\t<div class=\"col-md-12\">\n\t\t\t\t<div class=\"directive\">\n\t\t\t\t\t<h3 class=\"person-role\">Vicepresident<\/h3>\n\t\t\t\t\t<div class=\"divider\"><\/div>\n\t\t\t\t\t<div class=\"person-card\">\n\t\t\t\t\t\t<div class=\"img-carrier\">\n\t\t\t\t\t\t\t<img decoding=\"async\" src=\"https:\/\/www.mgc.es\/wp-content\/uploads\/2024\/01\/lluis-morillas.jpg\" alt=\"\">\n\t\t\t\t\t\t<\/div>\n\t\t\t\t\t\t<div class=\"personal-info\">\n\t\t\t\t\t\t\t<div class=\"info-carrier\">\n\t\t\t\t\t\t\t\t<h4>Sr. Llu\u00eds Morillas Mateu<\/h4>\n\t\t\t\t\t\t\t\t<p><\/p>\n\t\t\t\t\t\t\t<\/div>\n\t\t\t\t\t\t<\/div>\n\t\t\t\t\t<\/div>\n\t\t\t\t<\/div>\n\t\t\t<\/div>\n\t\t\t\t\t<\/div>\n\t<\/div>\n<\/div>\n\n\n\n\n<div id=\"listado-cargos-listado-cargos-block_5d7a00a3c59cd\" class=\"roles-list\">\n\t<div class=\"container\">\n\t\t<div class=\"row\">\n\t\t\t<div class=\"col-md-20 offset-md-2\">\n\t\t\t\t<div class=\"content\">\n\t\t\t\t\t<div class=\"title-row\">\n\t\t\t\t\t\t<h3 class=\"title\">Vocals<\/h3>\n\t\t\t\t\t<\/div>\n\t\t\t\t\t\t\t\t\t\t\t\t\t<div class=\"row people-content\">\n\t\t\t\t\t\t\t\t\t\t\t\t<div class=\"col-md-12\">\n\t\t\t\t\t\t\t<div class=\"person\">\n\t\t\t\t\t\t\t\t<h4>Sr. Joan Guitart Agell <\/h4>\n\t\t\t\t\t\t\t\t<p><\/p>\n\t\t\t\t\t\t\t<\/div>\n\t\t\t\t\t\t<\/div>\n\t\t\t\t\t\t\t\t\t\t\t\t<div class=\"col-md-12\">\n\t\t\t\t\t\t\t<div class=\"person\">\n\t\t\t\t\t\t\t\t<h4>Sr. Javier Encinas Duran<\/h4>\n\t\t\t\t\t\t\t\t<p><\/p>\n\t\t\t\t\t\t\t<\/div>\n\t\t\t\t\t\t<\/div>\n\t\t\t\t\t\t\t\t\t\t\t\t<div class=\"col-md-12\">\n\t\t\t\t\t\t\t<div class=\"person\">\n\t\t\t\t\t\t\t\t<h4>Sr. Francesc Coll Klein<\/h4>\n\t\t\t\t\t\t\t\t<p><\/p>\n\t\t\t\t\t\t\t<\/div>\n\t\t\t\t\t\t<\/div>\n\t\t\t\t\t\t\t\t\t\t\t\t<div class=\"col-md-12\">\n\t\t\t\t\t\t\t<div class=\"person\">\n\t\t\t\t\t\t\t\t<h4>Sr. Joan Maria Leon Mussons<\/h4>\n\t\t\t\t\t\t\t\t<p><\/p>\n\t\t\t\t\t\t\t<\/div>\n\t\t\t\t\t\t<\/div>\n\t\t\t\t\t\t\t\t\t\t\t\t<div class=\"col-md-12\">\n\t\t\t\t\t\t\t<div class=\"person\">\n\t\t\t\t\t\t\t\t<h4>Sra. Sonia Redondo Boixasa<\/h4>\n\t\t\t\t\t\t\t\t<p><\/p>\n\t\t\t\t\t\t\t<\/div>\n\t\t\t\t\t\t<\/div>\n\t\t\t\t\t\t\t\t\t\t\t\t<div class=\"col-md-12\">\n\t\t\t\t\t\t\t<div class=\"person\">\n\t\t\t\t\t\t\t\t<h4>Sra. Vivian Ventura Medina<\/h4>\n\t\t\t\t\t\t\t\t<p><\/p>\n\t\t\t\t\t\t\t<\/div>\n\t\t\t\t\t\t<\/div>\n\t\t\t\t\t\t\t\t\t\t\t\t<div class=\"col-md-12\">\n\t\t\t\t\t\t\t<div class=\"person\">\n\t\t\t\t\t\t\t\t<h4>Sra. N\u00faria Betriu S\u00e1nchez<\/h4>\n\t\t\t\t\t\t\t\t<p><\/p>\n\t\t\t\t\t\t\t<\/div>\n\t\t\t\t\t\t<\/div>\n\t\t\t\t\t\t\t\t\t\t\t\t<div class=\"col-md-12\">\n\t\t\t\t\t\t\t<div class=\"person\">\n\t\t\t\t\t\t\t\t<h4><\/h4>\n\t\t\t\t\t\t\t\t<p><\/p>\n\t\t\t\t\t\t\t<\/div>\n\t\t\t\t\t\t<\/div>\n\t\t\t\t\t\t\t\t\t\t\t<\/div>\n\t\t\t\t\t\t\t\t<\/div>\n\t\t\t<\/div>\n\t\t<\/div>\n\t<\/div>\n<\/div>\n\n\n\n<div id=\"modulo-directiva-modulo-directiva-block_65aa4263cbbfa\" class=\"directive-module\">\n\t<div class=\"container\">\n\t\t<div class=\"row\">\n\t\t\t\t\t\t<div class=\"col-md-12\">\n\t\t\t\t<div class=\"directive\">\n\t\t\t\t\t<h3 class=\"person-role\">Director General<\/h3>\n\t\t\t\t\t<div class=\"divider\"><\/div>\n\t\t\t\t\t<div class=\"person-card\">\n\t\t\t\t\t\t<div class=\"img-carrier\">\n\t\t\t\t\t\t\t<img decoding=\"async\" src=\"https:\/\/www.mgc.es\/wp-content\/uploads\/2024\/01\/Xavier-Plana-2023-redu-scaled.jpg\" alt=\"\">\n\t\t\t\t\t\t<\/div>\n\t\t\t\t\t\t<div class=\"personal-info\">\n\t\t\t\t\t\t\t<div class=\"info-carrier\">\n\t\t\t\t\t\t\t\t<h4>Sr. Xavier Plana Marcos<\/h4>\n\t\t\t\t\t\t\t\t<p><\/p>\n\t\t\t\t\t\t\t<\/div>\n\t\t\t\t\t\t<\/div>\n\t\t\t\t\t<\/div>\n\t\t\t\t<\/div>\n\t\t\t<\/div>\n\t\t\t\t\t<\/div>\n\t<\/div>\n<\/div>\n\n\n\n\n<div id=\"titulo-subrayado-titulo-subrayado-block_5d7a098268a43\" class=\"underline-title\">\n\t<div class=\"container\">\n\t\t<div class=\"row\">\n\t\t\t<div class=\"col-md-20 offset-md-2\">\n\t\t\t\t<div class=\"content\">\n\t\t\t\t\t<div class=\"title-row\">\n\t\t\t\t\t\t<h3 class=\"title\">Bon govern<\/h3>\n\t\t\t\t\t<\/div>\n\t\t\t\t\t<div class=\"description-content\">\n\t\t\t\t\t\t<p class=\"description\">MGC M\u00fatua \u00e9s una entitat adherida a la Guia de bones pr\u00e0ctiques en mat\u00e8ria de govern corporatiu elaborada per la Uni\u00f3 Espanyola d&#8217;Entitats Asseguradores i Reasseguradores (UNESPA).<\/p>\n\t\t\t\t\t<\/div>\n\t\t\t\t<\/div>\n\t\t\t<\/div>\n\t\t<\/div>\n\t<\/div>\n<\/div>\n","protected":false},"excerpt":{"rendered":"","protected":false},"author":1,"featured_media":0,"parent":0,"menu_order":0,"comment_status":"closed","ping_status":"closed","template":"template-files\/page-parallax-background.php","meta":{"footnotes":""},"class_list":["post-8478","page","type-page","status-publish","hentry"],"featured_image_src":null,"yoast_head":"<!-- This site is optimized with the Yoast SEO plugin v27.5 - https:\/\/yoast.com\/product\/yoast-seo-wordpress\/ -->\n<title>\u00d2rgans de govern - MGC M\u00fatua<\/title>\n<meta name=\"robots\" content=\"index, follow, max-snippet:-1, max-image-preview:large, max-video-preview:-1\" \/>\n<link rel=\"canonical\" href=\"https:\/\/www.mgc.es\/ca\/organs-de-govern\/\" \/>\n<meta property=\"og:locale\" content=\"ca_ES\" \/>\n<meta property=\"og:type\" content=\"article\" \/>\n<meta property=\"og:title\" content=\"\u00d2rgans de govern - MGC M\u00fatua\" \/>\n<meta property=\"og:url\" content=\"https:\/\/www.mgc.es\/ca\/organs-de-govern\/\" \/>\n<meta property=\"og:site_name\" content=\"MGC M\u00fatua\" \/>\n<meta property=\"article:publisher\" content=\"https:\/\/www.facebook.com\/mgcmutua\" \/>\n<meta property=\"article:modified_time\" content=\"2024-09-25T10:50:15+00:00\" \/>\n<meta name=\"twitter:card\" content=\"summary_large_image\" \/>\n<meta name=\"twitter:site\" content=\"@mgcmutua\" \/>\n<!-- \/ Yoast SEO plugin. -->","yoast_head_json":{"title":"\u00d2rgans de govern - MGC M\u00fatua","robots":{"index":"index","follow":"follow","max-snippet":"max-snippet:-1","max-image-preview":"max-image-preview:large","max-video-preview":"max-video-preview:-1"},"canonical":"https:\/\/www.mgc.es\/ca\/organs-de-govern\/","og_locale":"ca_ES","og_type":"article","og_title":"\u00d2rgans de govern - MGC M\u00fatua","og_url":"https:\/\/www.mgc.es\/ca\/organs-de-govern\/","og_site_name":"MGC M\u00fatua","article_publisher":"https:\/\/www.facebook.com\/mgcmutua","article_modified_time":"2024-09-25T10:50:15+00:00","twitter_card":"summary_large_image","twitter_site":"@mgcmutua","schema":{"@context":"https:\/\/schema.org","@graph":[{"@type":"WebPage","@id":"https:\/\/www.mgc.es\/ca\/organs-de-govern\/","url":"https:\/\/www.mgc.es\/ca\/organs-de-govern\/","name":"\u00d2rgans de govern - MGC M\u00fatua","isPartOf":{"@id":"https:\/\/www.mgc.es\/#website"},"datePublished":"2019-10-03T08:43:07+00:00","dateModified":"2024-09-25T10:50:15+00:00","breadcrumb":{"@id":"https:\/\/www.mgc.es\/ca\/organs-de-govern\/#breadcrumb"},"inLanguage":"ca","potentialAction":[{"@type":"ReadAction","target":["https:\/\/www.mgc.es\/ca\/organs-de-govern\/"]}]},{"@type":"BreadcrumbList","@id":"https:\/\/www.mgc.es\/ca\/organs-de-govern\/#breadcrumb","itemListElement":[{"@type":"ListItem","position":1,"name":"Home","item":"https:\/\/www.mgc.es\/ca\/"},{"@type":"ListItem","position":2,"name":"\u00d2rgans de govern"}]},{"@type":"WebSite","@id":"https:\/\/www.mgc.es\/#website","url":"https:\/\/www.mgc.es\/","name":"MGC M\u00fatua","description":"MGC M\u00fatua \u00e9s una entitat asseguradora sense \u00e0nim de lucre constitu\u00efda al 1982 i especialitzada en assegurances de salut i assist\u00e8ncia.","publisher":{"@id":"https:\/\/www.mgc.es\/#organization"},"alternateName":"MGC","potentialAction":[{"@type":"SearchAction","target":{"@type":"EntryPoint","urlTemplate":"https:\/\/www.mgc.es\/?s={search_term_string}"},"query-input":{"@type":"PropertyValueSpecification","valueRequired":true,"valueName":"search_term_string"}}],"inLanguage":"ca"},{"@type":"Organization","@id":"https:\/\/www.mgc.es\/#organization","name":"MGC Mutua","alternateName":"MGC","url":"https:\/\/www.mgc.es\/","logo":{"@type":"ImageObject","inLanguage":"ca","@id":"https:\/\/www.mgc.es\/#\/schema\/logo\/image\/","url":"https:\/\/www.mgc.es\/wp-content\/uploads\/2020\/03\/mgcmutua_h2_2t_reduccions.png","contentUrl":"https:\/\/www.mgc.es\/wp-content\/uploads\/2020\/03\/mgcmutua_h2_2t_reduccions.png","width":303,"height":165,"caption":"MGC Mutua"},"image":{"@id":"https:\/\/www.mgc.es\/#\/schema\/logo\/image\/"},"sameAs":["https:\/\/www.facebook.com\/mgcmutua","https:\/\/x.com\/mgcmutua","https:\/\/www.youtube.com\/c\/MGCMutua"]}]}},"_links":{"self":[{"href":"https:\/\/www.mgc.es\/ca\/wp-json\/wp\/v2\/pages\/8478","targetHints":{"allow":["GET"]}}],"collection":[{"href":"https:\/\/www.mgc.es\/ca\/wp-json\/wp\/v2\/pages"}],"about":[{"href":"https:\/\/www.mgc.es\/ca\/wp-json\/wp\/v2\/types\/page"}],"author":[{"embeddable":true,"href":"https:\/\/www.mgc.es\/ca\/wp-json\/wp\/v2\/users\/1"}],"replies":[{"embeddable":true,"href":"https:\/\/www.mgc.es\/ca\/wp-json\/wp\/v2\/comments?post=8478"}],"version-history":[{"count":72,"href":"https:\/\/www.mgc.es\/ca\/wp-json\/wp\/v2\/pages\/8478\/revisions"}],"predecessor-version":[{"id":32780,"href":"https:\/\/www.mgc.es\/ca\/wp-json\/wp\/v2\/pages\/8478\/revisions\/32780"}],"wp:attachment":[{"href":"https:\/\/www.mgc.es\/ca\/wp-json\/wp\/v2\/media?parent=8478"}],"curies":[{"name":"wp","href":"https:\/\/api.w.org\/{rel}","templated":true}]}}