{"id":8474,"date":"2019-09-10T11:46:38","date_gmt":"2019-09-10T09:46:38","guid":{"rendered":"http:\/\/www.mgc.es\/?page_id=8474"},"modified":"2026-02-17T16:47:16","modified_gmt":"2026-02-17T15:47:16","slug":"fundacio-mgc","status":"publish","type":"page","link":"https:\/\/www.mgc.es\/ca\/fundacio-mgc\/","title":{"rendered":"Fundaci\u00f3 MGC"},"content":{"rendered":"\n<div class=\"bloque-titulo main\">\n\t\t\t<div class=\"background-texture\">\n\t\t\t<img decoding=\"async\" src=\"\/wp-content\/themes\/mgc\/src\/img\/head-bg.png\" alt=\"\">\n\t\t<\/div>\n\t\t\t<div class=\"container\">\n\t\t\t\t\t\t<h1 class=\"title\">Qui som<\/h1>\n\t\t\t\t\t\t\t\t\t<p class=\"subtitle\">Som una entitat asseguradora especialitzada en l&#8217;assist\u00e8ncia sanit\u00e0ria<\/p>\n\t\t\t\t<\/div>\n<\/div>\n\n\n\n\n<div class=\"section-menu\" id=\"modulo-menu-block_5d7f743cfdfa4\">\n\t<div class=\"top-menu\">\n\t\t<div class=\"container\">\n\t\t\t<div class=\"menu-carrier\"><div class=\"menu-menu-quienes-somos-cat-container\"><ul id=\"who_we_are-menu\" class=\"menu\"><li id=\"menu-item-8582\" class=\"menu-item menu-item-type-post_type menu-item-object-page menu-item-8582\"><a href=\"https:\/\/www.mgc.es\/ca\/informacio-corporativa\/\">Qui som<\/a><\/li>\n<li id=\"menu-item-8583\" class=\"menu-item menu-item-type-post_type menu-item-object-page menu-item-8583\"><a href=\"https:\/\/www.mgc.es\/ca\/informes-xifres\/\">Informes i xifres<\/a><\/li>\n<li id=\"menu-item-8585\" class=\"menu-item menu-item-type-post_type menu-item-object-page menu-item-8585\"><a href=\"https:\/\/www.mgc.es\/ca\/organs-de-govern\/\">\u00d2rgans de govern<\/a><\/li>\n<li id=\"menu-item-8580\" class=\"menu-item menu-item-type-post_type menu-item-object-page menu-item-8580\"><a href=\"https:\/\/www.mgc.es\/ca\/cultura-corporativa\/\">Cultura corporativa<\/a><\/li>\n<li id=\"menu-item-8584\" class=\"menu-item menu-item-type-post_type menu-item-object-page menu-item-8584\"><a href=\"https:\/\/www.mgc.es\/ca\/les-nostres-oficines\/\">Les nostres oficines<\/a><\/li>\n<li id=\"menu-item-13233\" class=\"menu-item menu-item-type-post_type menu-item-object-page menu-item-13233\"><a href=\"https:\/\/www.mgc.es\/ca\/treballa-amb-nosaltres\/\">Treballa amb nosaltres<\/a><\/li>\n<li id=\"menu-item-24632\" class=\"menu-item menu-item-type-post_type menu-item-object-page menu-item-24632\"><a href=\"https:\/\/www.mgc.es\/ca\/faqs\/\">FAQs<\/a><\/li>\n<\/ul><\/div><\/div>\t\t<\/div>\n\t<\/div>\n<\/div>\n\n\n\n<div style=\"height:50px\" aria-hidden=\"true\" class=\"wp-block-spacer\"><\/div>\n\n\n\n<div class=\"text-featured-lateral left\" id=\"destacado-text-izquierda-destacado-text-izquierda-block_5dce76146c752\">\n\t<div class=\"container\">\n\t\t<div class=\"row info-row\">\n\t\t\t<div class=\"col-md-13 offset-md-9\">\n\t\t\t\t<div class=\"image-carrier\">\n\t\t\t\t\t\t\t\t\t\t<picture class=\"picture\">\n\t\t\t\t\t\t<source srcset=\"https:\/\/www.mgc.es\/wp-content\/uploads\/2025\/05\/mar-440x260.jpg\" media=\"(max-width: 450px)\">\n\t\t\t\t\t\t<img decoding=\"async\" src=\"https:\/\/www.mgc.es\/wp-content\/uploads\/2025\/05\/mar.jpg\" alt=\"\" >\n\t\t\t\t\t<\/picture>\n\t\t\t\t<\/div>\n\t\t\t<\/div>\n\t\t\t<div class=\"col-md-11 offset-md-1 info-col\">\n\t\t\t\t<div class=\"info-block\">\n\t\t\t\t\t<h2 class=\"title\"><\/h2>\n\t\t\t\t\t<div class=\"content\">\n\t\t\t\t\t\t<p><img loading=\"lazy\" decoding=\"async\" class=\"wp-image-15692 alignleft\" src=\"https:\/\/www.mgc.es\/wp-content\/uploads\/2025\/05\/fundacio.png\" alt=\"\" width=\"229\" height=\"41\" \/><\/p>\n<p>&nbsp;<\/p>\n<p><strong><em>El batec de la M\u00fatua<\/em><\/strong><\/p>\n<p>La Fundaci\u00f3 MGC es va constituir l\u2019any 1996 promoguda per MGC M\u00fatua<\/p>\n<p>El principal prop\u00f2sit de la Fundaci\u00f3 \u00e9s, des dels seus inicis, fomentar la salut i prevenir la malaltia, tot i que la seva missi\u00f3 fundacional inclou tamb\u00e9 altres \u00e0mbits d\u2019inter\u00e8s general.<\/p>\n<p>Descubreix tots els projectes de la Fundaci\u00f3 MGC a la seva p\u00e0gina web:<\/p>\n<div class=\"btn-container\"><a href=\"https:\/\/fundacio.mgc.es\/\" class=\"half-link blue\">fundacio.mgc.es<\/a><\/div>\n\t\t\t\t\t<\/div>\n\t\t\t\t<\/div>\n\t\t\t<\/div>\n\t\t<\/div>\n\t<\/div>\n<\/div>\n\n\n\n<div style=\"height:100px\" aria-hidden=\"true\" class=\"wp-block-spacer\"><\/div>\n","protected":false},"excerpt":{"rendered":"","protected":false},"author":1,"featured_media":0,"parent":0,"menu_order":0,"comment_status":"closed","ping_status":"closed","template":"template-files\/page-parallax-background.php","meta":{"footnotes":""},"class_list":["post-8474","page","type-page","status-publish","hentry"],"featured_image_src":null,"yoast_head":"<!-- This site is optimized with the Yoast SEO plugin v27.5 - https:\/\/yoast.com\/product\/yoast-seo-wordpress\/ -->\n<title>Fundaci\u00f3 MGC - MGC M\u00fatua<\/title>\n<meta name=\"robots\" content=\"index, follow, max-snippet:-1, max-image-preview:large, max-video-preview:-1\" \/>\n<link rel=\"canonical\" href=\"https:\/\/www.mgc.es\/ca\/fundacio-mgc\/\" \/>\n<meta property=\"og:locale\" content=\"ca_ES\" \/>\n<meta property=\"og:type\" content=\"article\" \/>\n<meta property=\"og:title\" content=\"Fundaci\u00f3 MGC - MGC M\u00fatua\" \/>\n<meta property=\"og:url\" content=\"https:\/\/www.mgc.es\/ca\/fundacio-mgc\/\" \/>\n<meta property=\"og:site_name\" content=\"MGC M\u00fatua\" \/>\n<meta property=\"article:publisher\" content=\"https:\/\/www.facebook.com\/mgcmutua\" \/>\n<meta property=\"article:modified_time\" content=\"2026-02-17T15:47:16+00:00\" \/>\n<meta name=\"twitter:card\" content=\"summary_large_image\" \/>\n<meta name=\"twitter:site\" content=\"@mgcmutua\" \/>\n<!-- \/ Yoast SEO plugin. -->","yoast_head_json":{"title":"Fundaci\u00f3 MGC - MGC M\u00fatua","robots":{"index":"index","follow":"follow","max-snippet":"max-snippet:-1","max-image-preview":"max-image-preview:large","max-video-preview":"max-video-preview:-1"},"canonical":"https:\/\/www.mgc.es\/ca\/fundacio-mgc\/","og_locale":"ca_ES","og_type":"article","og_title":"Fundaci\u00f3 MGC - MGC M\u00fatua","og_url":"https:\/\/www.mgc.es\/ca\/fundacio-mgc\/","og_site_name":"MGC M\u00fatua","article_publisher":"https:\/\/www.facebook.com\/mgcmutua","article_modified_time":"2026-02-17T15:47:16+00:00","twitter_card":"summary_large_image","twitter_site":"@mgcmutua","schema":{"@context":"https:\/\/schema.org","@graph":[{"@type":"WebPage","@id":"https:\/\/www.mgc.es\/ca\/fundacio-mgc\/","url":"https:\/\/www.mgc.es\/ca\/fundacio-mgc\/","name":"Fundaci\u00f3 MGC - MGC M\u00fatua","isPartOf":{"@id":"https:\/\/www.mgc.es\/#website"},"datePublished":"2019-09-10T09:46:38+00:00","dateModified":"2026-02-17T15:47:16+00:00","breadcrumb":{"@id":"https:\/\/www.mgc.es\/ca\/fundacio-mgc\/#breadcrumb"},"inLanguage":"ca","potentialAction":[{"@type":"ReadAction","target":["https:\/\/www.mgc.es\/ca\/fundacio-mgc\/"]}]},{"@type":"BreadcrumbList","@id":"https:\/\/www.mgc.es\/ca\/fundacio-mgc\/#breadcrumb","itemListElement":[{"@type":"ListItem","position":1,"name":"Home","item":"https:\/\/www.mgc.es\/ca\/"},{"@type":"ListItem","position":2,"name":"Fundaci\u00f3 MGC"}]},{"@type":"WebSite","@id":"https:\/\/www.mgc.es\/#website","url":"https:\/\/www.mgc.es\/","name":"MGC M\u00fatua","description":"MGC M\u00fatua \u00e9s una entitat asseguradora sense \u00e0nim de lucre constitu\u00efda al 1982 i especialitzada en assegurances de salut i assist\u00e8ncia.","publisher":{"@id":"https:\/\/www.mgc.es\/#organization"},"alternateName":"MGC","potentialAction":[{"@type":"SearchAction","target":{"@type":"EntryPoint","urlTemplate":"https:\/\/www.mgc.es\/?s={search_term_string}"},"query-input":{"@type":"PropertyValueSpecification","valueRequired":true,"valueName":"search_term_string"}}],"inLanguage":"ca"},{"@type":"Organization","@id":"https:\/\/www.mgc.es\/#organization","name":"MGC Mutua","alternateName":"MGC","url":"https:\/\/www.mgc.es\/","logo":{"@type":"ImageObject","inLanguage":"ca","@id":"https:\/\/www.mgc.es\/#\/schema\/logo\/image\/","url":"https:\/\/www.mgc.es\/wp-content\/uploads\/2020\/03\/mgcmutua_h2_2t_reduccions.png","contentUrl":"https:\/\/www.mgc.es\/wp-content\/uploads\/2020\/03\/mgcmutua_h2_2t_reduccions.png","width":303,"height":165,"caption":"MGC Mutua"},"image":{"@id":"https:\/\/www.mgc.es\/#\/schema\/logo\/image\/"},"sameAs":["https:\/\/www.facebook.com\/mgcmutua","https:\/\/x.com\/mgcmutua","https:\/\/www.youtube.com\/c\/MGCMutua"]}]}},"_links":{"self":[{"href":"https:\/\/www.mgc.es\/ca\/wp-json\/wp\/v2\/pages\/8474","targetHints":{"allow":["GET"]}}],"collection":[{"href":"https:\/\/www.mgc.es\/ca\/wp-json\/wp\/v2\/pages"}],"about":[{"href":"https:\/\/www.mgc.es\/ca\/wp-json\/wp\/v2\/types\/page"}],"author":[{"embeddable":true,"href":"https:\/\/www.mgc.es\/ca\/wp-json\/wp\/v2\/users\/1"}],"replies":[{"embeddable":true,"href":"https:\/\/www.mgc.es\/ca\/wp-json\/wp\/v2\/comments?post=8474"}],"version-history":[{"count":98,"href":"https:\/\/www.mgc.es\/ca\/wp-json\/wp\/v2\/pages\/8474\/revisions"}],"predecessor-version":[{"id":38034,"href":"https:\/\/www.mgc.es\/ca\/wp-json\/wp\/v2\/pages\/8474\/revisions\/38034"}],"wp:attachment":[{"href":"https:\/\/www.mgc.es\/ca\/wp-json\/wp\/v2\/media?parent=8474"}],"curies":[{"name":"wp","href":"https:\/\/api.w.org\/{rel}","templated":true}]}}