{"id":8471,"date":"2019-10-03T10:28:42","date_gmt":"2019-10-03T08:28:42","guid":{"rendered":"http:\/\/www.mgc.es\/?page_id=8471"},"modified":"2020-02-04T17:09:26","modified_gmt":"2020-02-04T16:09:26","slug":"cultura-corporativa","status":"publish","type":"page","link":"https:\/\/www.mgc.es\/ca\/cultura-corporativa\/","title":{"rendered":"Cultura corporativa"},"content":{"rendered":"\n<div class=\"bloque-titulo main\">\n\t\t\t<div class=\"background-texture\">\n\t\t\t<img decoding=\"async\" src=\"\/wp-content\/themes\/mgc\/src\/img\/head-bg.png\" alt=\"\">\n\t\t<\/div>\n\t\t\t<div class=\"container\">\n\t\t\t\t\t\t<h1 class=\"title\">Qui som<\/h1>\n\t\t\t\t\t\t\t\t\t<p class=\"subtitle\">Som una entitat asseguradora especialitzada en assist\u00e8ncia sanit\u00e0ria<\/p>\n\t\t\t\t<\/div>\n<\/div>\n\n\n\n\n<div class=\"section-menu\" id=\"modulo-menu-block_5d7f7448e54b7\">\n\t<div class=\"top-menu\">\n\t\t<div class=\"container\">\n\t\t\t<div class=\"menu-carrier\"><div class=\"menu-menu-quienes-somos-cat-container\"><ul id=\"who_we_are-menu\" class=\"menu\"><li id=\"menu-item-8582\" class=\"menu-item menu-item-type-post_type menu-item-object-page menu-item-8582\"><a href=\"https:\/\/www.mgc.es\/ca\/informacio-corporativa\/\">Qui som<\/a><\/li>\n<li id=\"menu-item-8583\" class=\"menu-item menu-item-type-post_type menu-item-object-page menu-item-8583\"><a href=\"https:\/\/www.mgc.es\/ca\/informes-xifres\/\">Informes i xifres<\/a><\/li>\n<li id=\"menu-item-8585\" class=\"menu-item menu-item-type-post_type menu-item-object-page menu-item-8585\"><a href=\"https:\/\/www.mgc.es\/ca\/organs-de-govern\/\">\u00d2rgans de govern<\/a><\/li>\n<li id=\"menu-item-8580\" class=\"menu-item menu-item-type-post_type menu-item-object-page menu-item-8580\"><a href=\"https:\/\/www.mgc.es\/ca\/cultura-corporativa\/\">Cultura corporativa<\/a><\/li>\n<li id=\"menu-item-8584\" class=\"menu-item menu-item-type-post_type menu-item-object-page menu-item-8584\"><a href=\"https:\/\/www.mgc.es\/ca\/les-nostres-oficines\/\">Les nostres oficines<\/a><\/li>\n<li id=\"menu-item-13233\" class=\"menu-item menu-item-type-post_type menu-item-object-page menu-item-13233\"><a href=\"https:\/\/www.mgc.es\/ca\/treballa-amb-nosaltres\/\">Treballa amb nosaltres<\/a><\/li>\n<li id=\"menu-item-24632\" class=\"menu-item menu-item-type-post_type menu-item-object-page menu-item-24632\"><a href=\"https:\/\/www.mgc.es\/ca\/faqs\/\">FAQs<\/a><\/li>\n<\/ul><\/div><\/div>\t\t<\/div>\n\t<\/div>\n<\/div>\n\n\n\n<div class=\"bloque-titulo section\">\n\t\t<div class=\"container\">\n\t\t\t\t\t<h2 class=\"title\">Cultura corporativa<\/h2>\n\t\t\t\t<\/div>\n<\/div>\n\n\n\n<div class=\"download-featured\" id=\"destacado-descarga-destacado-descarga-block_5d7a0bb35105c\">\n\t<div class=\"container\">\n\t\t<div class=\"row info-row\">\n\t\t\t<div class=\"col-md-15 offset-md-1\">\n\t\t\t\t<div class=\"image-carrier\">\n\t\t\t\t\t\t\t\t\t\t<picture class=\"picture\">\n\t\t\t\t\t\t<source srcset=\"https:\/\/www.mgc.es\/wp-content\/uploads\/2019\/11\/04_cultura_corporativa.jpg\" media=\"(max-width: 450px)\">\n\t\t\t\t\t\t<img decoding=\"async\" src=\"https:\/\/www.mgc.es\/wp-content\/uploads\/2019\/11\/04_cultura_corporativa.jpg\" alt=\"\">\n\t\t\t\t\t<\/picture>\n\t\t\t\t\t\n\t\t\t\t<\/div>\n\t\t\t<\/div>\n\t\t\t<div class=\"col-md-11 offset-md-13 info-col\">\n\t\t\t\t<div class=\"info-block\">\n\t\t\t\t\t<p>La cultura corporativa d&#8217;MGC M\u00fatua defineix la filosofia, la finalitat, les pol\u00edtiques generals, els elements b\u00e0sics de la gesti\u00f3 de l&#8217;entitat i els seus valors corporatius.<\/p>\n<p>La M\u00fatua basa la seva cultura corporativa en una s\u00e8rie de principis, que determinen la seva forma d&#8217;actuar, agrupats en quatre pilars o fonaments: <strong>bon govern i transpar\u00e8ncia, mutualista i mercat, empleats i entorn laboral i entorn i mediambient<\/strong>.<\/p>\n\t\t\t\t\t<div class=\"file-download-section\">\n\t\t\t\t\t\t<div class=\"file-button\">\n\t\t\t\t\t\t\t<div class=\"file-download-title\">\n\t\t\t\t\t\t\t\t<h4 class=\"file-title\">Model de cultura corporativa<\/h4>\n\t\t\t\t\t\t\t\t<p class=\"file-subtitle\">Arxiu PDF<\/p>\n\t\t\t\t\t\t\t<\/div>\n\t\t\t\t\t\t\t<i class=\"icon-descargar\"><\/i>\n\t\t\t\t\t\t\t<a class=\"invisible-button\" href=\"https:\/\/www.mgc.es\/wp-content\/uploads\/2020\/02\/200129_model_cultura_corporativa_ca.pdf\" download><\/a>\n\t\t\t\t\t\t<\/div>\n\t\t\t\t\t<\/div>\n\t\t\t\t<\/div>\n\t\t\t<\/div>\n\t\t<\/div>\n\t<\/div>\n<\/div>\n","protected":false},"excerpt":{"rendered":"","protected":false},"author":1,"featured_media":0,"parent":0,"menu_order":0,"comment_status":"closed","ping_status":"closed","template":"template-files\/page-parallax-background.php","meta":{"footnotes":""},"class_list":["post-8471","page","type-page","status-publish","hentry"],"featured_image_src":null,"yoast_head":"<!-- This site is optimized with the Yoast SEO plugin v27.2 - https:\/\/yoast.com\/product\/yoast-seo-wordpress\/ -->\n<title>Cultura corporativa - MGC M\u00fatua<\/title>\n<meta name=\"robots\" content=\"index, follow, max-snippet:-1, max-image-preview:large, max-video-preview:-1\" \/>\n<link rel=\"canonical\" href=\"https:\/\/www.mgc.es\/ca\/cultura-corporativa\/\" \/>\n<meta property=\"og:locale\" content=\"ca_ES\" \/>\n<meta property=\"og:type\" content=\"article\" \/>\n<meta property=\"og:title\" content=\"Cultura corporativa - MGC M\u00fatua\" \/>\n<meta property=\"og:url\" content=\"https:\/\/www.mgc.es\/ca\/cultura-corporativa\/\" \/>\n<meta property=\"og:site_name\" content=\"MGC M\u00fatua\" \/>\n<meta property=\"article:publisher\" content=\"https:\/\/www.facebook.com\/mgcmutua\" \/>\n<meta property=\"article:modified_time\" content=\"2020-02-04T16:09:26+00:00\" \/>\n<meta name=\"twitter:card\" content=\"summary_large_image\" \/>\n<meta name=\"twitter:site\" content=\"@mgcmutua\" \/>\n<!-- \/ Yoast SEO plugin. -->","yoast_head_json":{"title":"Cultura corporativa - MGC M\u00fatua","robots":{"index":"index","follow":"follow","max-snippet":"max-snippet:-1","max-image-preview":"max-image-preview:large","max-video-preview":"max-video-preview:-1"},"canonical":"https:\/\/www.mgc.es\/ca\/cultura-corporativa\/","og_locale":"ca_ES","og_type":"article","og_title":"Cultura corporativa - MGC M\u00fatua","og_url":"https:\/\/www.mgc.es\/ca\/cultura-corporativa\/","og_site_name":"MGC M\u00fatua","article_publisher":"https:\/\/www.facebook.com\/mgcmutua","article_modified_time":"2020-02-04T16:09:26+00:00","twitter_card":"summary_large_image","twitter_site":"@mgcmutua","schema":{"@context":"https:\/\/schema.org","@graph":[{"@type":"WebPage","@id":"https:\/\/www.mgc.es\/ca\/cultura-corporativa\/","url":"https:\/\/www.mgc.es\/ca\/cultura-corporativa\/","name":"Cultura corporativa - MGC M\u00fatua","isPartOf":{"@id":"https:\/\/www.mgc.es\/#website"},"datePublished":"2019-10-03T08:28:42+00:00","dateModified":"2020-02-04T16:09:26+00:00","breadcrumb":{"@id":"https:\/\/www.mgc.es\/ca\/cultura-corporativa\/#breadcrumb"},"inLanguage":"ca","potentialAction":[{"@type":"ReadAction","target":["https:\/\/www.mgc.es\/ca\/cultura-corporativa\/"]}]},{"@type":"BreadcrumbList","@id":"https:\/\/www.mgc.es\/ca\/cultura-corporativa\/#breadcrumb","itemListElement":[{"@type":"ListItem","position":1,"name":"Home","item":"https:\/\/www.mgc.es\/ca\/"},{"@type":"ListItem","position":2,"name":"Cultura corporativa"}]},{"@type":"WebSite","@id":"https:\/\/www.mgc.es\/#website","url":"https:\/\/www.mgc.es\/","name":"MGC M\u00fatua","description":"MGC M\u00fatua \u00e9s una entitat asseguradora sense \u00e0nim de lucre constitu\u00efda al 1982 i especialitzada en assegurances de salut i assist\u00e8ncia.","publisher":{"@id":"https:\/\/www.mgc.es\/#organization"},"alternateName":"MGC","potentialAction":[{"@type":"SearchAction","target":{"@type":"EntryPoint","urlTemplate":"https:\/\/www.mgc.es\/?s={search_term_string}"},"query-input":{"@type":"PropertyValueSpecification","valueRequired":true,"valueName":"search_term_string"}}],"inLanguage":"ca"},{"@type":"Organization","@id":"https:\/\/www.mgc.es\/#organization","name":"MGC Mutua","alternateName":"MGC","url":"https:\/\/www.mgc.es\/","logo":{"@type":"ImageObject","inLanguage":"ca","@id":"https:\/\/www.mgc.es\/#\/schema\/logo\/image\/","url":"https:\/\/www.mgc.es\/wp-content\/uploads\/2020\/03\/mgcmutua_h2_2t_reduccions.png","contentUrl":"https:\/\/www.mgc.es\/wp-content\/uploads\/2020\/03\/mgcmutua_h2_2t_reduccions.png","width":303,"height":165,"caption":"MGC Mutua"},"image":{"@id":"https:\/\/www.mgc.es\/#\/schema\/logo\/image\/"},"sameAs":["https:\/\/www.facebook.com\/mgcmutua","https:\/\/x.com\/mgcmutua","https:\/\/www.youtube.com\/c\/MGCMutua"]}]}},"_links":{"self":[{"href":"https:\/\/www.mgc.es\/ca\/wp-json\/wp\/v2\/pages\/8471","targetHints":{"allow":["GET"]}}],"collection":[{"href":"https:\/\/www.mgc.es\/ca\/wp-json\/wp\/v2\/pages"}],"about":[{"href":"https:\/\/www.mgc.es\/ca\/wp-json\/wp\/v2\/types\/page"}],"author":[{"embeddable":true,"href":"https:\/\/www.mgc.es\/ca\/wp-json\/wp\/v2\/users\/1"}],"replies":[{"embeddable":true,"href":"https:\/\/www.mgc.es\/ca\/wp-json\/wp\/v2\/comments?post=8471"}],"version-history":[{"count":12,"href":"https:\/\/www.mgc.es\/ca\/wp-json\/wp\/v2\/pages\/8471\/revisions"}],"predecessor-version":[{"id":17409,"href":"https:\/\/www.mgc.es\/ca\/wp-json\/wp\/v2\/pages\/8471\/revisions\/17409"}],"wp:attachment":[{"href":"https:\/\/www.mgc.es\/ca\/wp-json\/wp\/v2\/media?parent=8471"}],"curies":[{"name":"wp","href":"https:\/\/api.w.org\/{rel}","templated":true}]}}