{"id":8439,"date":"2019-10-03T09:57:21","date_gmt":"2019-10-03T07:57:21","guid":{"rendered":"http:\/\/www.mgc.es\/?page_id=8439"},"modified":"2024-06-04T15:38:55","modified_gmt":"2024-06-04T13:38:55","slug":"contacta-amb-nosaltres","status":"publish","type":"page","link":"https:\/\/www.mgc.es\/ca\/contacta-amb-nosaltres\/","title":{"rendered":"Contacta amb nosaltres"},"content":{"rendered":"\n<div class=\"bloque-titulo main\">\n\t\t\t<div class=\"background-texture\">\n\t\t\t<img decoding=\"async\" src=\"\/wp-content\/themes\/mgc\/src\/img\/head-bg.png\" alt=\"\">\n\t\t<\/div>\n\t\t\t<div class=\"container\">\n\t\t\t\t\t\t<h1 class=\"title\">Contacta amb nosaltres<\/h1>\n\t\t\t\t\t\t\t\t\t<p class=\"subtitle\">Estarem encantats d&#8217;atendre les teves consultes, sugger\u00e8ncies i comentaris<\/p>\n\t\t\t\t<\/div>\n<\/div>\n\n\n\n<div class=\"tips-3-horizontal\" id=\"tips-3-horizontal-tips-3-horizontal-block_5d7b6f7777c16\">\n\t<div class=\"container\">\n\t\t<div class=\"row\">\n\t\t\t<div class=\"col-md-5 offset-md-1\">\n\t\t\t\t<div class=\"tip\">\n\t\t\t\t\t<div class=\"image-carrier\">\n\t\t\t\t\t\t<img decoding=\"async\" src=\"\" alt=\"\">\n\t\t\t\t\t<\/div>\n\t\t\t\t\t<div class=\"info-col\">\n\t\t\t\t\t\t<div class=\"info-block\">\n\t\t\t\t\t\t\t<h5 class=\"title\">Oficina central<\/h5>\n\t\t\t\t\t\t\t<p class=\"description\">Tuset 5-11, 08006 Barcelona<\/p>\n\n\t\t\t\t\t\t<\/div>\n\t\t\t\t\t<\/div>\n\t\t\t\t<\/div>\n\t\t\t<\/div>\n\t\t\t<div class=\"col-md-5\">\n\t\t\t\t<div class=\"tip\">\n\t\t\t\t\t<div class=\"image-carrier\">\n\t\t\t\t\t\t<img decoding=\"async\" src=\"\" alt=\"\">\n\t\t\t\t\t<\/div>\n\t\t\t\t\t<div class=\"info-col\">\n\t\t\t\t\t\t<div class=\"info-block\">\n\t\t\t\t\t\t\t<h5 class=\"title\">Tel\u00e8fon Atenci\u00f3 al client<\/h5>\n\t\t\t\t\t\t\t<p class=\"description\"><a href=\"tel:900 841 844\">900 841 844<\/a><\/p>\n\n\t\t\t\t\t\t<\/div>\n\t\t\t\t\t<\/div>\n\t\t\t\t<\/div>\n\t\t\t<\/div>\n\t\t\t<div class=\"col-md-5\">\n\t\t\t\t<div class=\"tip\">\n\t\t\t\t\t<div class=\"image-carrier\">\n\t\t\t\t\t\t<img decoding=\"async\" src=\"\" alt=\"\">\n\t\t\t\t\t<\/div>\n\t\t\t\t\t<div class=\"info-col\">\n\t\t\t\t\t\t<div class=\"info-block\">\n\t\t\t\t\t\t\t<h5 class=\"title\">Whatsapp Atenci\u00f3 al Client<\/h5>\n\t\t\t\t\t\t\t<p class=\"description\"><a href=\"https:\/\/wa.me\/34617278278?text=Hola\">617 278 278<\/a><\/p>\n\n\t\t\t\t\t\t<\/div>\n\t\t\t\t\t<\/div>\n\t\t\t\t<\/div>\n\t\t\t<\/div>\n\t\t\t<div class=\"col-md-5\">\n\t\t\t\t<div class=\"tip\">\n\t\t\t\t\t<div class=\"image-carrier\">\n\t\t\t\t\t\t<img decoding=\"async\" src=\"\" alt=\"\">\n\t\t\t\t\t<\/div>\n\t\t\t\t\t<div class=\"info-col\">\n\t\t\t\t\t\t<div class=\"info-block\">\n\t\t\t\t\t\t\t<h5 class=\"title\">Email<\/h5>\n\t\t\t\t\t\t\t<p class=\"description\"><a href=\"mailto:mgc@mgc.es\">mgc@mgc.es<\/a><\/p>\n\n\t\t\t\t\t\t<\/div>\n\t\t\t\t\t<\/div>\n\t\t\t\t<\/div>\n\t\t\t<\/div>\n\t\t<\/div>\n\t<\/div>\n<\/div>\n\n\n\n<div style=\"height:20px\" aria-hidden=\"true\" class=\"wp-block-spacer\"><\/div>\n\n\n\n<div id=\"otros-contacto-otros-contacto-block_5d7b6fcf77c17\" class=\"others-contact\">\n\t<div class=\"container\">\n\t\t<div class=\"row\">\n\t\t\t<div class=\"contact-map d-flex d-md-none\" id=\"contact_map_mobile\">\n\t\t\t<\/div>\n\t\t\t<div class=\"col-md-6 offset-md-2 block-container\">\n\t\t\t\t<div class=\"contact-form\">\n\t\t\t\t\n<div class=\"wpcf7 no-js\" id=\"wpcf7-f8665-o1\" lang=\"es-ES\" dir=\"ltr\" data-wpcf7-id=\"8665\">\n<div class=\"screen-reader-response\"><p role=\"status\" aria-live=\"polite\" aria-atomic=\"true\"><\/p> <ul><\/ul><\/div>\n<form action=\"\/ca\/wp-json\/wp\/v2\/pages\/8439#wpcf7-f8665-o1\" method=\"post\" class=\"wpcf7-form init wpcf7-acceptance-as-validation\" aria-label=\"Formulario de contacto\" novalidate=\"novalidate\" data-status=\"init\">\n<fieldset class=\"hidden-fields-container\"><input type=\"hidden\" name=\"_wpcf7\" value=\"8665\" \/><input type=\"hidden\" name=\"_wpcf7_version\" value=\"6.1.5\" \/><input type=\"hidden\" name=\"_wpcf7_locale\" value=\"es_ES\" \/><input type=\"hidden\" name=\"_wpcf7_unit_tag\" value=\"wpcf7-f8665-o1\" \/><input type=\"hidden\" name=\"_wpcf7_container_post\" value=\"0\" \/><input type=\"hidden\" name=\"_wpcf7_posted_data_hash\" value=\"\" \/>\n<\/fieldset>\n<div class=\"form-element\">\n\t<p><span class=\"wpcf7-form-control-wrap\" data-name=\"nom\"><input size=\"40\" maxlength=\"400\" class=\"wpcf7-form-control wpcf7-text wpcf7-validates-as-required input-field\" aria-required=\"true\" aria-invalid=\"false\" placeholder=\"Nom\" value=\"\" type=\"text\" name=\"nom\" \/><\/span>\n\t<\/p>\n<\/div>\n<div class=\"form-element\">\n\t<p><span class=\"wpcf7-form-control-wrap\" data-name=\"email\"><input size=\"40\" maxlength=\"400\" class=\"wpcf7-form-control wpcf7-email wpcf7-validates-as-required wpcf7-text wpcf7-validates-as-email input-field\" aria-required=\"true\" aria-invalid=\"false\" placeholder=\"Email\" value=\"\" type=\"email\" name=\"email\" \/><\/span>\n\t<\/p>\n<\/div>\n<div class=\"form-element\">\n\t<p><span class=\"wpcf7-form-control-wrap\" data-name=\"telefon\"><input size=\"40\" maxlength=\"400\" class=\"wpcf7-form-control wpcf7-tel wpcf7-validates-as-required wpcf7-text wpcf7-validates-as-tel input-field\" aria-required=\"true\" aria-invalid=\"false\" placeholder=\"Tel\u00e8fon\" value=\"\" type=\"tel\" name=\"telefon\" \/><\/span>\n\t<\/p>\n<\/div>\n<div class=\"form-element\">\n\t<p class=\"selector-wrapper\"><br \/>\n<span class=\"wpcf7-form-control-wrap\" data-name=\"area\"><select class=\"wpcf7-form-control wpcf7-select wpcf7-validates-as-required input-field\" aria-required=\"true\" aria-invalid=\"false\" name=\"area\"><option value=\"\">\u00c0rea<\/option><option value=\"Atenci\u00f3 al mutualista\">Atenci\u00f3 al mutualista<\/option><option value=\"Atenci\u00f3 als membres del Quadre Facultatiu\">Atenci\u00f3 als membres del Quadre Facultatiu<\/option><option value=\"Administraci\u00f3\">Administraci\u00f3<\/option><option value=\"Direcci\u00f3 General\">Direcci\u00f3 General<\/option><option value=\"Comercial\">Comercial<\/option><option value=\"Marketing\">Marketing<\/option><option value=\"Fundaci\u00f3 MGC\">Fundaci\u00f3 MGC<\/option><option value=\"Informaci\u00f3 general\">Informaci\u00f3 general<\/option><\/select><\/span>\n\t<\/p>\n<\/div>\n<div class=\"form-element\">\n\t<p><br \/>\n<span class=\"wpcf7-form-control-wrap\" data-name=\"comentari\"><textarea cols=\"40\" rows=\"10\" maxlength=\"2000\" class=\"wpcf7-form-control wpcf7-textarea input-field\" aria-invalid=\"false\" placeholder=\"Consultes i comentaris\" name=\"comentari\"><\/textarea><\/span>\n\t<\/p>\n<\/div>\n<div class=\"form-element check-data-carrier\">\n\t<div class=\"form-element check-data-carrier\">\n\t\t<p><br \/>\n<span class=\"wpcf7-form-control-wrap\" data-name=\"legal\"><span class=\"wpcf7-form-control wpcf7-acceptance\"><span class=\"wpcf7-list-item\"><label><input type=\"checkbox\" name=\"legal\" value=\"1\" aria-invalid=\"false\" \/><span class=\"wpcf7-list-item-label\">Accepto la pol\u00edtica de protecci\u00f3 de dades. <a href=\"\/ca\/proteccio-de-dades\/\" target=\"_blank\">+info<\/a><\/span><\/label><\/span><\/span><\/span>\n\t\t<\/p>\n\t<\/div>\n<\/div>\n<div class=\"form-element submit-element\">\n\t<p><input class=\"wpcf7-form-control wpcf7-submit has-spinner full-button blue\" type=\"submit\" value=\"Envia consulta\" \/>\n\t<\/p>\n<\/div><div class=\"wpcf7-response-output\" aria-hidden=\"true\"><\/div>\n<\/form>\n<\/div>\n\t\t\t\t<\/div>\n\t\t\t<\/div>\n\t\t\t<div class=\"col-md-14 d-none d-md-flex\">\n\t\t\t\t<div class=\"contact-map\">\n\t\t\t\t\t<div class=\"sub-map\" id=\"contact_map\"><\/div>\n\t\t\t\t<\/div>\n\t\t\t<\/div>\n\n\t\t<\/div>\n\t<\/div>\n<\/div>\n","protected":false},"excerpt":{"rendered":"<p>Oficina central Tuset 5-11, 08006 Barcelona Tel\u00e8fon Atenci\u00f3 al client 900 841 844 Whatsapp Atenci\u00f3 al Client 617 278 278 Email mgc@mgc.es<\/p>\n","protected":false},"author":1,"featured_media":0,"parent":0,"menu_order":0,"comment_status":"closed","ping_status":"closed","template":"template-files\/page-parallax-background.php","meta":{"footnotes":""},"class_list":["post-8439","page","type-page","status-publish","hentry"],"featured_image_src":null,"yoast_head":"<!-- This site is optimized with the Yoast SEO plugin v27.2 - https:\/\/yoast.com\/product\/yoast-seo-wordpress\/ -->\n<title>Contacta amb nosaltres - MGC M\u00fatua<\/title>\n<meta name=\"robots\" content=\"index, follow, max-snippet:-1, max-image-preview:large, max-video-preview:-1\" \/>\n<link rel=\"canonical\" href=\"https:\/\/www.mgc.es\/ca\/contacta-amb-nosaltres\/\" \/>\n<meta property=\"og:locale\" content=\"ca_ES\" \/>\n<meta property=\"og:type\" content=\"article\" \/>\n<meta property=\"og:title\" content=\"Contacta amb nosaltres - MGC M\u00fatua\" \/>\n<meta property=\"og:description\" content=\"Oficina central Tuset 5-11, 08006 Barcelona Tel\u00e8fon Atenci\u00f3 al client 900 841 844 Whatsapp Atenci\u00f3 al Client 617 278 278 Email mgc@mgc.es\" \/>\n<meta property=\"og:url\" content=\"https:\/\/www.mgc.es\/ca\/contacta-amb-nosaltres\/\" \/>\n<meta property=\"og:site_name\" content=\"MGC M\u00fatua\" \/>\n<meta property=\"article:publisher\" content=\"https:\/\/www.facebook.com\/mgcmutua\" \/>\n<meta property=\"article:modified_time\" content=\"2024-06-04T13:38:55+00:00\" \/>\n<meta name=\"twitter:card\" content=\"summary_large_image\" \/>\n<meta name=\"twitter:site\" content=\"@mgcmutua\" \/>\n<meta name=\"twitter:label1\" content=\"Temps estimat de lectura\" \/>\n\t<meta name=\"twitter:data1\" content=\"1 minut\" \/>\n<!-- \/ Yoast SEO plugin. -->","yoast_head_json":{"title":"Contacta amb nosaltres - MGC M\u00fatua","robots":{"index":"index","follow":"follow","max-snippet":"max-snippet:-1","max-image-preview":"max-image-preview:large","max-video-preview":"max-video-preview:-1"},"canonical":"https:\/\/www.mgc.es\/ca\/contacta-amb-nosaltres\/","og_locale":"ca_ES","og_type":"article","og_title":"Contacta amb nosaltres - MGC M\u00fatua","og_description":"Oficina central Tuset 5-11, 08006 Barcelona Tel\u00e8fon Atenci\u00f3 al client 900 841 844 Whatsapp Atenci\u00f3 al Client 617 278 278 Email mgc@mgc.es","og_url":"https:\/\/www.mgc.es\/ca\/contacta-amb-nosaltres\/","og_site_name":"MGC M\u00fatua","article_publisher":"https:\/\/www.facebook.com\/mgcmutua","article_modified_time":"2024-06-04T13:38:55+00:00","twitter_card":"summary_large_image","twitter_site":"@mgcmutua","twitter_misc":{"Temps estimat de lectura":"1 minut"},"schema":{"@context":"https:\/\/schema.org","@graph":[{"@type":"WebPage","@id":"https:\/\/www.mgc.es\/ca\/contacta-amb-nosaltres\/","url":"https:\/\/www.mgc.es\/ca\/contacta-amb-nosaltres\/","name":"Contacta amb nosaltres - MGC M\u00fatua","isPartOf":{"@id":"https:\/\/www.mgc.es\/#website"},"datePublished":"2019-10-03T07:57:21+00:00","dateModified":"2024-06-04T13:38:55+00:00","breadcrumb":{"@id":"https:\/\/www.mgc.es\/ca\/contacta-amb-nosaltres\/#breadcrumb"},"inLanguage":"ca","potentialAction":[{"@type":"ReadAction","target":["https:\/\/www.mgc.es\/ca\/contacta-amb-nosaltres\/"]}]},{"@type":"BreadcrumbList","@id":"https:\/\/www.mgc.es\/ca\/contacta-amb-nosaltres\/#breadcrumb","itemListElement":[{"@type":"ListItem","position":1,"name":"Home","item":"https:\/\/www.mgc.es\/ca\/"},{"@type":"ListItem","position":2,"name":"Contacta amb nosaltres"}]},{"@type":"WebSite","@id":"https:\/\/www.mgc.es\/#website","url":"https:\/\/www.mgc.es\/","name":"MGC M\u00fatua","description":"MGC M\u00fatua \u00e9s una entitat asseguradora sense \u00e0nim de lucre constitu\u00efda al 1982 i especialitzada en assegurances de salut i assist\u00e8ncia.","publisher":{"@id":"https:\/\/www.mgc.es\/#organization"},"alternateName":"MGC","potentialAction":[{"@type":"SearchAction","target":{"@type":"EntryPoint","urlTemplate":"https:\/\/www.mgc.es\/?s={search_term_string}"},"query-input":{"@type":"PropertyValueSpecification","valueRequired":true,"valueName":"search_term_string"}}],"inLanguage":"ca"},{"@type":"Organization","@id":"https:\/\/www.mgc.es\/#organization","name":"MGC Mutua","alternateName":"MGC","url":"https:\/\/www.mgc.es\/","logo":{"@type":"ImageObject","inLanguage":"ca","@id":"https:\/\/www.mgc.es\/#\/schema\/logo\/image\/","url":"https:\/\/www.mgc.es\/wp-content\/uploads\/2020\/03\/mgcmutua_h2_2t_reduccions.png","contentUrl":"https:\/\/www.mgc.es\/wp-content\/uploads\/2020\/03\/mgcmutua_h2_2t_reduccions.png","width":303,"height":165,"caption":"MGC Mutua"},"image":{"@id":"https:\/\/www.mgc.es\/#\/schema\/logo\/image\/"},"sameAs":["https:\/\/www.facebook.com\/mgcmutua","https:\/\/x.com\/mgcmutua","https:\/\/www.youtube.com\/c\/MGCMutua"]}]}},"_links":{"self":[{"href":"https:\/\/www.mgc.es\/ca\/wp-json\/wp\/v2\/pages\/8439","targetHints":{"allow":["GET"]}}],"collection":[{"href":"https:\/\/www.mgc.es\/ca\/wp-json\/wp\/v2\/pages"}],"about":[{"href":"https:\/\/www.mgc.es\/ca\/wp-json\/wp\/v2\/types\/page"}],"author":[{"embeddable":true,"href":"https:\/\/www.mgc.es\/ca\/wp-json\/wp\/v2\/users\/1"}],"replies":[{"embeddable":true,"href":"https:\/\/www.mgc.es\/ca\/wp-json\/wp\/v2\/comments?post=8439"}],"version-history":[{"count":15,"href":"https:\/\/www.mgc.es\/ca\/wp-json\/wp\/v2\/pages\/8439\/revisions"}],"predecessor-version":[{"id":32265,"href":"https:\/\/www.mgc.es\/ca\/wp-json\/wp\/v2\/pages\/8439\/revisions\/32265"}],"wp:attachment":[{"href":"https:\/\/www.mgc.es\/ca\/wp-json\/wp\/v2\/media?parent=8439"}],"curies":[{"name":"wp","href":"https:\/\/api.w.org\/{rel}","templated":true}]}}