{"id":30841,"date":"2023-11-29T17:01:19","date_gmt":"2023-11-29T16:01:19","guid":{"rendered":"https:\/\/www.mgc.es\/?page_id=30841"},"modified":"2023-12-01T12:49:26","modified_gmt":"2023-12-01T11:49:26","slug":"canal-intern-dinformacio","status":"publish","type":"page","link":"https:\/\/www.mgc.es\/ca\/canal-intern-dinformacio\/","title":{"rendered":"Canal Intern d&#8217;Informaci\u00f3"},"content":{"rendered":"\n<p>En el marc del programa de compliment normatiu del Grup MGC i del sistema de prevenci\u00f3 de riscos penals establert, s\u2019ha implementat el Canal intern d\u2019informaci\u00f3, donant compliment aix\u00ed a la legislaci\u00f3 vigent.<\/p>\n\n\n\n<p>El Canal permet a les persones treballadores del Grup MGC, i a aquelles que hi estiguin vinculades, comunicar determinada informaci\u00f3 sobre presumptes infraccions penals o administratives, sancionades per la normativa en vigor, inclosa la europea, aix\u00ed com sobre possibles incompliments de les pautes o normes previstes al Codi \u00e8tic i de conducta, garantint la protecci\u00f3 adequada a les persones implicades.<\/p>\n\n\n\n<p>No s\u2019admetran a tr\u00e0mit les comunicacions que siguin falses o fetes amb mala fe, no estiguin fonamentades o motivades, versin sobre fets que no siguin constitutius d\u2019infracci\u00f3 o estiguin vinculades a conflictes interpersonals, procedint a continuaci\u00f3 al seu arxiu.<\/p>\n\n\n\n<p>Aix\u00ed mateix, s\u2019arxivaran aquelles comunicacions que tractin sobre queixes o reclamacions, o derivin de l\u2019exercici dels drets en mat\u00e8ria de protecci\u00f3 de dades personals, les quals s\u2019hauran de tramitar per mitj\u00e0 de les vies establertes.<\/p>\n\n\n\n<h3 class=\"wp-block-heading\">Com formular una comunicaci\u00f3?<\/h3>\n\n\n\n<p>La comunicaci\u00f3 podr\u00e0 fer-se per escrit a trav\u00e9s de l\u2019enlla\u00e7 que figura al peu del present escrit o verbalment al tel\u00e8fon 93&nbsp;414&nbsp;42&nbsp;60, sens perjudici de poder sol\u00b7licitar una reuni\u00f3 presencial amb la persona designada com a Responsable del Sistema intern d\u2019informaci\u00f3 establert pel Grup MGC.<\/p>\n\n\n\n<p>Addicionalment, la persona informant podr\u00e0 adre\u00e7ar-se tamb\u00e9 per a fer l\u2019oportuna comunicaci\u00f3 de les accions o omissions que corresponguin, al Canal extern d\u2019informaci\u00f3 de l\u2019Autoritat Independent de Protecci\u00f3 a l\u2019Informant, A.A.I., o b\u00e9, al corresponent de les autoritats o \u00f2rgans auton\u00f2mics.<\/p>\n\n\n\n<h3 class=\"wp-block-heading\">Qu\u00e8 caldr\u00e0 indicar?<\/h3>\n\n\n\n<p>1. La data de la comunicaci\u00f3.<\/p>\n\n\n\n<p>2. L\u2019empresa, \u00e0rea o lloc on s\u2019han produ\u00eft els fets.<\/p>\n\n\n\n<p>3. Des de quan s\u2019han estat produint els fets i si els fets continuen succeint en l\u2019actualitat.<\/p>\n\n\n\n<p>4. La identificaci\u00f3 dels responsables de la presumpta infracci\u00f3 o irregularitat.<\/p>\n\n\n\n<p>5. La descripci\u00f3 amb detall de les circumst\u00e0ncies que s\u2019han donat, i en la mesura de lo possible, acompanyar les proves que ho avalin.<\/p>\n\n\n\n<p>6. Indicar un domicili, adre\u00e7a de correu electr\u00f2nic o lloc segur on rebre les notificacions, o b\u00e9, renunciar a rebre-les.<\/p>\n\n\n\n<h3 class=\"wp-block-heading\">Quines garanties t\u00e9 la persona informant?<\/h3>\n\n\n\n<ul class=\"wp-block-list\">\n<li>Es garanteix la<strong> confidencialitat de les dades, <\/strong>aplicant-se les mesures adequades per fer-ne l\u2019\u00fas correcte i salvaguardar els drets de totes les persones implicades.<br>Aix\u00ed mateix, es garanteix que les comunicacions puguin ser<strong> an\u00f2nimes.<\/strong><\/li>\n<\/ul>\n\n\n\n<ul class=\"wp-block-list\">\n<li>En cas d\u2019identificaci\u00f3 de la persona informant, el <strong>dret a<\/strong> <strong>preservar la seva identitat,<\/strong> aix\u00ed mateix garantit respecte la persona o persones presumptament responsables de l\u2019incompliment comunicat.<\/li>\n<\/ul>\n\n\n\n<ul class=\"wp-block-list\">\n<li>de les dades personals, seran sempre rigorosament <strong>observades les mesures de seguretat adequades, pertinents i proporcionades<\/strong>, d\u2019acord amb el que estableix la normativa en mat\u00e8ria de protecci\u00f3 de dades de car\u00e0cter personal, exclusivament per a gestionar la comunicaci\u00f3 rebuda i durant el temps imprescindible per a la seva resoluci\u00f3, <strong>garantint en tot moment l\u2019exercici dels drets dels interessats legalment establerts<\/strong>.<\/li>\n<\/ul>\n\n\n\n<ul class=\"wp-block-list\">\n<li>Es garanteix expressament que <strong>no s\u2019adoptaran repres\u00e0lies directes o indirectes <\/strong>respecte les persones informants, a menys que la investigaci\u00f3 determini que la comunicaci\u00f3 \u00e9s falsa i que la persona que l\u2019ha realitzat era conscient de la seva falsedat, actuant de mala fe.<\/li>\n<\/ul>\n\n\n\n<h3 class=\"wp-block-heading\">Com es gestiona la comunicaci\u00f3?<\/h3>\n\n\n\n<p>Les informacions que es rebin per mitj\u00e0 d\u2019aquest Canal seran tramitades de conformitat amb el Procediment de gesti\u00f3 d\u2019informacions creat a l\u2019efecte, i aprovat pel Consell d\u2019Administraci\u00f3.<\/p>\n\n\n\n<p>La resoluci\u00f3 dels fets informats es comunicar\u00e0 a les persones implicades en el termini de tres mesos, a comptar des de la data de l\u2019acusament de rebuda o del venciment del termini de set dies des de la recepci\u00f3 de la comunicaci\u00f3, amb possibilitat d\u2019estendre\u2019s fins a tres mesos m\u00e9s, en funci\u00f3 de la complexitat de l\u2019assumpte, pr\u00e8via comunicaci\u00f3 a les parts implicades (llevat que la persona informant hagu\u00e9s renunciat a rebre comunicacions).<\/p>\n\n\n\n<div style=\"height:25px\" aria-hidden=\"true\" class=\"wp-block-spacer\"><\/div>\n\n\n\n<div class=\"wp-block-buttons is-content-justification-center is-layout-flex wp-container-core-buttons-is-layout-16018d1d wp-block-buttons-is-layout-flex\">\n<div class=\"wp-block-button has-custom-font-size is-style-fill has-medium-font-size\"><a class=\"wp-block-button__link has-white-color has-text-color has-background wp-element-button\" href=\"https:\/\/grupomgc.complianceribavidal.com\/\" style=\"border-radius:3px;background-color:#006072\" target=\"_blank\" rel=\"noreferrer noopener nofollow\"><strong>Acc\u00e9s al CANAL<\/strong><\/a><\/div>\n<\/div>\n","protected":false},"excerpt":{"rendered":"<p>En el marc del programa de compliment normatiu del Grup MGC i del sistema de prevenci\u00f3 de riscos penals establert, s\u2019ha implementat el Canal intern d\u2019informaci\u00f3, donant compliment aix\u00ed a la legislaci\u00f3 vigent. El Canal permet a les persones treballadores del Grup MGC, i a aquelles que hi estiguin vinculades, comunicar determinada informaci\u00f3 sobre presumptes [&hellip;]<\/p>\n","protected":false},"author":22,"featured_media":0,"parent":0,"menu_order":0,"comment_status":"closed","ping_status":"closed","template":"template-files\/page-legal.php","meta":{"footnotes":""},"class_list":["post-30841","page","type-page","status-publish","hentry"],"featured_image_src":null,"yoast_head":"<!-- This site is optimized with the Yoast SEO plugin v27.5 - https:\/\/yoast.com\/product\/yoast-seo-wordpress\/ -->\n<title>Canal Intern d&#039;Informaci\u00f3 - MGC M\u00fatua<\/title>\n<meta name=\"robots\" content=\"index, follow, max-snippet:-1, max-image-preview:large, max-video-preview:-1\" \/>\n<link rel=\"canonical\" href=\"https:\/\/www.mgc.es\/ca\/canal-intern-dinformacio\/\" \/>\n<meta property=\"og:locale\" content=\"ca_ES\" \/>\n<meta property=\"og:type\" content=\"article\" \/>\n<meta property=\"og:title\" content=\"Canal Intern d&#039;Informaci\u00f3 - MGC M\u00fatua\" \/>\n<meta property=\"og:description\" content=\"En el marc del programa de compliment normatiu del Grup MGC i del sistema de prevenci\u00f3 de riscos penals establert, s\u2019ha implementat el Canal intern d\u2019informaci\u00f3, donant compliment aix\u00ed a la legislaci\u00f3 vigent. El Canal permet a les persones treballadores del Grup MGC, i a aquelles que hi estiguin vinculades, comunicar determinada informaci\u00f3 sobre presumptes [&hellip;]\" \/>\n<meta property=\"og:url\" content=\"https:\/\/www.mgc.es\/ca\/canal-intern-dinformacio\/\" \/>\n<meta property=\"og:site_name\" content=\"MGC M\u00fatua\" \/>\n<meta property=\"article:publisher\" content=\"https:\/\/www.facebook.com\/mgcmutua\" \/>\n<meta property=\"article:modified_time\" content=\"2023-12-01T11:49:26+00:00\" \/>\n<meta name=\"twitter:card\" content=\"summary_large_image\" \/>\n<meta name=\"twitter:site\" content=\"@mgcmutua\" \/>\n<meta name=\"twitter:label1\" content=\"Temps estimat de lectura\" \/>\n\t<meta name=\"twitter:data1\" content=\"3 minuts\" \/>\n<!-- \/ Yoast SEO plugin. -->","yoast_head_json":{"title":"Canal Intern d'Informaci\u00f3 - MGC M\u00fatua","robots":{"index":"index","follow":"follow","max-snippet":"max-snippet:-1","max-image-preview":"max-image-preview:large","max-video-preview":"max-video-preview:-1"},"canonical":"https:\/\/www.mgc.es\/ca\/canal-intern-dinformacio\/","og_locale":"ca_ES","og_type":"article","og_title":"Canal Intern d'Informaci\u00f3 - MGC M\u00fatua","og_description":"En el marc del programa de compliment normatiu del Grup MGC i del sistema de prevenci\u00f3 de riscos penals establert, s\u2019ha implementat el Canal intern d\u2019informaci\u00f3, donant compliment aix\u00ed a la legislaci\u00f3 vigent. El Canal permet a les persones treballadores del Grup MGC, i a aquelles que hi estiguin vinculades, comunicar determinada informaci\u00f3 sobre presumptes [&hellip;]","og_url":"https:\/\/www.mgc.es\/ca\/canal-intern-dinformacio\/","og_site_name":"MGC M\u00fatua","article_publisher":"https:\/\/www.facebook.com\/mgcmutua","article_modified_time":"2023-12-01T11:49:26+00:00","twitter_card":"summary_large_image","twitter_site":"@mgcmutua","twitter_misc":{"Temps estimat de lectura":"3 minuts"},"schema":{"@context":"https:\/\/schema.org","@graph":[{"@type":"WebPage","@id":"https:\/\/www.mgc.es\/ca\/canal-intern-dinformacio\/","url":"https:\/\/www.mgc.es\/ca\/canal-intern-dinformacio\/","name":"Canal Intern d'Informaci\u00f3 - MGC M\u00fatua","isPartOf":{"@id":"https:\/\/www.mgc.es\/#website"},"datePublished":"2023-11-29T16:01:19+00:00","dateModified":"2023-12-01T11:49:26+00:00","breadcrumb":{"@id":"https:\/\/www.mgc.es\/ca\/canal-intern-dinformacio\/#breadcrumb"},"inLanguage":"ca","potentialAction":[{"@type":"ReadAction","target":["https:\/\/www.mgc.es\/ca\/canal-intern-dinformacio\/"]}]},{"@type":"BreadcrumbList","@id":"https:\/\/www.mgc.es\/ca\/canal-intern-dinformacio\/#breadcrumb","itemListElement":[{"@type":"ListItem","position":1,"name":"Home","item":"https:\/\/www.mgc.es\/ca\/"},{"@type":"ListItem","position":2,"name":"Canal Intern d&#8217;Informaci\u00f3"}]},{"@type":"WebSite","@id":"https:\/\/www.mgc.es\/#website","url":"https:\/\/www.mgc.es\/","name":"MGC M\u00fatua","description":"MGC M\u00fatua \u00e9s una entitat asseguradora sense \u00e0nim de lucre constitu\u00efda al 1982 i especialitzada en assegurances de salut i assist\u00e8ncia.","publisher":{"@id":"https:\/\/www.mgc.es\/#organization"},"alternateName":"MGC","potentialAction":[{"@type":"SearchAction","target":{"@type":"EntryPoint","urlTemplate":"https:\/\/www.mgc.es\/?s={search_term_string}"},"query-input":{"@type":"PropertyValueSpecification","valueRequired":true,"valueName":"search_term_string"}}],"inLanguage":"ca"},{"@type":"Organization","@id":"https:\/\/www.mgc.es\/#organization","name":"MGC Mutua","alternateName":"MGC","url":"https:\/\/www.mgc.es\/","logo":{"@type":"ImageObject","inLanguage":"ca","@id":"https:\/\/www.mgc.es\/#\/schema\/logo\/image\/","url":"https:\/\/www.mgc.es\/wp-content\/uploads\/2020\/03\/mgcmutua_h2_2t_reduccions.png","contentUrl":"https:\/\/www.mgc.es\/wp-content\/uploads\/2020\/03\/mgcmutua_h2_2t_reduccions.png","width":303,"height":165,"caption":"MGC Mutua"},"image":{"@id":"https:\/\/www.mgc.es\/#\/schema\/logo\/image\/"},"sameAs":["https:\/\/www.facebook.com\/mgcmutua","https:\/\/x.com\/mgcmutua","https:\/\/www.youtube.com\/c\/MGCMutua"]}]}},"_links":{"self":[{"href":"https:\/\/www.mgc.es\/ca\/wp-json\/wp\/v2\/pages\/30841","targetHints":{"allow":["GET"]}}],"collection":[{"href":"https:\/\/www.mgc.es\/ca\/wp-json\/wp\/v2\/pages"}],"about":[{"href":"https:\/\/www.mgc.es\/ca\/wp-json\/wp\/v2\/types\/page"}],"author":[{"embeddable":true,"href":"https:\/\/www.mgc.es\/ca\/wp-json\/wp\/v2\/users\/22"}],"replies":[{"embeddable":true,"href":"https:\/\/www.mgc.es\/ca\/wp-json\/wp\/v2\/comments?post=30841"}],"version-history":[{"count":7,"href":"https:\/\/www.mgc.es\/ca\/wp-json\/wp\/v2\/pages\/30841\/revisions"}],"predecessor-version":[{"id":30868,"href":"https:\/\/www.mgc.es\/ca\/wp-json\/wp\/v2\/pages\/30841\/revisions\/30868"}],"wp:attachment":[{"href":"https:\/\/www.mgc.es\/ca\/wp-json\/wp\/v2\/media?parent=30841"}],"curies":[{"name":"wp","href":"https:\/\/api.w.org\/{rel}","templated":true}]}}