{"id":29906,"date":"2023-09-19T09:56:07","date_gmt":"2023-09-19T07:56:07","guid":{"rendered":"https:\/\/www.mgc.es\/?page_id=29906"},"modified":"2025-07-16T18:35:49","modified_gmt":"2025-07-16T16:35:49","slug":"revisio-medica","status":"publish","type":"page","link":"https:\/\/www.mgc.es\/ca\/cobertures\/revisio-medica\/","title":{"rendered":"Revisi\u00f3 m\u00e8dica"},"content":{"rendered":"\n<div class=\"bloque-titulo main\">\n\t\t\t<div class=\"background-texture\">\n\t\t\t<img decoding=\"async\" src=\"\/wp-content\/themes\/mgc\/src\/img\/head-bg.png\" alt=\"\">\n\t\t<\/div>\n\t\t\t<div class=\"container\">\n\t\t\t\t\t\t<h1 class=\"title\">Revisi\u00f3 m\u00e8dica<\/h1>\n\t\t\t\t\t\t\t\t\t<p class=\"subtitle\">Protegint el que m\u00e9s importa: la salut i el benestar de tota la fam\u00edlia.<\/p>\n\t\t\t\t<\/div>\n<\/div>\n\n\n\n<div id=\"destacado-basico-1-detacado-basico-1-block_5d72151d6b1cb\" class=\"basic-featured-1\">\n\t<div class=\"container\">\n\t\t<div class=\"row\">\n\t\t\t<div class=\"img-carrier d-flex d-md-none\">\n\t\t\t\t<picture class=\"picture\">\n\t\t\t\t\t<source srcset=\"https:\/\/www.mgc.es\/wp-content\/uploads\/2023\/07\/revisio_medica-429x440.jpg\" media=\"(max-width: 450px)\">\n\t\t\t\t\t<img decoding=\"async\" src=\"https:\/\/www.mgc.es\/wp-content\/uploads\/2023\/07\/revisio_medica.jpg\" alt=\"\" >\n\t\t\t\t<\/picture>\n\t\t\t<\/div>\n\t\t\t<div class=\"col-md-14 offset-md-1 d-none d-md-flex\">\n\t\t\t\t<div class=\"img-carrier\">\n\t\t\t\t\t<picture class=\"picture\">\n\t\t\t\t\t\t<source srcset=\"https:\/\/www.mgc.es\/wp-content\/uploads\/2023\/07\/revisio_medica-429x440.jpg\" media=\"(max-width: 450px)\">\n\t\t\t\t\t\t<img decoding=\"async\" src=\"https:\/\/www.mgc.es\/wp-content\/uploads\/2023\/07\/revisio_medica.jpg\" alt=\"\" >\n\t\t\t\t\t<\/picture>\n\t\t\t\t<\/div>\n\t\t\t<\/div>\n\t\t\t<div class=\"col-md-8 block-container\">\n\t\t\t\t<div class=\"text-card \">\n\t\t\t\t\t<h3 class=\"title-s\">Revisions m\u00e8diques completes per cuidar-te amb antelaci\u00f3<\/h3>\n\t\t\t\t\t<p class=\"title\"><\/p>\n\t\t\t\t\t<p class=\"desc\"><p>A MGC t&#8217;oferim <strong>revisions m\u00e8diques completes<\/strong> que permeten <strong>detectar de manera preco\u00e7 possibles problemes de salut<\/strong>. A trav\u00e9s d&#8217;una revisi\u00f3 adaptada a la teva edat i situaci\u00f3 personal, pots prevenir complicacions futures i cuidar el teu benestar amb el <strong>suport de professionals compromesos amb la teva salut a llarg termini<\/strong>.<\/p>\n<\/p>\n\t\t\t\t\t\t\t\t\t<\/div>\n\t\t\t<\/div>\n\t\t<\/div>\n\t<\/div>\n\t<\/div>\n\n\n\n<div class=\"base-module\" id=\"modulo-baseblock_5eb3ce8f32a9e\">\n\t<div class=\"container\">\n\t\t<div class=\"row\">\n\t\t\t<div class=\"col-md-16 offset-md-4\">\n\t\t\t\t<h2>La teva tranquil\u00b7litat comen\u00e7a amb una revisi\u00f3 m\u00e8dica precisa<\/h2>\n<p>Les <a href=\"https:\/\/www.mgc.es\/ca\/assegurances-de-salut\/\">assegurances de salut de la M\u00fatua<\/a> cobreixen un reconeixement m\u00e8dic de medicina preventiva, l\u2019objectiu del qual \u00e9s valorar l\u2019estat de salut general i identificar possibles patologies o estats de risc que poden evolucionar cap a alteracions de diferents \u00f2rgans i sistemes.<\/p>\n<p>El <strong>Pla personalitzat de manteniment de la salut de <a href=\"https:\/\/www.mgc.es\/ca\/\">MGC M\u00fatua<\/a><\/strong> t\u00e9 la finalitat de valorar l&#8217;estat de salut i el perfil de risc del mutualista, prevenir la malaltia i controlar-la quan ja ha estat diagnosticada.<\/p>\n<p>En una primera fase\u00a0<strong>el mutualista pot accedir a una completa revisi\u00f3 m\u00e8dica inicial<\/strong>, amb la qual s&#8217;obtenen les dades que serveixen com a base per als posteriors controls a la\u00a0<a href=\"http:\/\/centremedic.mgc.es\/especialitats\/unitat-de-medicina-preventiva\/\" target=\"_blank\" rel=\"noopener\">Unitat de Medicina Preventiva<\/a>\u00a0d&#8217;MGC Centre M\u00e8dic.<\/p>\n<p>Un cop es coneix el perfil de risc del pacient,\u00a0<strong>els metges assessors del Centre M\u00e8dic dissenyen per a ell un pla personalitzat de manteniment de la salut<\/strong>.<\/p>\n<p>Tenint en compte trets fonamentals com el grup de risc, l&#8217;edat, el sexe o els h\u00e0bits de vida l&#8217;informen de quines s\u00f3n les proves diagn\u00f2stiques necess\u00e0ries en les pr\u00f2ximes visites a la Unitat. Si es detecten possibles patologies o estats de risc, es recomana la visita als especialistes pertinents i s&#8217;elaboraren consells de salut individualitzats per tal de revertir la situaci\u00f3.<\/p>\n<p>A m\u00e9s, la M\u00fatua posa a disposici\u00f3 dels seus assegurats tota una s\u00e8rie de\u00a0<a href=\"http:\/\/centremedic.mgc.es\/especialitats\/unitat-de-medicina-preventiva\/\" target=\"_blank\" rel=\"noopener\">programes de medicina preventiva<\/a>\u00a0al MGC Centre M\u00e8dic.<\/p>\n<p><a href=\"http:\/\/centremedic.mgc.es\/benvinguts\/\" target=\"_blank\" rel=\"noopener\">MGC Centre M\u00e8dic<\/a><br \/>\nTuset, 5-11, 2a planta &#8211; 08006 Barcelona &#8211; T. 900 841 844<\/p>\n<h3><\/h3>\n<h3>M\u00e9s cobertures per als mutualistes<\/h3>\n<p>Consulta la <a href=\"https:\/\/www.mgc.es\/ca\/cobertures\/\">resta de cobertures<\/a> dissenyades per protegir-te en tot moment.<\/p>\n\t\t\t<\/div>\n\t\t<\/div>\n\t<\/div>\n<\/div>\n\n\n\n<div style=\"height:100px\" aria-hidden=\"true\" class=\"wp-block-spacer\"><\/div>\n\n\n\n<div id=\"destacado-asesoramiento-detacado-asesoramiento-block_5d721ec2d47b4\" class=\"counseling-featured\">\n\t<div class=\"container\">\n\t\t<div class=\"row\">\n\t\t\t<div class=\"img-carrier d-flex d-md-none\">\n\t\t\t\t\t\t\t\t<picture class=\"picture\">\n\t\t\t\t\t<source srcset=\"https:\/\/www.mgc.es\/wp-content\/uploads\/2019\/11\/mes-info_01B.jpg\" media=\"(max-width: 650px)\">\n\t\t\t\t\t<img decoding=\"async\" src=\"https:\/\/www.mgc.es\/wp-content\/uploads\/2019\/11\/mes-info_01B.jpg\" alt=\"\" >\n\t\t\t\t<\/picture>\n\t\t\t<\/div>\n\t\t\t<div class=\"col-md-6 offset-md-2 block-container\">\n\t\t\t\t<div class=\"contact-form\">\n\t\t\t\t\t<div class=\"row\">\n\t\t\t\t\t\t<div class=\"col-md-24\">\n\t\t\t\t\t\t\t<p class=\"contact-form-title\">Vull m\u00e9s informaci\u00f3<\/p>\n\t\t\t\t\t\t<\/div>\n\t\t\t\t\t\t<div class=\"col-md-24\">\n\t\t\t\t\t\t\t\n<div class=\"wpcf7 no-js\" id=\"wpcf7-f8665-o1\" lang=\"es-ES\" dir=\"ltr\" data-wpcf7-id=\"8665\">\n<div class=\"screen-reader-response\"><p role=\"status\" aria-live=\"polite\" aria-atomic=\"true\"><\/p> <ul><\/ul><\/div>\n<form action=\"\/ca\/wp-json\/wp\/v2\/pages\/29906#wpcf7-f8665-o1\" method=\"post\" class=\"wpcf7-form init wpcf7-acceptance-as-validation\" aria-label=\"Formulario de contacto\" novalidate=\"novalidate\" data-status=\"init\">\n<fieldset class=\"hidden-fields-container\"><input type=\"hidden\" name=\"_wpcf7\" value=\"8665\" \/><input type=\"hidden\" name=\"_wpcf7_version\" value=\"6.1.5\" \/><input type=\"hidden\" name=\"_wpcf7_locale\" value=\"es_ES\" \/><input type=\"hidden\" name=\"_wpcf7_unit_tag\" value=\"wpcf7-f8665-o1\" \/><input type=\"hidden\" name=\"_wpcf7_container_post\" value=\"0\" \/><input type=\"hidden\" name=\"_wpcf7_posted_data_hash\" value=\"\" \/>\n<\/fieldset>\n<div class=\"form-element\">\n\t<p><span class=\"wpcf7-form-control-wrap\" data-name=\"nom\"><input size=\"40\" maxlength=\"400\" class=\"wpcf7-form-control wpcf7-text wpcf7-validates-as-required input-field\" aria-required=\"true\" aria-invalid=\"false\" placeholder=\"Nom\" value=\"\" type=\"text\" name=\"nom\" \/><\/span>\n\t<\/p>\n<\/div>\n<div class=\"form-element\">\n\t<p><span class=\"wpcf7-form-control-wrap\" data-name=\"email\"><input size=\"40\" maxlength=\"400\" class=\"wpcf7-form-control wpcf7-email wpcf7-validates-as-required wpcf7-text wpcf7-validates-as-email input-field\" aria-required=\"true\" aria-invalid=\"false\" placeholder=\"Email\" value=\"\" type=\"email\" name=\"email\" \/><\/span>\n\t<\/p>\n<\/div>\n<div class=\"form-element\">\n\t<p><span class=\"wpcf7-form-control-wrap\" data-name=\"telefon\"><input size=\"40\" maxlength=\"400\" class=\"wpcf7-form-control wpcf7-tel wpcf7-validates-as-required wpcf7-text wpcf7-validates-as-tel input-field\" aria-required=\"true\" aria-invalid=\"false\" placeholder=\"Tel\u00e8fon\" value=\"\" type=\"tel\" name=\"telefon\" \/><\/span>\n\t<\/p>\n<\/div>\n<div class=\"form-element\">\n\t<p class=\"selector-wrapper\"><br \/>\n<span class=\"wpcf7-form-control-wrap\" data-name=\"area\"><select class=\"wpcf7-form-control wpcf7-select wpcf7-validates-as-required input-field\" aria-required=\"true\" aria-invalid=\"false\" name=\"area\"><option value=\"\">\u00c0rea<\/option><option value=\"Atenci\u00f3 al mutualista\">Atenci\u00f3 al mutualista<\/option><option value=\"Atenci\u00f3 als membres del Quadre Facultatiu\">Atenci\u00f3 als membres del Quadre Facultatiu<\/option><option value=\"Administraci\u00f3\">Administraci\u00f3<\/option><option value=\"Direcci\u00f3 General\">Direcci\u00f3 General<\/option><option value=\"Comercial\">Comercial<\/option><option value=\"Marketing\">Marketing<\/option><option value=\"Fundaci\u00f3 MGC\">Fundaci\u00f3 MGC<\/option><option value=\"Informaci\u00f3 general\">Informaci\u00f3 general<\/option><\/select><\/span>\n\t<\/p>\n<\/div>\n<div class=\"form-element\">\n\t<p><br \/>\n<span class=\"wpcf7-form-control-wrap\" data-name=\"comentari\"><textarea cols=\"40\" rows=\"10\" maxlength=\"2000\" class=\"wpcf7-form-control wpcf7-textarea input-field\" aria-invalid=\"false\" placeholder=\"Consultes i comentaris\" name=\"comentari\"><\/textarea><\/span>\n\t<\/p>\n<\/div>\n<div class=\"form-element check-data-carrier\">\n\t<div class=\"form-element check-data-carrier\">\n\t\t<p><br \/>\n<span class=\"wpcf7-form-control-wrap\" data-name=\"legal\"><span class=\"wpcf7-form-control wpcf7-acceptance\"><span class=\"wpcf7-list-item\"><label><input type=\"checkbox\" name=\"legal\" value=\"1\" aria-invalid=\"false\" \/><span class=\"wpcf7-list-item-label\">Accepto la pol\u00edtica de protecci\u00f3 de dades. <a href=\"\/ca\/proteccio-de-dades\/\" target=\"_blank\">+info<\/a><\/span><\/label><\/span><\/span><\/span>\n\t\t<\/p>\n\t<\/div>\n<\/div>\n<div class=\"form-element submit-element\">\n\t<p><input class=\"wpcf7-form-control wpcf7-submit has-spinner full-button blue\" type=\"submit\" value=\"Envia consulta\" \/>\n\t<\/p>\n<\/div><div class=\"wpcf7-response-output\" aria-hidden=\"true\"><\/div>\n<\/form>\n<\/div>\n\t\t\t\t\t\t<\/div>\n\t\t\t\t\t<\/div>\n\t\t\t\t<\/div>\n\t\t\t<\/div>\n\t\t\t<div class=\"col-md-14 d-none d-md-flex\">\n\t\t\t\t<div class=\"img-carrier\">\n\t\t\t\t\t\t\t\t\t\t<picture class=\"picture\">\n\t\t\t\t\t\t<source srcset=\"https:\/\/www.mgc.es\/wp-content\/uploads\/2019\/11\/mes-info_01B.jpg\" media=\"(max-width: 650px)\">\n\t\t\t\t\t\t<img decoding=\"async\" src=\"https:\/\/www.mgc.es\/wp-content\/uploads\/2019\/11\/mes-info_01B.jpg\" alt=\"\" >\n\t\t\t\t\t<\/picture>\n\t\t\t\t<\/div>\n\t\t\t<\/div>\n\n\t\t<\/div>\n\t<\/div>\n<\/div>\n","protected":false},"excerpt":{"rendered":"","protected":false},"author":23,"featured_media":0,"parent":29538,"menu_order":0,"comment_status":"closed","ping_status":"closed","template":"template-files\/page-parallax-background.php","meta":{"footnotes":""},"class_list":["post-29906","page","type-page","status-publish","hentry"],"featured_image_src":null,"yoast_head":"<!-- This site is optimized with the Yoast SEO plugin v27.2 - https:\/\/yoast.com\/product\/yoast-seo-wordpress\/ -->\n<title>Revisions m\u00e8diques completes per cuidar-te - MGC M\u00fatua<\/title>\n<meta name=\"description\" content=\"A MGC t&#039;oferim revisions m\u00e8diques completes que permeten detectar de manera preco\u00e7 possibles problemes de salut.\" \/>\n<meta name=\"robots\" content=\"index, follow, max-snippet:-1, max-image-preview:large, max-video-preview:-1\" \/>\n<link rel=\"canonical\" href=\"https:\/\/www.mgc.es\/ca\/cobertures\/revisio-medica\/\" \/>\n<meta property=\"og:locale\" content=\"ca_ES\" \/>\n<meta property=\"og:type\" content=\"article\" \/>\n<meta property=\"og:title\" content=\"Revisions m\u00e8diques completes per cuidar-te - MGC M\u00fatua\" \/>\n<meta property=\"og:description\" content=\"A MGC t&#039;oferim revisions m\u00e8diques completes que permeten detectar de manera preco\u00e7 possibles problemes de salut.\" \/>\n<meta property=\"og:url\" content=\"https:\/\/www.mgc.es\/ca\/cobertures\/revisio-medica\/\" \/>\n<meta property=\"og:site_name\" content=\"MGC M\u00fatua\" \/>\n<meta property=\"article:publisher\" content=\"https:\/\/www.facebook.com\/mgcmutua\" \/>\n<meta property=\"article:modified_time\" content=\"2025-07-16T16:35:49+00:00\" \/>\n<meta name=\"twitter:card\" content=\"summary_large_image\" \/>\n<meta name=\"twitter:site\" content=\"@mgcmutua\" \/>\n<!-- \/ Yoast SEO plugin. -->","yoast_head_json":{"title":"Revisions m\u00e8diques completes per cuidar-te - MGC M\u00fatua","description":"A MGC t'oferim revisions m\u00e8diques completes que permeten detectar de manera preco\u00e7 possibles problemes de salut.","robots":{"index":"index","follow":"follow","max-snippet":"max-snippet:-1","max-image-preview":"max-image-preview:large","max-video-preview":"max-video-preview:-1"},"canonical":"https:\/\/www.mgc.es\/ca\/cobertures\/revisio-medica\/","og_locale":"ca_ES","og_type":"article","og_title":"Revisions m\u00e8diques completes per cuidar-te - MGC M\u00fatua","og_description":"A MGC t'oferim revisions m\u00e8diques completes que permeten detectar de manera preco\u00e7 possibles problemes de salut.","og_url":"https:\/\/www.mgc.es\/ca\/cobertures\/revisio-medica\/","og_site_name":"MGC M\u00fatua","article_publisher":"https:\/\/www.facebook.com\/mgcmutua","article_modified_time":"2025-07-16T16:35:49+00:00","twitter_card":"summary_large_image","twitter_site":"@mgcmutua","schema":{"@context":"https:\/\/schema.org","@graph":[{"@type":"WebPage","@id":"https:\/\/www.mgc.es\/ca\/cobertures\/revisio-medica\/","url":"https:\/\/www.mgc.es\/ca\/cobertures\/revisio-medica\/","name":"Revisions m\u00e8diques completes per cuidar-te - MGC M\u00fatua","isPartOf":{"@id":"https:\/\/www.mgc.es\/#website"},"datePublished":"2023-09-19T07:56:07+00:00","dateModified":"2025-07-16T16:35:49+00:00","description":"A MGC t'oferim revisions m\u00e8diques completes que permeten detectar de manera preco\u00e7 possibles problemes de salut.","breadcrumb":{"@id":"https:\/\/www.mgc.es\/ca\/cobertures\/revisio-medica\/#breadcrumb"},"inLanguage":"ca","potentialAction":[{"@type":"ReadAction","target":["https:\/\/www.mgc.es\/ca\/cobertures\/revisio-medica\/"]}]},{"@type":"BreadcrumbList","@id":"https:\/\/www.mgc.es\/ca\/cobertures\/revisio-medica\/#breadcrumb","itemListElement":[{"@type":"ListItem","position":1,"name":"Home","item":"https:\/\/www.mgc.es\/ca\/"},{"@type":"ListItem","position":2,"name":"Cobertures","item":"https:\/\/www.mgc.es\/ca\/cobertures\/"},{"@type":"ListItem","position":3,"name":"Revisi\u00f3 m\u00e8dica"}]},{"@type":"WebSite","@id":"https:\/\/www.mgc.es\/#website","url":"https:\/\/www.mgc.es\/","name":"MGC M\u00fatua","description":"MGC M\u00fatua \u00e9s una entitat asseguradora sense \u00e0nim de lucre constitu\u00efda al 1982 i especialitzada en assegurances de salut i assist\u00e8ncia.","publisher":{"@id":"https:\/\/www.mgc.es\/#organization"},"alternateName":"MGC","potentialAction":[{"@type":"SearchAction","target":{"@type":"EntryPoint","urlTemplate":"https:\/\/www.mgc.es\/?s={search_term_string}"},"query-input":{"@type":"PropertyValueSpecification","valueRequired":true,"valueName":"search_term_string"}}],"inLanguage":"ca"},{"@type":"Organization","@id":"https:\/\/www.mgc.es\/#organization","name":"MGC Mutua","alternateName":"MGC","url":"https:\/\/www.mgc.es\/","logo":{"@type":"ImageObject","inLanguage":"ca","@id":"https:\/\/www.mgc.es\/#\/schema\/logo\/image\/","url":"https:\/\/www.mgc.es\/wp-content\/uploads\/2020\/03\/mgcmutua_h2_2t_reduccions.png","contentUrl":"https:\/\/www.mgc.es\/wp-content\/uploads\/2020\/03\/mgcmutua_h2_2t_reduccions.png","width":303,"height":165,"caption":"MGC Mutua"},"image":{"@id":"https:\/\/www.mgc.es\/#\/schema\/logo\/image\/"},"sameAs":["https:\/\/www.facebook.com\/mgcmutua","https:\/\/x.com\/mgcmutua","https:\/\/www.youtube.com\/c\/MGCMutua"]}]}},"_links":{"self":[{"href":"https:\/\/www.mgc.es\/ca\/wp-json\/wp\/v2\/pages\/29906","targetHints":{"allow":["GET"]}}],"collection":[{"href":"https:\/\/www.mgc.es\/ca\/wp-json\/wp\/v2\/pages"}],"about":[{"href":"https:\/\/www.mgc.es\/ca\/wp-json\/wp\/v2\/types\/page"}],"author":[{"embeddable":true,"href":"https:\/\/www.mgc.es\/ca\/wp-json\/wp\/v2\/users\/23"}],"replies":[{"embeddable":true,"href":"https:\/\/www.mgc.es\/ca\/wp-json\/wp\/v2\/comments?post=29906"}],"version-history":[{"count":4,"href":"https:\/\/www.mgc.es\/ca\/wp-json\/wp\/v2\/pages\/29906\/revisions"}],"predecessor-version":[{"id":36167,"href":"https:\/\/www.mgc.es\/ca\/wp-json\/wp\/v2\/pages\/29906\/revisions\/36167"}],"up":[{"embeddable":true,"href":"https:\/\/www.mgc.es\/ca\/wp-json\/wp\/v2\/pages\/29538"}],"wp:attachment":[{"href":"https:\/\/www.mgc.es\/ca\/wp-json\/wp\/v2\/media?parent=29906"}],"curies":[{"name":"wp","href":"https:\/\/api.w.org\/{rel}","templated":true}]}}