{"id":29889,"date":"2023-09-19T09:55:59","date_gmt":"2023-09-19T07:55:59","guid":{"rendered":"https:\/\/www.mgc.es\/?page_id=29889"},"modified":"2025-07-16T18:08:42","modified_gmt":"2025-07-16T16:08:42","slug":"ozonoterapia","status":"publish","type":"page","link":"https:\/\/www.mgc.es\/ca\/cobertures\/ozonoterapia\/","title":{"rendered":"Ozonoter\u00e0pia"},"content":{"rendered":"\n<div class=\"bloque-titulo main\">\n\t\t\t<div class=\"background-texture\">\n\t\t\t<img decoding=\"async\" src=\"\/wp-content\/themes\/mgc\/src\/img\/head-bg.png\" alt=\"\">\n\t\t<\/div>\n\t\t\t<div class=\"container\">\n\t\t\t\t\t\t<h1 class=\"title\">Ozonoter\u00e0pia<\/h1>\n\t\t\t\t\t\t\t\t\t<p class=\"subtitle\">Protegint el que m\u00e9s importa: la salut i el benestar de tota la fam\u00edlia.<\/p>\n\t\t\t\t<\/div>\n<\/div>\n\n\n\n<div id=\"destacado-basico-1-detacado-basico-1-block_5d72151d6b1cb\" class=\"basic-featured-1\">\n\t<div class=\"container\">\n\t\t<div class=\"row\">\n\t\t\t<div class=\"img-carrier d-flex d-md-none\">\n\t\t\t\t<picture class=\"picture\">\n\t\t\t\t\t<source srcset=\"https:\/\/www.mgc.es\/wp-content\/uploads\/2023\/07\/ozonoterapia-440x429.jpg\" media=\"(max-width: 450px)\">\n\t\t\t\t\t<img decoding=\"async\" src=\"https:\/\/www.mgc.es\/wp-content\/uploads\/2023\/07\/ozonoterapia.jpg\" alt=\"\" >\n\t\t\t\t<\/picture>\n\t\t\t<\/div>\n\t\t\t<div class=\"col-md-14 offset-md-1 d-none d-md-flex\">\n\t\t\t\t<div class=\"img-carrier\">\n\t\t\t\t\t<picture class=\"picture\">\n\t\t\t\t\t\t<source srcset=\"https:\/\/www.mgc.es\/wp-content\/uploads\/2023\/07\/ozonoterapia-440x429.jpg\" media=\"(max-width: 450px)\">\n\t\t\t\t\t\t<img decoding=\"async\" src=\"https:\/\/www.mgc.es\/wp-content\/uploads\/2023\/07\/ozonoterapia.jpg\" alt=\"\" >\n\t\t\t\t\t<\/picture>\n\t\t\t\t<\/div>\n\t\t\t<\/div>\n\t\t\t<div class=\"col-md-8 block-container\">\n\t\t\t\t<div class=\"text-card \">\n\t\t\t\t\t<h3 class=\"title-s\">L&#8217;ozonoter\u00e0pia: una soluci\u00f3 regenerativa i segura per a tu<\/h3>\n\t\t\t\t\t<p class=\"title\"><\/p>\n\t\t\t\t\t<p class=\"desc\"><p>L\u2019ozonoter\u00e0pia t\u00e9 un efecte revitalitzant, oxigenant, germicida, regenerador, anti\u00e0lgic, antiinflamatori, antioxidant\u2026<\/p>\n<\/p>\n\t\t\t\t\t\t\t\t\t<\/div>\n\t\t\t<\/div>\n\t\t<\/div>\n\t<\/div>\n\t<\/div>\n\n\n\n<div class=\"base-module\" id=\"modulo-baseblock_5eb3ce8f32a9e\">\n\t<div class=\"container\">\n\t\t<div class=\"row\">\n\t\t\t<div class=\"col-md-16 offset-md-4\">\n\t\t\t\t<h2>Alleugeriment natural i efica\u00e7 amb ozonoter\u00e0pia m\u00e8dica<\/h2>\n<p>Es tracta d&#8217;una<strong> innovadora t\u00e8cnica m\u00e8dica on s&#8217;aplica l&#8217;oz\u00f3 amb finalitats terap\u00e8utiques<\/strong>, amb infiltracions locals o com a autohemoter\u00e0pia. \u00c9s aplicable als retards de cicatritzaci\u00f3, l&#8217;arterioesclerosi, la fibromi\u00e0lgia reum\u00e0tica i les h\u00e8rnies discals entre d&#8217;altres, i t\u00e9 grans efectes positius sobre el nostre organisme.<\/p>\n<p>La cobertura d&#8217;ozonoter\u00e0pia garanteix:<\/p>\n<ul>\n<li>100% del tractament, en els centres concertats per la <a href=\"https:\/\/www.mgc.es\/ca\/\">M\u00fatua<\/a>, per a totes aquelles persones que precisin aquest tractament per espondilitis anquilopo\u00e8tica, una malaltia degenerativa cr\u00f2nica de la columna vertebral, o per h\u00e8rnia discal.<\/li>\n<\/ul>\n<h3><\/h3>\n<h3>M\u00e9s cobertures per als mutualistes<\/h3>\n<p>Consulta la <a href=\"https:\/\/www.mgc.es\/ca\/cobertures\/\">resta de cobertures<\/a> dissenyades per protegir-te en tot moment amb les nostres <a href=\"https:\/\/www.mgc.es\/ca\/assegurances-de-salut\/\">assegurances de salut<\/a>.<\/p>\n\t\t\t<\/div>\n\t\t<\/div>\n\t<\/div>\n<\/div>\n\n\n\n<div style=\"height:100px\" aria-hidden=\"true\" class=\"wp-block-spacer\"><\/div>\n\n\n\n<div id=\"destacado-asesoramiento-detacado-asesoramiento-block_5d721ec2d47b4\" class=\"counseling-featured\">\n\t<div class=\"container\">\n\t\t<div class=\"row\">\n\t\t\t<div class=\"img-carrier d-flex d-md-none\">\n\t\t\t\t\t\t\t\t<picture class=\"picture\">\n\t\t\t\t\t<source srcset=\"https:\/\/www.mgc.es\/wp-content\/uploads\/2019\/11\/mes-info_01B.jpg\" media=\"(max-width: 650px)\">\n\t\t\t\t\t<img decoding=\"async\" src=\"https:\/\/www.mgc.es\/wp-content\/uploads\/2019\/11\/mes-info_01B.jpg\" alt=\"\" >\n\t\t\t\t<\/picture>\n\t\t\t<\/div>\n\t\t\t<div class=\"col-md-6 offset-md-2 block-container\">\n\t\t\t\t<div class=\"contact-form\">\n\t\t\t\t\t<div class=\"row\">\n\t\t\t\t\t\t<div class=\"col-md-24\">\n\t\t\t\t\t\t\t<p class=\"contact-form-title\">Vull m\u00e9s informaci\u00f3<\/p>\n\t\t\t\t\t\t<\/div>\n\t\t\t\t\t\t<div class=\"col-md-24\">\n\t\t\t\t\t\t\t\n<div class=\"wpcf7 no-js\" id=\"wpcf7-f8665-o1\" lang=\"es-ES\" dir=\"ltr\" data-wpcf7-id=\"8665\">\n<div class=\"screen-reader-response\"><p role=\"status\" aria-live=\"polite\" aria-atomic=\"true\"><\/p> <ul><\/ul><\/div>\n<form action=\"\/ca\/wp-json\/wp\/v2\/pages\/29889#wpcf7-f8665-o1\" method=\"post\" class=\"wpcf7-form init wpcf7-acceptance-as-validation\" aria-label=\"Formulario de contacto\" novalidate=\"novalidate\" data-status=\"init\">\n<fieldset class=\"hidden-fields-container\"><input type=\"hidden\" name=\"_wpcf7\" value=\"8665\" \/><input type=\"hidden\" name=\"_wpcf7_version\" value=\"6.1.5\" \/><input type=\"hidden\" name=\"_wpcf7_locale\" value=\"es_ES\" \/><input type=\"hidden\" name=\"_wpcf7_unit_tag\" value=\"wpcf7-f8665-o1\" \/><input type=\"hidden\" name=\"_wpcf7_container_post\" value=\"0\" \/><input type=\"hidden\" name=\"_wpcf7_posted_data_hash\" value=\"\" \/>\n<\/fieldset>\n<div class=\"form-element\">\n\t<p><span class=\"wpcf7-form-control-wrap\" data-name=\"nom\"><input size=\"40\" maxlength=\"400\" class=\"wpcf7-form-control wpcf7-text wpcf7-validates-as-required input-field\" aria-required=\"true\" aria-invalid=\"false\" placeholder=\"Nom\" value=\"\" type=\"text\" name=\"nom\" \/><\/span>\n\t<\/p>\n<\/div>\n<div class=\"form-element\">\n\t<p><span class=\"wpcf7-form-control-wrap\" data-name=\"email\"><input size=\"40\" maxlength=\"400\" class=\"wpcf7-form-control wpcf7-email wpcf7-validates-as-required wpcf7-text wpcf7-validates-as-email input-field\" aria-required=\"true\" aria-invalid=\"false\" placeholder=\"Email\" value=\"\" type=\"email\" name=\"email\" \/><\/span>\n\t<\/p>\n<\/div>\n<div class=\"form-element\">\n\t<p><span class=\"wpcf7-form-control-wrap\" data-name=\"telefon\"><input size=\"40\" maxlength=\"400\" class=\"wpcf7-form-control wpcf7-tel wpcf7-validates-as-required wpcf7-text wpcf7-validates-as-tel input-field\" aria-required=\"true\" aria-invalid=\"false\" placeholder=\"Tel\u00e8fon\" value=\"\" type=\"tel\" name=\"telefon\" \/><\/span>\n\t<\/p>\n<\/div>\n<div class=\"form-element\">\n\t<p class=\"selector-wrapper\"><br \/>\n<span class=\"wpcf7-form-control-wrap\" data-name=\"area\"><select class=\"wpcf7-form-control wpcf7-select wpcf7-validates-as-required input-field\" aria-required=\"true\" aria-invalid=\"false\" name=\"area\"><option value=\"\">\u00c0rea<\/option><option value=\"Atenci\u00f3 al mutualista\">Atenci\u00f3 al mutualista<\/option><option value=\"Atenci\u00f3 als membres del Quadre Facultatiu\">Atenci\u00f3 als membres del Quadre Facultatiu<\/option><option value=\"Administraci\u00f3\">Administraci\u00f3<\/option><option value=\"Direcci\u00f3 General\">Direcci\u00f3 General<\/option><option value=\"Comercial\">Comercial<\/option><option value=\"Marketing\">Marketing<\/option><option value=\"Fundaci\u00f3 MGC\">Fundaci\u00f3 MGC<\/option><option value=\"Informaci\u00f3 general\">Informaci\u00f3 general<\/option><\/select><\/span>\n\t<\/p>\n<\/div>\n<div class=\"form-element\">\n\t<p><br \/>\n<span class=\"wpcf7-form-control-wrap\" data-name=\"comentari\"><textarea cols=\"40\" rows=\"10\" maxlength=\"2000\" class=\"wpcf7-form-control wpcf7-textarea input-field\" aria-invalid=\"false\" placeholder=\"Consultes i comentaris\" name=\"comentari\"><\/textarea><\/span>\n\t<\/p>\n<\/div>\n<div class=\"form-element check-data-carrier\">\n\t<div class=\"form-element check-data-carrier\">\n\t\t<p><br \/>\n<span class=\"wpcf7-form-control-wrap\" data-name=\"legal\"><span class=\"wpcf7-form-control wpcf7-acceptance\"><span class=\"wpcf7-list-item\"><label><input type=\"checkbox\" name=\"legal\" value=\"1\" aria-invalid=\"false\" \/><span class=\"wpcf7-list-item-label\">Accepto la pol\u00edtica de protecci\u00f3 de dades. <a href=\"\/ca\/proteccio-de-dades\/\" target=\"_blank\">+info<\/a><\/span><\/label><\/span><\/span><\/span>\n\t\t<\/p>\n\t<\/div>\n<\/div>\n<div class=\"form-element submit-element\">\n\t<p><input class=\"wpcf7-form-control wpcf7-submit has-spinner full-button blue\" type=\"submit\" value=\"Envia consulta\" \/>\n\t<\/p>\n<\/div><div class=\"wpcf7-response-output\" aria-hidden=\"true\"><\/div>\n<\/form>\n<\/div>\n\t\t\t\t\t\t<\/div>\n\t\t\t\t\t<\/div>\n\t\t\t\t<\/div>\n\t\t\t<\/div>\n\t\t\t<div class=\"col-md-14 d-none d-md-flex\">\n\t\t\t\t<div class=\"img-carrier\">\n\t\t\t\t\t\t\t\t\t\t<picture class=\"picture\">\n\t\t\t\t\t\t<source srcset=\"https:\/\/www.mgc.es\/wp-content\/uploads\/2019\/11\/mes-info_01B.jpg\" media=\"(max-width: 650px)\">\n\t\t\t\t\t\t<img decoding=\"async\" src=\"https:\/\/www.mgc.es\/wp-content\/uploads\/2019\/11\/mes-info_01B.jpg\" alt=\"\" >\n\t\t\t\t\t<\/picture>\n\t\t\t\t<\/div>\n\t\t\t<\/div>\n\n\t\t<\/div>\n\t<\/div>\n<\/div>\n","protected":false},"excerpt":{"rendered":"","protected":false},"author":23,"featured_media":0,"parent":29538,"menu_order":0,"comment_status":"closed","ping_status":"closed","template":"template-files\/page-parallax-background.php","meta":{"footnotes":""},"class_list":["post-29889","page","type-page","status-publish","hentry"],"featured_image_src":null,"yoast_head":"<!-- This site is optimized with the Yoast SEO plugin v27.2 - https:\/\/yoast.com\/product\/yoast-seo-wordpress\/ -->\n<title>Tractaments d&#039;ozonoter\u00e0pia - MGC M\u00fatua<\/title>\n<meta name=\"description\" content=\"MGC Mutua posa a la teva disposici\u00f3 aquesta innovadora t\u00e8cnica m\u00e8dica on s&#039;aplica l&#039;oz\u00f3 amb finalitats terap\u00e8utiques.\" \/>\n<meta name=\"robots\" content=\"index, follow, max-snippet:-1, max-image-preview:large, max-video-preview:-1\" \/>\n<link rel=\"canonical\" href=\"https:\/\/www.mgc.es\/ca\/cobertures\/ozonoterapia\/\" \/>\n<meta property=\"og:locale\" content=\"ca_ES\" \/>\n<meta property=\"og:type\" content=\"article\" \/>\n<meta property=\"og:title\" content=\"Tractaments d&#039;ozonoter\u00e0pia - MGC M\u00fatua\" \/>\n<meta property=\"og:description\" content=\"MGC Mutua posa a la teva disposici\u00f3 aquesta innovadora t\u00e8cnica m\u00e8dica on s&#039;aplica l&#039;oz\u00f3 amb finalitats terap\u00e8utiques.\" \/>\n<meta property=\"og:url\" content=\"https:\/\/www.mgc.es\/ca\/cobertures\/ozonoterapia\/\" \/>\n<meta property=\"og:site_name\" content=\"MGC M\u00fatua\" \/>\n<meta property=\"article:publisher\" content=\"https:\/\/www.facebook.com\/mgcmutua\" \/>\n<meta property=\"article:modified_time\" content=\"2025-07-16T16:08:42+00:00\" \/>\n<meta name=\"twitter:card\" content=\"summary_large_image\" \/>\n<meta name=\"twitter:site\" content=\"@mgcmutua\" \/>\n<!-- \/ Yoast SEO plugin. -->","yoast_head_json":{"title":"Tractaments d'ozonoter\u00e0pia - MGC M\u00fatua","description":"MGC Mutua posa a la teva disposici\u00f3 aquesta innovadora t\u00e8cnica m\u00e8dica on s'aplica l'oz\u00f3 amb finalitats terap\u00e8utiques.","robots":{"index":"index","follow":"follow","max-snippet":"max-snippet:-1","max-image-preview":"max-image-preview:large","max-video-preview":"max-video-preview:-1"},"canonical":"https:\/\/www.mgc.es\/ca\/cobertures\/ozonoterapia\/","og_locale":"ca_ES","og_type":"article","og_title":"Tractaments d'ozonoter\u00e0pia - MGC M\u00fatua","og_description":"MGC Mutua posa a la teva disposici\u00f3 aquesta innovadora t\u00e8cnica m\u00e8dica on s'aplica l'oz\u00f3 amb finalitats terap\u00e8utiques.","og_url":"https:\/\/www.mgc.es\/ca\/cobertures\/ozonoterapia\/","og_site_name":"MGC M\u00fatua","article_publisher":"https:\/\/www.facebook.com\/mgcmutua","article_modified_time":"2025-07-16T16:08:42+00:00","twitter_card":"summary_large_image","twitter_site":"@mgcmutua","schema":{"@context":"https:\/\/schema.org","@graph":[{"@type":"WebPage","@id":"https:\/\/www.mgc.es\/ca\/cobertures\/ozonoterapia\/","url":"https:\/\/www.mgc.es\/ca\/cobertures\/ozonoterapia\/","name":"Tractaments d'ozonoter\u00e0pia - MGC M\u00fatua","isPartOf":{"@id":"https:\/\/www.mgc.es\/#website"},"datePublished":"2023-09-19T07:55:59+00:00","dateModified":"2025-07-16T16:08:42+00:00","description":"MGC Mutua posa a la teva disposici\u00f3 aquesta innovadora t\u00e8cnica m\u00e8dica on s'aplica l'oz\u00f3 amb finalitats terap\u00e8utiques.","breadcrumb":{"@id":"https:\/\/www.mgc.es\/ca\/cobertures\/ozonoterapia\/#breadcrumb"},"inLanguage":"ca","potentialAction":[{"@type":"ReadAction","target":["https:\/\/www.mgc.es\/ca\/cobertures\/ozonoterapia\/"]}]},{"@type":"BreadcrumbList","@id":"https:\/\/www.mgc.es\/ca\/cobertures\/ozonoterapia\/#breadcrumb","itemListElement":[{"@type":"ListItem","position":1,"name":"Home","item":"https:\/\/www.mgc.es\/ca\/"},{"@type":"ListItem","position":2,"name":"Cobertures","item":"https:\/\/www.mgc.es\/ca\/cobertures\/"},{"@type":"ListItem","position":3,"name":"Ozonoter\u00e0pia"}]},{"@type":"WebSite","@id":"https:\/\/www.mgc.es\/#website","url":"https:\/\/www.mgc.es\/","name":"MGC M\u00fatua","description":"MGC M\u00fatua \u00e9s una entitat asseguradora sense \u00e0nim de lucre constitu\u00efda al 1982 i especialitzada en assegurances de salut i assist\u00e8ncia.","publisher":{"@id":"https:\/\/www.mgc.es\/#organization"},"alternateName":"MGC","potentialAction":[{"@type":"SearchAction","target":{"@type":"EntryPoint","urlTemplate":"https:\/\/www.mgc.es\/?s={search_term_string}"},"query-input":{"@type":"PropertyValueSpecification","valueRequired":true,"valueName":"search_term_string"}}],"inLanguage":"ca"},{"@type":"Organization","@id":"https:\/\/www.mgc.es\/#organization","name":"MGC Mutua","alternateName":"MGC","url":"https:\/\/www.mgc.es\/","logo":{"@type":"ImageObject","inLanguage":"ca","@id":"https:\/\/www.mgc.es\/#\/schema\/logo\/image\/","url":"https:\/\/www.mgc.es\/wp-content\/uploads\/2020\/03\/mgcmutua_h2_2t_reduccions.png","contentUrl":"https:\/\/www.mgc.es\/wp-content\/uploads\/2020\/03\/mgcmutua_h2_2t_reduccions.png","width":303,"height":165,"caption":"MGC Mutua"},"image":{"@id":"https:\/\/www.mgc.es\/#\/schema\/logo\/image\/"},"sameAs":["https:\/\/www.facebook.com\/mgcmutua","https:\/\/x.com\/mgcmutua","https:\/\/www.youtube.com\/c\/MGCMutua"]}]}},"_links":{"self":[{"href":"https:\/\/www.mgc.es\/ca\/wp-json\/wp\/v2\/pages\/29889","targetHints":{"allow":["GET"]}}],"collection":[{"href":"https:\/\/www.mgc.es\/ca\/wp-json\/wp\/v2\/pages"}],"about":[{"href":"https:\/\/www.mgc.es\/ca\/wp-json\/wp\/v2\/types\/page"}],"author":[{"embeddable":true,"href":"https:\/\/www.mgc.es\/ca\/wp-json\/wp\/v2\/users\/23"}],"replies":[{"embeddable":true,"href":"https:\/\/www.mgc.es\/ca\/wp-json\/wp\/v2\/comments?post=29889"}],"version-history":[{"count":8,"href":"https:\/\/www.mgc.es\/ca\/wp-json\/wp\/v2\/pages\/29889\/revisions"}],"predecessor-version":[{"id":36150,"href":"https:\/\/www.mgc.es\/ca\/wp-json\/wp\/v2\/pages\/29889\/revisions\/36150"}],"up":[{"embeddable":true,"href":"https:\/\/www.mgc.es\/ca\/wp-json\/wp\/v2\/pages\/29538"}],"wp:attachment":[{"href":"https:\/\/www.mgc.es\/ca\/wp-json\/wp\/v2\/media?parent=29889"}],"curies":[{"name":"wp","href":"https:\/\/api.w.org\/{rel}","templated":true}]}}