{"id":29160,"date":"2023-06-29T10:12:03","date_gmt":"2023-06-29T08:12:03","guid":{"rendered":"https:\/\/www.mgc.es\/?page_id=29160"},"modified":"2026-02-11T09:58:24","modified_gmt":"2026-02-11T08:58:24","slug":"assistencia-en-viatge","status":"publish","type":"page","link":"https:\/\/www.mgc.es\/ca\/serveis\/assistencia-en-viatge\/","title":{"rendered":"Assist\u00e8ncia en viatge"},"content":{"rendered":"\n<div class=\"bloque-titulo main\">\n\t\t\t<div class=\"background-texture\">\n\t\t\t<img decoding=\"async\" src=\"\/wp-content\/themes\/mgc\/src\/img\/head-bg.png\" alt=\"\">\n\t\t<\/div>\n\t\t\t<div class=\"container\">\n\t\t\t\t\t\t<h1 class=\"title\">Serveis<\/h1>\n\t\t\t\t\t\t\t\t\t<p class=\"subtitle\">Un ampli ventall de serveis que complementen perfectament les assegurances d&#8217;MGC M\u00fatua<\/p>\n\t\t\t\t<\/div>\n<\/div>\n\n\n\n\n<div class=\"section-menu\" id=\"modulo-menu-block_698c446d57ae4\">\n\t<div class=\"top-menu\">\n\t\t<div class=\"container\">\n\t\t\t<div class=\"menu-carrier\">\n\t\t\t\t<div class=\"menu-container\">\n\t\t\t\t\t<ul class=\"menu\">\n\t\t\t\t\t\t\t\t\t\t\t\t<li class=\"menu-item menu-item-type-post_type menu-item-object-page\">\n\t\t\t\t\t\t\t<a href=\"https:\/\/www.mgc.es\/ca\/serveis\/atencio-al-mutualista\/\">Atenci\u00f3 al mutualista<\/a>\n\t\t\t\t\t\t<\/li>\n\t\t\t\t\t\t\t\t\t\t\t\t<li class=\"menu-item menu-item-type-post_type menu-item-object-page\">\n\t\t\t\t\t\t\t<a href=\"https:\/\/www.mgc.es\/ca\/serveis\/mutua-24h\/\">M\u00fatua 24h<\/a>\n\t\t\t\t\t\t<\/li>\n\t\t\t\t\t\t\t\t\t\t\t\t<li class=\"menu-item menu-item-type-post_type menu-item-object-page\">\n\t\t\t\t\t\t\t<a href=\"https:\/\/www.mgc.es\/ca\/serveis\/assistencia-en-viatge\/\">Assist\u00e8ncia en viatge<\/a>\n\t\t\t\t\t\t<\/li>\n\t\t\t\t\t\t\t\t\t\t\t\t<li class=\"menu-item menu-item-type-post_type menu-item-object-page\">\n\t\t\t\t\t\t\t<a href=\"https:\/\/www.mgc.es\/ca\/serveis\/teleconsulta\/\">Teleconsulta<\/a>\n\t\t\t\t\t\t<\/li>\n\t\t\t\t\t\t\t\t\t\t\t\t<li class=\"menu-item menu-item-type-post_type menu-item-object-page\">\n\t\t\t\t\t\t\t<a href=\"https:\/\/www.mgc.es\/ca\/serveis\/videoconsulta\/\">Videoconsulta<\/a>\n\t\t\t\t\t\t<\/li>\n\t\t\t\t\t\t\t\t\t\t\t\t<li class=\"menu-item menu-item-type-post_type menu-item-object-page\">\n\t\t\t\t\t\t\t<a href=\"https:\/\/www.mgc.es\/ca\/serveis\/centres-propis\/\">Centres propis<\/a>\n\t\t\t\t\t\t<\/li>\n\t\t\t\t\t\t\t\t\t\t\t\t<li class=\"menu-item menu-item-type-post_type menu-item-object-page\">\n\t\t\t\t\t\t\t<a href=\"https:\/\/www.mgc.es\/ca\/serveis\/assistencia-juridica\/\">Assist\u00e8ncia jur\u00eddica<\/a>\n\t\t\t\t\t\t<\/li>\n\t\t\t\t\t\t\t\t\t\t\t\t<li class=\"menu-item menu-item-type-post_type menu-item-object-page\">\n\t\t\t\t\t\t\t<a href=\"https:\/\/www.mgc.es\/ca\/serveis\/conservacio-de-cellules-mare\/\">Conservaci\u00f3 de c\u00e8l\u00b7lules mare<\/a>\n\t\t\t\t\t\t<\/li>\n\t\t\t\t\t\t\t\t\t\t\t<\/ul>\n\t\t\t\t<\/div>\n\t\t\t<\/div>\n\t\t\t\t\t<\/div>\n\t<\/div>\n<\/div>\n\n\n\n<div id=\"destacado-basico-1-detacado-basico-1-block_5d72151d6b1cb\" class=\"basic-featured-1\">\n\t<div class=\"container\">\n\t\t<div class=\"row\">\n\t\t\t<div class=\"img-carrier d-flex d-md-none\">\n\t\t\t\t<picture class=\"picture\">\n\t\t\t\t\t<source srcset=\"https:\/\/www.mgc.es\/wp-content\/uploads\/2023\/06\/as_viatje-440x293.jpg\" media=\"(max-width: 450px)\">\n\t\t\t\t\t<img decoding=\"async\" src=\"https:\/\/www.mgc.es\/wp-content\/uploads\/2023\/06\/as_viatje.jpg\" alt=\"\" >\n\t\t\t\t<\/picture>\n\t\t\t<\/div>\n\t\t\t<div class=\"col-md-14 offset-md-1 d-none d-md-flex\">\n\t\t\t\t<div class=\"img-carrier\">\n\t\t\t\t\t<picture class=\"picture\">\n\t\t\t\t\t\t<source srcset=\"https:\/\/www.mgc.es\/wp-content\/uploads\/2023\/06\/as_viatje-440x293.jpg\" media=\"(max-width: 450px)\">\n\t\t\t\t\t\t<img decoding=\"async\" src=\"https:\/\/www.mgc.es\/wp-content\/uploads\/2023\/06\/as_viatje.jpg\" alt=\"\" >\n\t\t\t\t\t<\/picture>\n\t\t\t\t<\/div>\n\t\t\t<\/div>\n\t\t\t<div class=\"col-md-8 block-container\">\n\t\t\t\t<div class=\"text-card \">\n\t\t\t\t\t<h3 class=\"title-s\"><\/h3>\n\t\t\t\t\t<p class=\"title\">Assist\u00e8ncia en viatge<\/p>\n\t\t\t\t\t<p class=\"desc\"><p>Pel sol fet de tenir concertada una asseguran\u00e7a d&#8217;assist\u00e8ncia sanit\u00e0ria amb hospitalitzaci\u00f3 de MGC M\u00fatua, disposes de la cobertura d&#8217;assist\u00e8ncia en viatge, amb validesa a tot el m\u00f3n a partir de 30 km de la teva resid\u00e8ncia habitual.<\/p>\n<\/p>\n\t\t\t\t\t\t\t\t\t<\/div>\n\t\t\t<\/div>\n\t\t<\/div>\n\t<\/div>\n\t<\/div>\n\n\n\n<div class=\"base-module\" id=\"modulo-baseblock_5eb3ce8f32a9e\">\n\t<div class=\"container\">\n\t\t<div class=\"row\">\n\t\t\t<div class=\"col-md-16 offset-md-4\">\n\t\t\t\t<p>L&#8217;assist\u00e8ncia en viatge d&#8217;MGC M\u00fatua et garanteix:<\/p>\n<ul>\n<li>Despeses d&#8217;assist\u00e8ncia m\u00e8dica d&#8217;urg\u00e8ncies (farm\u00e0cia inclosa) fins a 12.000,00 \u20ac.<\/li>\n<li>Despeses d&#8217;assist\u00e8ncia odontol\u00f2gica d&#8217;urg\u00e8ncies a l&#8217;estranger fins a 120,20 \u20ac.<\/li>\n<li>Transport o repatriaci\u00f3 sanit\u00e0ria en cas d&#8217;accident o malaltia.<\/li>\n<li>Retorn anticipat en cas de mort d&#8217;un familiar o de sinistre al domicili.<\/li>\n<li>Bitllet d&#8217;anada i tornada d&#8217;un familiar en cas d&#8217;hospitalitzaci\u00f3 perllongada.<\/li>\n<li>Recerca i transport d&#8217;equipatge en cas de robatori.<\/li>\n<li>Avan\u00e7ament de fons a l&#8217;estranger en cas de robatori.<\/li>\n<li>Defensa jur\u00eddica automobil\u00edstica a l&#8217;estranger.<\/li>\n<\/ul>\n<p>Per fer-la servir cal que truquis al tel\u00e8fon d&#8217;Atenci\u00f3 al Mutualista: <a href=\"tel:900841848\">900\u00a0841\u00a0848<\/a> (des de l&#8217;estranger <a href=\"tel:+34619818555\">+34 619 818 555<\/a>).<\/p>\n<h3>Ampliaci\u00f3 de les cobertures<\/h3>\n<p>Si preveus una estan\u00e7a superior als dos mesos, o el limit de despesa et sembla insuficient per al pa\u00eds de dest\u00ed, et podem oferir una ampliaci\u00f3 de les cobertures d&#8217;assist\u00e8ncia en viatge mitjan\u00e7ant <strong><a href=\"https:\/\/corredoria.mgc.es\/\">MGC Corredoria d&#8217;Assegurances<\/a><\/strong>.<\/p>\n<h3>M\u00e9s serveis per als mutualistes<\/h3>\n<p>Consulta la <a href=\"https:\/\/www.mgc.es\/ca\/serveis\/\">resta de serveis<\/a> i la seva disponibilitat segons l&#8217;asseguran\u00e7a que tinguis contractada.<\/p>\n\t\t\t<\/div>\n\t\t<\/div>\n\t<\/div>\n<\/div>\n\n\n\n<div style=\"height:100px\" aria-hidden=\"true\" class=\"wp-block-spacer\"><\/div>\n\n\n\n<div id=\"destacado-asesoramiento-detacado-asesoramiento-block_5d721ec2d47b4\" class=\"counseling-featured\">\n\t<div class=\"container\">\n\t\t<div class=\"row\">\n\t\t\t<div class=\"img-carrier d-flex d-md-none\">\n\t\t\t\t\t\t\t\t<picture class=\"picture\">\n\t\t\t\t\t<source srcset=\"https:\/\/www.mgc.es\/wp-content\/uploads\/2019\/11\/mes-info_01B.jpg\" media=\"(max-width: 650px)\">\n\t\t\t\t\t<img decoding=\"async\" src=\"https:\/\/www.mgc.es\/wp-content\/uploads\/2019\/11\/mes-info_01B.jpg\" alt=\"\" >\n\t\t\t\t<\/picture>\n\t\t\t<\/div>\n\t\t\t<div class=\"col-md-6 offset-md-2 block-container\">\n\t\t\t\t<div class=\"contact-form\">\n\t\t\t\t\t<div class=\"row\">\n\t\t\t\t\t\t<div class=\"col-md-24\">\n\t\t\t\t\t\t\t<p class=\"contact-form-title\">Vull m\u00e9s informaci\u00f3<\/p>\n\t\t\t\t\t\t<\/div>\n\t\t\t\t\t\t<div class=\"col-md-24\">\n\t\t\t\t\t\t\t\n<div class=\"wpcf7 no-js\" id=\"wpcf7-f29276-o1\" lang=\"es-ES\" dir=\"ltr\" data-wpcf7-id=\"29276\">\n<div class=\"screen-reader-response\"><p role=\"status\" aria-live=\"polite\" aria-atomic=\"true\"><\/p> <ul><\/ul><\/div>\n<form action=\"\/ca\/wp-json\/wp\/v2\/pages\/29160#wpcf7-f29276-o1\" method=\"post\" class=\"wpcf7-form init wpcf7-acceptance-as-validation\" aria-label=\"Formulario de contacto\" novalidate=\"novalidate\" data-status=\"init\">\n<fieldset class=\"hidden-fields-container\"><input type=\"hidden\" name=\"_wpcf7\" value=\"29276\" \/><input type=\"hidden\" name=\"_wpcf7_version\" value=\"6.1.5\" \/><input type=\"hidden\" name=\"_wpcf7_locale\" value=\"es_ES\" \/><input type=\"hidden\" name=\"_wpcf7_unit_tag\" value=\"wpcf7-f29276-o1\" \/><input type=\"hidden\" name=\"_wpcf7_container_post\" value=\"0\" \/><input type=\"hidden\" name=\"_wpcf7_posted_data_hash\" value=\"\" \/>\n<\/fieldset>\n<div class=\"form-element\">\n\t<p><span class=\"wpcf7-form-control-wrap\" data-name=\"nom\"><input size=\"40\" maxlength=\"400\" class=\"wpcf7-form-control wpcf7-text wpcf7-validates-as-required input-field\" aria-required=\"true\" aria-invalid=\"false\" placeholder=\"Nom\" value=\"\" type=\"text\" name=\"nom\" \/><\/span>\n\t<\/p>\n<\/div>\n<div class=\"form-element\">\n\t<p><span class=\"wpcf7-form-control-wrap\" data-name=\"email\"><input size=\"40\" maxlength=\"400\" class=\"wpcf7-form-control wpcf7-email wpcf7-validates-as-required wpcf7-text wpcf7-validates-as-email input-field\" aria-required=\"true\" aria-invalid=\"false\" placeholder=\"Email\" value=\"\" type=\"email\" name=\"email\" \/><\/span>\n\t<\/p>\n<\/div>\n<div class=\"form-element\">\n\t<p><span class=\"wpcf7-form-control-wrap\" data-name=\"telefon\"><input size=\"40\" maxlength=\"400\" class=\"wpcf7-form-control wpcf7-tel wpcf7-validates-as-required wpcf7-text wpcf7-validates-as-tel input-field\" aria-required=\"true\" aria-invalid=\"false\" placeholder=\"Tel\u00e8fon\" value=\"\" type=\"tel\" name=\"telefon\" \/><\/span>\n\t<\/p>\n<\/div>\n<div class=\"form-element\">\n\t<p><span class=\"wpcf7-form-control-wrap\" data-name=\"comentari\"><textarea cols=\"40\" rows=\"10\" maxlength=\"2000\" class=\"wpcf7-form-control wpcf7-textarea input-field\" aria-invalid=\"false\" placeholder=\"Consultes i comentaris\" name=\"comentari\"><\/textarea><\/span>\n\t<\/p>\n<\/div>\n<div class=\"form-element check-data-carrier\">\n\t<div class=\"form-element check-data-carrier\">\n\t\t<p><span class=\"wpcf7-form-control-wrap\" data-name=\"legal\"><span class=\"wpcf7-form-control wpcf7-acceptance\"><span class=\"wpcf7-list-item\"><label><input type=\"checkbox\" name=\"legal\" value=\"1\" aria-invalid=\"false\" \/><span class=\"wpcf7-list-item-label\">Accepto la pol\u00edtica de protecci\u00f3 de dades. <a href=\"\/ca\/proteccio-de-dades\/\" target=\"_blank\">+info<\/a><\/span><\/label><\/span><\/span><\/span>\n\t\t<\/p>\n\t<\/div>\n<\/div>\n<div class=\"form-element submit-element\">\n\t<p><input class=\"wpcf7-form-control wpcf7-submit has-spinner full-button blue\" type=\"submit\" value=\"Envia la consulta\" \/>\n\t<\/p>\n<\/div><div class=\"wpcf7-response-output\" aria-hidden=\"true\"><\/div>\n<\/form>\n<\/div>\n\t\t\t\t\t\t<\/div>\n\t\t\t\t\t<\/div>\n\t\t\t\t<\/div>\n\t\t\t<\/div>\n\t\t\t<div class=\"col-md-14 d-none d-md-flex\">\n\t\t\t\t<div class=\"img-carrier\">\n\t\t\t\t\t\t\t\t\t\t<picture class=\"picture\">\n\t\t\t\t\t\t<source srcset=\"https:\/\/www.mgc.es\/wp-content\/uploads\/2019\/11\/mes-info_01B.jpg\" media=\"(max-width: 650px)\">\n\t\t\t\t\t\t<img decoding=\"async\" src=\"https:\/\/www.mgc.es\/wp-content\/uploads\/2019\/11\/mes-info_01B.jpg\" alt=\"\" >\n\t\t\t\t\t<\/picture>\n\t\t\t\t<\/div>\n\t\t\t<\/div>\n\n\t\t<\/div>\n\t<\/div>\n<\/div>\n","protected":false},"excerpt":{"rendered":"","protected":false},"author":23,"featured_media":0,"parent":18625,"menu_order":0,"comment_status":"closed","ping_status":"closed","template":"","meta":{"footnotes":""},"class_list":["post-29160","page","type-page","status-publish","hentry"],"featured_image_src":null,"yoast_head":"<!-- This site is optimized with the Yoast SEO plugin v27.2 - https:\/\/yoast.com\/product\/yoast-seo-wordpress\/ -->\n<title>Assist\u00e8ncia en viatge - MGC M\u00fatua<\/title>\n<meta name=\"description\" content=\"Pel sol fet de tenir concertada una asseguran\u00e7a d&#039;assist\u00e8ncia sanit\u00e0ria amb hospitalitzaci\u00f3 de MGC M\u00fatua, disposes de la cobertura d&#039;assist\u00e8ncia en viatge, amb validesa a tot el m\u00f3n a partir de 30 km de la teva resid\u00e8ncia habitual.\" \/>\n<meta name=\"robots\" content=\"index, follow, max-snippet:-1, max-image-preview:large, max-video-preview:-1\" \/>\n<link rel=\"canonical\" href=\"https:\/\/www.mgc.es\/ca\/serveis\/assistencia-en-viatge\/\" \/>\n<meta property=\"og:locale\" content=\"ca_ES\" \/>\n<meta property=\"og:type\" content=\"article\" \/>\n<meta property=\"og:title\" content=\"Assist\u00e8ncia en viatge - MGC M\u00fatua\" \/>\n<meta property=\"og:description\" content=\"Pel sol fet de tenir concertada una asseguran\u00e7a d&#039;assist\u00e8ncia sanit\u00e0ria amb hospitalitzaci\u00f3 de MGC M\u00fatua, disposes de la cobertura d&#039;assist\u00e8ncia en viatge, amb validesa a tot el m\u00f3n a partir de 30 km de la teva resid\u00e8ncia habitual.\" \/>\n<meta property=\"og:url\" content=\"https:\/\/www.mgc.es\/ca\/serveis\/assistencia-en-viatge\/\" \/>\n<meta property=\"og:site_name\" content=\"MGC M\u00fatua\" \/>\n<meta property=\"article:publisher\" content=\"https:\/\/www.facebook.com\/mgcmutua\" \/>\n<meta property=\"article:modified_time\" content=\"2026-02-11T08:58:24+00:00\" \/>\n<meta name=\"twitter:card\" content=\"summary_large_image\" \/>\n<meta name=\"twitter:site\" content=\"@mgcmutua\" \/>\n<!-- \/ Yoast SEO plugin. -->","yoast_head_json":{"title":"Assist\u00e8ncia en viatge - MGC M\u00fatua","description":"Pel sol fet de tenir concertada una asseguran\u00e7a d'assist\u00e8ncia sanit\u00e0ria amb hospitalitzaci\u00f3 de MGC M\u00fatua, disposes de la cobertura d'assist\u00e8ncia en viatge, amb validesa a tot el m\u00f3n a partir de 30 km de la teva resid\u00e8ncia habitual.","robots":{"index":"index","follow":"follow","max-snippet":"max-snippet:-1","max-image-preview":"max-image-preview:large","max-video-preview":"max-video-preview:-1"},"canonical":"https:\/\/www.mgc.es\/ca\/serveis\/assistencia-en-viatge\/","og_locale":"ca_ES","og_type":"article","og_title":"Assist\u00e8ncia en viatge - MGC M\u00fatua","og_description":"Pel sol fet de tenir concertada una asseguran\u00e7a d'assist\u00e8ncia sanit\u00e0ria amb hospitalitzaci\u00f3 de MGC M\u00fatua, disposes de la cobertura d'assist\u00e8ncia en viatge, amb validesa a tot el m\u00f3n a partir de 30 km de la teva resid\u00e8ncia habitual.","og_url":"https:\/\/www.mgc.es\/ca\/serveis\/assistencia-en-viatge\/","og_site_name":"MGC M\u00fatua","article_publisher":"https:\/\/www.facebook.com\/mgcmutua","article_modified_time":"2026-02-11T08:58:24+00:00","twitter_card":"summary_large_image","twitter_site":"@mgcmutua","schema":{"@context":"https:\/\/schema.org","@graph":[{"@type":"WebPage","@id":"https:\/\/www.mgc.es\/ca\/serveis\/assistencia-en-viatge\/","url":"https:\/\/www.mgc.es\/ca\/serveis\/assistencia-en-viatge\/","name":"Assist\u00e8ncia en viatge - MGC M\u00fatua","isPartOf":{"@id":"https:\/\/www.mgc.es\/#website"},"datePublished":"2023-06-29T08:12:03+00:00","dateModified":"2026-02-11T08:58:24+00:00","description":"Pel sol fet de tenir concertada una asseguran\u00e7a d'assist\u00e8ncia sanit\u00e0ria amb hospitalitzaci\u00f3 de MGC M\u00fatua, disposes de la cobertura d'assist\u00e8ncia en viatge, amb validesa a tot el m\u00f3n a partir de 30 km de la teva resid\u00e8ncia habitual.","breadcrumb":{"@id":"https:\/\/www.mgc.es\/ca\/serveis\/assistencia-en-viatge\/#breadcrumb"},"inLanguage":"ca","potentialAction":[{"@type":"ReadAction","target":["https:\/\/www.mgc.es\/ca\/serveis\/assistencia-en-viatge\/"]}]},{"@type":"BreadcrumbList","@id":"https:\/\/www.mgc.es\/ca\/serveis\/assistencia-en-viatge\/#breadcrumb","itemListElement":[{"@type":"ListItem","position":1,"name":"Home","item":"https:\/\/www.mgc.es\/ca\/"},{"@type":"ListItem","position":2,"name":"Serveis","item":"https:\/\/www.mgc.es\/ca\/serveis\/"},{"@type":"ListItem","position":3,"name":"Assist\u00e8ncia en viatge"}]},{"@type":"WebSite","@id":"https:\/\/www.mgc.es\/#website","url":"https:\/\/www.mgc.es\/","name":"MGC M\u00fatua","description":"MGC M\u00fatua \u00e9s una entitat asseguradora sense \u00e0nim de lucre constitu\u00efda al 1982 i especialitzada en assegurances de salut i assist\u00e8ncia.","publisher":{"@id":"https:\/\/www.mgc.es\/#organization"},"alternateName":"MGC","potentialAction":[{"@type":"SearchAction","target":{"@type":"EntryPoint","urlTemplate":"https:\/\/www.mgc.es\/?s={search_term_string}"},"query-input":{"@type":"PropertyValueSpecification","valueRequired":true,"valueName":"search_term_string"}}],"inLanguage":"ca"},{"@type":"Organization","@id":"https:\/\/www.mgc.es\/#organization","name":"MGC Mutua","alternateName":"MGC","url":"https:\/\/www.mgc.es\/","logo":{"@type":"ImageObject","inLanguage":"ca","@id":"https:\/\/www.mgc.es\/#\/schema\/logo\/image\/","url":"https:\/\/www.mgc.es\/wp-content\/uploads\/2020\/03\/mgcmutua_h2_2t_reduccions.png","contentUrl":"https:\/\/www.mgc.es\/wp-content\/uploads\/2020\/03\/mgcmutua_h2_2t_reduccions.png","width":303,"height":165,"caption":"MGC Mutua"},"image":{"@id":"https:\/\/www.mgc.es\/#\/schema\/logo\/image\/"},"sameAs":["https:\/\/www.facebook.com\/mgcmutua","https:\/\/x.com\/mgcmutua","https:\/\/www.youtube.com\/c\/MGCMutua"]}]}},"_links":{"self":[{"href":"https:\/\/www.mgc.es\/ca\/wp-json\/wp\/v2\/pages\/29160","targetHints":{"allow":["GET"]}}],"collection":[{"href":"https:\/\/www.mgc.es\/ca\/wp-json\/wp\/v2\/pages"}],"about":[{"href":"https:\/\/www.mgc.es\/ca\/wp-json\/wp\/v2\/types\/page"}],"author":[{"embeddable":true,"href":"https:\/\/www.mgc.es\/ca\/wp-json\/wp\/v2\/users\/23"}],"replies":[{"embeddable":true,"href":"https:\/\/www.mgc.es\/ca\/wp-json\/wp\/v2\/comments?post=29160"}],"version-history":[{"count":25,"href":"https:\/\/www.mgc.es\/ca\/wp-json\/wp\/v2\/pages\/29160\/revisions"}],"predecessor-version":[{"id":37923,"href":"https:\/\/www.mgc.es\/ca\/wp-json\/wp\/v2\/pages\/29160\/revisions\/37923"}],"up":[{"embeddable":true,"href":"https:\/\/www.mgc.es\/ca\/wp-json\/wp\/v2\/pages\/18625"}],"wp:attachment":[{"href":"https:\/\/www.mgc.es\/ca\/wp-json\/wp\/v2\/media?parent=29160"}],"curies":[{"name":"wp","href":"https:\/\/api.w.org\/{rel}","templated":true}]}}