{"id":28815,"date":"2023-05-10T12:55:27","date_gmt":"2023-05-10T10:55:27","guid":{"rendered":"https:\/\/www.mgc.es\/?page_id=28815"},"modified":"2024-10-22T13:02:12","modified_gmt":"2024-10-22T11:02:12","slug":"landing-fill22","status":"publish","type":"page","link":"https:\/\/www.mgc.es\/ca\/landing-fill22\/","title":{"rendered":"L&#8217;asseguran\u00e7a de salut dels teus fills per 22\u20ac al mes"},"content":{"rendered":"\n<div class=\"bloque-titulo main\">\n\t\t\t<div class=\"background-texture\">\n\t\t\t<img decoding=\"async\" src=\"\/wp-content\/themes\/mgc\/src\/img\/head-bg.png\" alt=\"\">\n\t\t<\/div>\n\t\t\t<div class=\"container\">\n\t\t\t\t\t\t<h1 class=\"title\">L&#8217;asseguran\u00e7a de salut dels teus fills per 22\u20ac al mes<\/h1>\n\t\t\t\t\t<\/div>\n<\/div>\n\n\n\n<div id=\"destacado-basico-1-detacado-basico-1-block_66f3e31e925d0\" class=\"basic-featured-1\">\n\t<div class=\"container\">\n\t\t<div class=\"row\">\n\t\t\t<div class=\"img-carrier d-flex d-md-none\">\n\t\t\t\t<picture class=\"picture\">\n\t\t\t\t\t<source srcset=\"\" media=\"(max-width: 450px)\">\n\t\t\t\t\t<img decoding=\"async\" src=\"https:\/\/www.mgc.es\/wp-content\/uploads\/2024\/09\/fill_22-scaled.jpg\" alt=\"\" >\n\t\t\t\t<\/picture>\n\t\t\t<\/div>\n\t\t\t<div class=\"col-md-14 offset-md-1 d-none d-md-flex\">\n\t\t\t\t<div class=\"img-carrier\">\n\t\t\t\t\t<picture class=\"picture\">\n\t\t\t\t\t\t<source srcset=\"\" media=\"(max-width: 450px)\">\n\t\t\t\t\t\t<img decoding=\"async\" src=\"https:\/\/www.mgc.es\/wp-content\/uploads\/2024\/09\/fill_22-scaled.jpg\" alt=\"\" >\n\t\t\t\t\t<\/picture>\n\t\t\t\t<\/div>\n\t\t\t<\/div>\n\t\t\t<div class=\"col-md-8 block-container\">\n\t\t\t\t<div class=\"text-card \">\n\t\t\t\t\t<h3 class=\"title-s\"><\/h3>\n\t\t\t\t\t<p class=\"title\">Promoci\u00f3 especial fam\u00edlies<\/p>\n\t\t\t\t\t<p class=\"desc\"><p>L&#8217;asseguran\u00e7a de salut d&#8217;MGC M\u00fatua \u00e9s la m\u00e9s ben valorada per metges i clients, tant pel nivell de les cobertures com per la seva atenci\u00f3 personal. Ara, amb la\u00a0<strong>promoci\u00f3 especial per a fam\u00edlies<\/strong>, pots gaudir de l&#8217;asseguran\u00e7a de salut dels teus fills\u00a0<strong>per 22\u202f\u20ac al mes*<\/strong>.<\/p>\n<\/p>\n\t\t\t\t\t\t\t\t\t<\/div>\n\t\t\t<\/div>\n\t\t<\/div>\n\t<\/div>\n\t<\/div>\n\n\n\n\n\n<div id=\"modulo-tarificdor-modulo-tarificador-block_649940d93597d\" class=\"tarificador-module\">\n\t<div class=\"tarif-background\">\n\t\t<div class=\"img-container\">\n\t\t\t<img decoding=\"async\" src=\"\/wp-content\/themes\/mgc\/src\/img\/01.svg\" alt=\"\">\n\t\t<\/div>\n\t<\/div>\n\t<div class=\"container\">\n\t\t<div class=\"row\">\n\t\t\t<div class=\"col-lg-22 offset-lg-1\">\n\t\t\t\t<div class=\"tarif-container\">\n\t\t\t\t\t<div class=\"title-container\">\n\t\t\t\t\t\t<h3>Calcula el teu preu ara<\/h3>\n\t\t\t\t\t\t<p>Introdueix les seg\u00fcents dades per a que puguem calcular el preu de l&#8217;asseguran\u00e7a de salut. Per a una persona sola, <a href=\"#\" rel=\"nofollow\" class=\"modal-trigger\" data-toggle=\"modal\" data-target=\"#infoCoversModalAlt\" style=\"color:#006072 !important\">contacta<\/a> directament amb un agent d&#8217;MGC M\u00fatua.<\/p>\n\t\t\t\t\t<\/div>\n\t\t\t\t\t<form\n\t\t\t\t\t\tmethod=\"POST\"\n\t\t\t\t\t\taction=\"https:\/\/www.mgc.es\/ca\/calcula-el-teu-preu\/\"\n\t\t\t\t\t\tclass=\"form-container  has-selector  row\"\n\t\t\t\t\t>\n\t\t\t\t\t\t\t\t\t\t\t\t\t<div\n\t\t\t\t\t\t\t\tclass=\"selector-container form-item-container col-xl-7 col-md-12\"\n\t\t\t\t\t\t\t\tv-bind:class=\"{error: tarif_num_people_error}\"\n\t\t\t\t\t\t\t>\n\t\t\t\t\t\t\t\t<div class=\"tarif-selector-wrapper\">\n\t\t\t\t\t\t\t\t\t<select\n\t\t\t\t\t\t\t\t\t\tv-bind:class=\"{placeholder: selectPlaceholder}\"\n\t\t\t\t\t\t\t\t\t\tname=\"people_number\"\n\t\t\t\t\t\t\t\t\t\tv-model=\"tarificador_people_number\"\n\t\t\t\t\t\t\t\t\t\t@change=\"selectChange($event)\"\n\t\t\t\t\t\t\t\t\t>\n\t\t\t\t\t\t\t\t\t\t<option value=\"0\" disabled class=\"placeholder\">Quantes persones vols assegurar?<\/option>\n\t\t\t\t\t\t\t\t\t\t<option :value=\"1\">Nom\u00e9s jo<\/option>\t\t\t\t\t\t\t\t\t\t<option v-for=\"n in 15\" :value=\"n+1\">{{ n+1 }}<\/option>\n\t\t\t\t\t\t\t\t\t<\/select>\n\t\t\t\t\t\t\t\t<\/div>\n\t\t\t\t\t\t\t\t<span class=\"error-msg\">Camp obligatori<\/span>\n\t\t\t\t\t\t\t<\/div>\n\t\t\t\t\t\t\t\t\t\t\t\t<div\n\t\t\t\t\t\t\tclass=\"input-container form-item-container  col-xl-3 col-md-12 \"\n\t\t\t\t\t\t\tv-bind:class=\"{error: tarif_zipcode_error, empty: tarif_zipcode_empty}\"\n\t\t\t\t\t\t>\n\t\t\t\t\t\t\t<div class=\"tarif-input-wrapper\">\n\t\t\t\t\t\t\t\t<input\n\t\t\t\t\t\t\t\t\ttype=\"text\"\n\t\t\t\t\t\t\t\t\tname=\"zipcode\"\n\t\t\t\t\t\t\t\t\tvalue=\"\"\n\t\t\t\t\t\t\t\t\tclass=\"\"\n\t\t\t\t\t\t\t\t\tv-model=\"tarif_zipcode\"\n\t\t\t\t\t\t\t\t\tplaceholder=\"Codi Postal\"\n\t\t\t\t\t\t\t\t>\n\t\t\t\t\t\t\t<\/div>\n\t\t\t\t\t\t\t<span class=\"empty-msg\">Camp obligatori<\/span>\n\t\t\t\t\t\t\t<span class=\"error-msg\">Codi no v\u00e0lid<\/span>\n\t\t\t\t\t\t<\/div>\n\t\t\t\t\t\t<div\n\t\t\t\t\t\t\tclass=\"input-container form-item-container  col-xl-3 col-md-12 \"\n\t\t\t\t\t\t\tv-bind:class=\"{error: tarif_phone_error}\"\n\t\t\t\t\t\t>\n\t\t\t\t\t\t\t<div class=\"tarif-input-wrapper\">\n\t\t\t\t\t\t\t\t<input\n\t\t\t\t\t\t\t\t\ttype=\"tel\"\n\t\t\t\t\t\t\t\t\tpattern=\"[0-9]{9}\"\n\t\t\t\t\t\t\t\t\tname=\"phone_number\"\n\t\t\t\t\t\t\t\t\tvalue=\"\"\n\t\t\t\t\t\t\t\t\tclass=\"\"\n\t\t\t\t\t\t\t\t\tv-model=\"tarif_phone\"\n\t\t\t\t\t\t\t\t\tplaceholder=\"Tel\u00e8fon\"\n\t\t\t\t\t\t\t\t>\n\t\t\t\t\t\t\t<\/div>\n\t\t\t\t\t\t\t<span class=\"error-msg\">Camp obligatori<\/span>\n\t\t\t\t\t\t<\/div>\n\t\t\t\t\t\t<div\n\t\t\t\t\t\t\tclass=\"datepicker-container form-item-container  col-xl-7 col-md-12 \"\n\t\t\t\t\t\t\tv-bind:class=\"{error: tarif_birthdate_error}\"\n\t\t\t\t\t\t>\n\t\t\t\t\t\t\t<datepicker\n\t\t\t\t\t\t\t\tname=\"birthdate\"\n\t\t\t\t\t\t\t\tv-model=\"tarif_birthdate\"\n\t\t\t\t\t\t\t\twrapper-class=\"tarif-datepicker-wrapper\"\n\t\t\t\t\t\t\t\t@selected=\"fechaSeleccionada\"\n\t\t\t\t\t\t\t\tformat=\"dd\/MM\/yyyy\"\n\t\t\t\t\t\t\t\tcalendar-button=true\n\t\t\t\t\t\t\t\tcalendar-button-icon=\"icon-calendario\"\n\t\t\t\t\t\t\t\tmonday-first=true\n\t\t\t\t\t\t\t\tfull-month-name=true\n\t\t\t\t\t\t\t\t:language=\"ca\"\n\t\t\t\t\t\t\t\tinitial-view=\"year\"\n\t\t\t\t\t\t\t\t:disabled-dates=\"disabledDates\"\n\t\t\t\t\t\t\t\t:open-date=\"dateToOpen\"\n\t\t\t\t\t\t\t\tplaceholder=\"Data de neixement del titular\"\n\t\t\t\t\t\t\t>\n\t\t\t\t\t\t\t<\/datepicker>\n\t\t\t\t\t\t\t<span class=\"error-msg\" v-if=\"!tarif_birthdate_error_alt\">Camp obligatori<\/span>\n\t\t\t\t\t\t\t<span class=\"error-msg\" v-if=\"tarif_birthdate_error_alt\">Ha de ser major d&#8217;edat<\/span>\n\t\t\t\t\t\t<\/div>\n\t\t\t\t\t\t<div class=\"btn-container form-item-container col-xl-4 col-md-24\">\n\t\t\t\t\t\t\t<button\n\t\t\t\t\t\t\t\tid=\"rate_calculation_btn\"\n\t\t\t\t\t\t\t\tclass=\"full-button blue\"\n\t\t\t\t\t\t\t\tname=\"submit\"\n\t\t\t\t\t\t\t\ttype=\"submit\"\n\t\t\t\t\t\t\t\t\t\t\t\t\t\t\t\t\tv-on:click=\"rateCalculationHome($event)\"\n\t\t\t\t\t\t\t\t\t\t\t\t\t\t\t>\n\t\t\t\t\t\t\t\tCalcular\t\t\t\t\t\t\t<\/button>\n\t\t\t\t\t\t<\/div>\n\t\t\t\t\t<\/form>\n\t\t\t\t<\/div>\n\t\t\t<\/div>\n\t\t<\/div>\n\t<\/div>\n<\/div>\n\n\n\n<div style=\"height:50px\" aria-hidden=\"true\" class=\"wp-block-spacer\"><\/div>\n\n\n\n<div class=\"base-module\" id=\"modulo-baseblock_629490365908d\">\n\t<div class=\"container\">\n\t\t<div class=\"row\">\n\t\t\t<div class=\"col-md-16 offset-md-4\">\n\t\t\t\t<p>MGC m\u00fatua es troba entre les companyies d\u2019assegurances m\u00e8diques privades <strong>m\u00e9s ben valorades pels mateixos metges<\/strong>, segons la darrera enquesta publicada pel Consell de Col\u00b7legis de Metges de Catalunya. A m\u00e9s, gaireb\u00e9 el <strong>50% dels nous mutualistes<\/strong> venen recomanats per alg\u00fa amb una asseguran\u00e7a m\u00e8dica contractada amb nosaltres. Tot aix\u00f2, demostra l\u2019alt grau de satisfacci\u00f3 i confian\u00e7a que dipositen metges i clients en MGC m\u00fatua.<\/p>\n<h2>Per qu\u00e8 triar MGC Mutua?<\/h2>\n<p>MGC M\u00fatua, a difer\u00e8ncia d\u2019altres companyies d\u2019assegurances, \u00e9s una entitat <strong>sense \u00e0nim de lucre<\/strong> que inverteix els seus beneficis en l\u2019ampliaci\u00f3 constant de les cobertures i serveis als nostres mutualistes, \u00fanics propietaris de l\u2019entitat.<\/p>\n\t\t\t<\/div>\n\t\t<\/div>\n\t<\/div>\n<\/div>\n\n\n\n<div class=\"tips-3\" id=\"tips-3-tips-3-block_5d4bef0806ecf\">\n\t<div class=\"container\">\n\t\t<div class=\"row\">\n\t\t\t\t\t\t<div class=\"col-md-6 tip-col\n\t\t\toffset-md-2\">\n\t\t\t\t<div class=\"tip\">\n\t\t\t\t\t<div class=\"image-carrier\">\n\t\t\t\t\t\t<img decoding=\"async\" src=\"https:\/\/www.mgc.es\/wp-content\/uploads\/2019\/10\/quadre_medic.png\" alt=\"\">\n\t\t\t\t\t<\/div>\n\t\t\t\t\t<div class=\"info-block\">\n\t\t\t\t\t\t<h5 class=\"title\">El quadre m\u00e8dic m\u00e9s ampli<\/h5>\n\n\t\t\t\t\t\t<p class=\"description\">M\u00e9s de 40.000 especialistes a tota Espanya.<\/p>\n\t\t\t\t\t<\/div>\n\t\t\t\t<\/div>\n\t\t\t<\/div>\n\t\t\t\t\t\t<div class=\"col-md-6 tip-col\n\t\t\toffset-md-1\">\n\t\t\t\t<div class=\"tip\">\n\t\t\t\t\t<div class=\"image-carrier\">\n\t\t\t\t\t\t<img decoding=\"async\" src=\"https:\/\/www.mgc.es\/wp-content\/uploads\/2019\/10\/cobertures.png\" alt=\"\">\n\t\t\t\t\t<\/div>\n\t\t\t\t\t<div class=\"info-block\">\n\t\t\t\t\t\t<h5 class=\"title\">Les cobertures m\u00e9s complertes<\/h5>\n\n\t\t\t\t\t\t<p class=\"description\">Inclouen prestacions que altres companyies no cobreixen.<\/p>\n\t\t\t\t\t<\/div>\n\t\t\t\t<\/div>\n\t\t\t<\/div>\n\t\t\t\t\t\t<div class=\"col-md-6 tip-col\n\t\t\toffset-md-1\">\n\t\t\t\t<div class=\"tip\">\n\t\t\t\t\t<div class=\"image-carrier\">\n\t\t\t\t\t\t<img decoding=\"async\" src=\"https:\/\/www.mgc.es\/wp-content\/uploads\/2019\/10\/atencio_al_mutualista.png\" alt=\"\">\n\t\t\t\t\t<\/div>\n\t\t\t\t\t<div class=\"info-block\">\n\t\t\t\t\t\t<h5 class=\"title\">Prioritat en l&#8217;atenci\u00f3 al mutualista<\/h5>\n\n\t\t\t\t\t\t<p class=\"description\">Personal propi preparat per atendre les necessitats dels mutualistes.<\/p>\n\t\t\t\t\t<\/div>\n\t\t\t\t<\/div>\n\t\t\t<\/div>\n\t\t\t\t\t<\/div>\n\t<\/div>\n<\/div>\n\n\n\n<div class=\"base-module\" id=\"modulo-baseblock_62948e5e5908c\">\n\t<div class=\"container\">\n\t\t<div class=\"row\">\n\t\t\t<div class=\"col-md-16 offset-md-4\">\n\t\t\t\t<h2>Qu\u00e8 ens fa diferents?<\/h2>\n<p>Quan necessitis utilitzar l\u2019asseguran\u00e7a m\u00e8dica, amb MGC M\u00fatua tindr\u00e0s la tranquil\u00b7litat de comptar amb <strong>les cobertures m\u00e9s completes del mercat<\/strong>.<\/p>\n\t\t\t<\/div>\n\t\t<\/div>\n\t<\/div>\n<\/div>\n\n\n<div class=\"wp-block-image\">\n<figure class=\"aligncenter size-large\"><img loading=\"lazy\" decoding=\"async\" width=\"880\" height=\"561\" src=\"https:\/\/www.mgc.es\/wp-content\/uploads\/2022\/05\/comparativa_ca-880x561.png\" alt=\"\" class=\"wp-image-26356\" srcset=\"https:\/\/www.mgc.es\/wp-content\/uploads\/2022\/05\/comparativa_ca-880x561.png 880w, https:\/\/www.mgc.es\/wp-content\/uploads\/2022\/05\/comparativa_ca-440x281.png 440w, https:\/\/www.mgc.es\/wp-content\/uploads\/2022\/05\/comparativa_ca-768x490.png 768w, https:\/\/www.mgc.es\/wp-content\/uploads\/2022\/05\/comparativa_ca-1536x980.png 1536w, https:\/\/www.mgc.es\/wp-content\/uploads\/2022\/05\/comparativa_ca-2048x1306.png 2048w, https:\/\/www.mgc.es\/wp-content\/uploads\/2022\/05\/comparativa_ca.png 1024w\" sizes=\"auto, (max-width: 880px) 100vw, 880px\" \/><\/figure>\n<\/div>\n\n\n<div style=\"height:50px\" aria-hidden=\"true\" class=\"wp-block-spacer\"><\/div>\n\n\n\n<div id=\"destacado-asesoramiento-detacado-asesoramiento-block_645a607cff91e\" class=\"counseling-featured\">\n\t<div class=\"container\">\n\t\t<div class=\"row\">\n\t\t\t<div class=\"img-carrier d-flex d-md-none\">\n\t\t\t\t\t\t\t\t<picture class=\"picture\">\n\t\t\t\t\t<source srcset=\"https:\/\/www.mgc.es\/wp-content\/uploads\/2019\/11\/mes-info_01B.jpg\" media=\"(max-width: 650px)\">\n\t\t\t\t\t<img decoding=\"async\" src=\"https:\/\/www.mgc.es\/wp-content\/uploads\/2019\/11\/mes-info_01B.jpg\" alt=\"\" >\n\t\t\t\t<\/picture>\n\t\t\t<\/div>\n\t\t\t<div class=\"col-md-6 offset-md-2 block-container\">\n\t\t\t\t<div class=\"contact-form\">\n\t\t\t\t\t<div class=\"row\">\n\t\t\t\t\t\t<div class=\"col-md-24\">\n\t\t\t\t\t\t\t<p class=\"contact-form-title\">T&#8217;assessorem per trobar la millor asseguran\u00e7a<\/p>\n\t\t\t\t\t\t<\/div>\n\t\t\t\t\t\t<div class=\"col-md-24\">\n\t\t\t\t\t\t\t\n<div class=\"wpcf7 no-js\" id=\"wpcf7-f11977-o1\" lang=\"es-ES\" dir=\"ltr\" data-wpcf7-id=\"11977\">\n<div class=\"screen-reader-response\"><p role=\"status\" aria-live=\"polite\" aria-atomic=\"true\"><\/p> <ul><\/ul><\/div>\n<form action=\"\/ca\/wp-json\/wp\/v2\/pages\/28815#wpcf7-f11977-o1\" method=\"post\" class=\"wpcf7-form init wpcf7-acceptance-as-validation\" aria-label=\"Formulario de contacto\" novalidate=\"novalidate\" data-status=\"init\">\n<fieldset class=\"hidden-fields-container\"><input type=\"hidden\" name=\"_wpcf7\" value=\"11977\" \/><input type=\"hidden\" name=\"_wpcf7_version\" value=\"6.1.5\" \/><input type=\"hidden\" name=\"_wpcf7_locale\" value=\"es_ES\" \/><input type=\"hidden\" name=\"_wpcf7_unit_tag\" value=\"wpcf7-f11977-o1\" \/><input type=\"hidden\" name=\"_wpcf7_container_post\" value=\"0\" \/><input type=\"hidden\" name=\"_wpcf7_posted_data_hash\" value=\"\" \/>\n<\/fieldset>\n<div class=\"form-element\">\n\t<p><span class=\"wpcf7-form-control-wrap\" data-name=\"nom\"><input size=\"40\" maxlength=\"400\" class=\"wpcf7-form-control wpcf7-text wpcf7-validates-as-required input-field\" aria-required=\"true\" aria-invalid=\"false\" placeholder=\"Nom i cognoms\" value=\"\" type=\"text\" name=\"nom\" \/><\/span>\n\t<\/p>\n<\/div>\n<div class=\"form-element\">\n\t<p><span class=\"wpcf7-form-control-wrap\" data-name=\"tel\"><input size=\"40\" maxlength=\"400\" class=\"wpcf7-form-control wpcf7-tel wpcf7-validates-as-required wpcf7-text wpcf7-validates-as-tel input-field\" aria-required=\"true\" aria-invalid=\"false\" placeholder=\"Tel\u00e8fon de contacte\" value=\"\" type=\"tel\" name=\"tel\" \/><\/span>\n\t<\/p>\n<\/div>\n<div class=\"form-element\">\n\t<p><span class=\"wpcf7-form-control-wrap\" data-name=\"email\"><input size=\"40\" maxlength=\"400\" class=\"wpcf7-form-control wpcf7-email wpcf7-validates-as-required wpcf7-text wpcf7-validates-as-email input-field\" aria-required=\"true\" aria-invalid=\"false\" placeholder=\"Correu electr\u00f2nic\" value=\"\" type=\"email\" name=\"email\" \/><\/span>\n\t<\/p>\n<\/div>\n<div class=\"form-element\">\n\t<p><span class=\"wpcf7-form-control-wrap\" data-name=\"cp\"><input size=\"40\" maxlength=\"400\" class=\"wpcf7-form-control wpcf7-text wpcf7-validates-as-required input-field\" aria-required=\"true\" aria-invalid=\"false\" placeholder=\"Codi Postal\" value=\"\" type=\"text\" name=\"cp\" \/><\/span>\n\t<\/p>\n<\/div>\n<div class=\"form-element check-data-carrier\">\n\t<p><span class=\"wpcf7-form-control-wrap\" data-name=\"legal\"><span class=\"wpcf7-form-control wpcf7-acceptance\"><span class=\"wpcf7-list-item\"><label><input type=\"checkbox\" name=\"legal\" value=\"1\" aria-invalid=\"false\" \/><span class=\"wpcf7-list-item-label\">Accepto la pol\u00edtica de protecci\u00f3 de dades. <a href=\"\/ca\/proteccio-de-dades\/\" target=\"_blank\">+info<\/a><\/span><\/label><\/span><\/span><\/span>\n\t<\/p>\n<\/div>\n<div>\n\t<p><input type=\"text\" name=\"honeyvar\" placeholder=\"No emplenar aquest camp\" value=\"\" style=\"display:none\" \/>\n\t<\/p>\n<\/div>\n<input class=\"wpcf7-form-control wpcf7-hidden\" value=\"lead_Main\" type=\"hidden\" name=\"islead\" \/>\n<input class=\"wpcf7-form-control wpcf7-hidden\" value=\"\" type=\"hidden\" name=\"pageurl\" \/>\n<input class=\"wpcf7-form-control wpcf7-hidden\" value=\"26001\" type=\"hidden\" name=\"origen\" \/>\n<input class=\"wpcf7-form-control wpcf7-hidden\" value=\"\" type=\"hidden\" name=\"comercial\" \/>\n<input class=\"wpcf7-form-control wpcf7-hidden\" value=\"ca\" type=\"hidden\" name=\"idioma\" \/>\n<input class=\"wpcf7-form-control wpcf7-hidden\" value=\"webmgc\" type=\"hidden\" name=\"utm_source\" \/>\n<input class=\"wpcf7-form-control wpcf7-hidden\" value=\"generica\" type=\"hidden\" name=\"utm_campaign\" \/>\n<input class=\"wpcf7-form-control wpcf7-hidden\" value=\"web\" type=\"hidden\" name=\"utm_medium\" \/>\n<input class=\"wpcf7-form-control wpcf7-hidden\" value=\"\" type=\"hidden\" name=\"userid\" \/>\n<input class=\"wpcf7-form-control wpcf7-hidden\" value=\"\" type=\"hidden\" name=\"tck_loc\" \/>\n<input class=\"wpcf7-form-control wpcf7-hidden\" value=\"\" type=\"hidden\" name=\"tck_placement\" \/>\n<input class=\"wpcf7-form-control wpcf7-hidden\" value=\"\" type=\"hidden\" name=\"tck_keyword\" \/>\n<input class=\"wpcf7-form-control wpcf7-hidden\" value=\"\" type=\"hidden\" name=\"tck_campaign\" \/>\n<input class=\"wpcf7-form-control wpcf7-hidden\" value=\"\" type=\"hidden\" name=\"tck_group\" \/>\n<input class=\"wpcf7-form-control wpcf7-hidden\" value=\"\" type=\"hidden\" name=\"tck_target\" \/>\n<div class=\"form-element submit-element\">\n\t<p><input class=\"wpcf7-form-control wpcf7-submit has-spinner full-button blue\" type=\"submit\" value=\"Sol\u00b7licita informaci\u00f3\" \/>\n\t<\/p>\n<\/div><div class=\"wpcf7-response-output\" aria-hidden=\"true\"><\/div>\n<\/form>\n<\/div>\n\t\t\t\t\t\t<\/div>\n\t\t\t\t\t<\/div>\n\t\t\t\t<\/div>\n\t\t\t<\/div>\n\t\t\t<div class=\"col-md-14 d-none d-md-flex\">\n\t\t\t\t<div class=\"img-carrier\">\n\t\t\t\t\t\t\t\t\t\t<picture class=\"picture\">\n\t\t\t\t\t\t<source srcset=\"https:\/\/www.mgc.es\/wp-content\/uploads\/2019\/11\/mes-info_01B.jpg\" media=\"(max-width: 650px)\">\n\t\t\t\t\t\t<img decoding=\"async\" src=\"https:\/\/www.mgc.es\/wp-content\/uploads\/2019\/11\/mes-info_01B.jpg\" alt=\"\" >\n\t\t\t\t\t<\/picture>\n\t\t\t\t<\/div>\n\t\t\t<\/div>\n\n\t\t<\/div>\n\t<\/div>\n<\/div>\n\n\n\n<div style=\"height:50px\" aria-hidden=\"true\" class=\"wp-block-spacer\"><\/div>\n\n\n\n<div class=\"base-module\" id=\"modulo-baseblock_645a5c07ff91c\">\n\t<div class=\"container\">\n\t\t<div class=\"row\">\n\t\t\t<div class=\"col-md-16 offset-md-4\">\n\t\t\t\t<p>*Promoci\u00f3 v\u00e0lida per a col\u00b7lectius familiars (parelles o monoparentals) amb 1 o 2 fills en la franja d\u2019edat entre 5 i 19 anys i que contractin l\u2019asseguran\u00e7a de salut A-S \u00d2ptim abans del 31 de gener del 2025.<\/p>\n<p>Informa\u2019t sobre aquesta i altres promocions vigents i contacta amb un assessor d\u2019MGC M\u00fatua (900 841 844 \/ www.mgc.es) o amb un mediador autoritzat.<\/p>\n<p>El contingut d\u2019aquest web \u00e9s de car\u00e0cter estrictament informatiu, ja que l\u2019abast i cobertures de l\u2019asseguran\u00e7a venen determinades per les condicions generals corresponents i per les condicions particulars existents en cada cas.<\/p>\n\t\t\t<\/div>\n\t\t<\/div>\n\t<\/div>\n<\/div>\n\n\n\n<div style=\"height:50px\" aria-hidden=\"true\" class=\"wp-block-spacer\"><\/div>\n","protected":false},"excerpt":{"rendered":"","protected":false},"author":23,"featured_media":0,"parent":0,"menu_order":0,"comment_status":"closed","ping_status":"closed","template":"template-files\/page-parallax-background.php","meta":{"footnotes":""},"class_list":["post-28815","page","type-page","status-publish","hentry"],"featured_image_src":null,"yoast_head":"<!-- This site is optimized with the Yoast SEO plugin v27.5 - https:\/\/yoast.com\/product\/yoast-seo-wordpress\/ -->\n<title>L&#039;asseguran\u00e7a de salut dels teus fills per 22\u20ac al mes<\/title>\n<meta name=\"description\" content=\"Amb la\u00a0promoci\u00f3 especial per a fam\u00edlies d&#039;MGC M\u00fatua, pots gaudir de l&#039;asseguran\u00e7a de salut dels teus fills\u00a0per 22\u202f\u20ac al mes\" \/>\n<meta name=\"robots\" content=\"index, follow, max-snippet:-1, max-image-preview:large, max-video-preview:-1\" \/>\n<link rel=\"canonical\" href=\"https:\/\/www.mgc.es\/ca\/landing-fill22\/\" \/>\n<meta property=\"og:locale\" content=\"ca_ES\" \/>\n<meta property=\"og:type\" content=\"article\" \/>\n<meta property=\"og:title\" content=\"L&#039;asseguran\u00e7a de salut dels teus fills per 22\u20ac al mes\" \/>\n<meta property=\"og:description\" content=\"Amb la\u00a0promoci\u00f3 especial per a fam\u00edlies d&#039;MGC M\u00fatua, pots gaudir de l&#039;asseguran\u00e7a de salut dels teus fills\u00a0per 22\u202f\u20ac al mes\" \/>\n<meta property=\"og:url\" content=\"https:\/\/www.mgc.es\/ca\/landing-fill22\/\" \/>\n<meta property=\"og:site_name\" content=\"MGC M\u00fatua\" \/>\n<meta property=\"article:publisher\" content=\"https:\/\/www.facebook.com\/mgcmutua\" \/>\n<meta property=\"article:modified_time\" content=\"2024-10-22T11:02:12+00:00\" \/>\n<meta property=\"og:image\" content=\"https:\/\/www.mgc.es\/wp-content\/uploads\/2022\/05\/comparativa_ca-880x561.png\" \/>\n<meta name=\"twitter:card\" content=\"summary_large_image\" \/>\n<meta name=\"twitter:site\" content=\"@mgcmutua\" \/>\n<meta name=\"twitter:label1\" content=\"Temps estimat de lectura\" \/>\n\t<meta name=\"twitter:data1\" content=\"1 minut\" \/>\n<!-- \/ Yoast SEO plugin. -->","yoast_head_json":{"title":"L'asseguran\u00e7a de salut dels teus fills per 22\u20ac al mes","description":"Amb la\u00a0promoci\u00f3 especial per a fam\u00edlies d'MGC M\u00fatua, pots gaudir de l'asseguran\u00e7a de salut dels teus fills\u00a0per 22\u202f\u20ac al mes","robots":{"index":"index","follow":"follow","max-snippet":"max-snippet:-1","max-image-preview":"max-image-preview:large","max-video-preview":"max-video-preview:-1"},"canonical":"https:\/\/www.mgc.es\/ca\/landing-fill22\/","og_locale":"ca_ES","og_type":"article","og_title":"L'asseguran\u00e7a de salut dels teus fills per 22\u20ac al mes","og_description":"Amb la\u00a0promoci\u00f3 especial per a fam\u00edlies d'MGC M\u00fatua, pots gaudir de l'asseguran\u00e7a de salut dels teus fills\u00a0per 22\u202f\u20ac al mes","og_url":"https:\/\/www.mgc.es\/ca\/landing-fill22\/","og_site_name":"MGC M\u00fatua","article_publisher":"https:\/\/www.facebook.com\/mgcmutua","article_modified_time":"2024-10-22T11:02:12+00:00","og_image":[{"url":"https:\/\/www.mgc.es\/wp-content\/uploads\/2022\/05\/comparativa_ca-880x561.png","type":"","width":"","height":""}],"twitter_card":"summary_large_image","twitter_site":"@mgcmutua","twitter_misc":{"Temps estimat de lectura":"1 minut"},"schema":{"@context":"https:\/\/schema.org","@graph":[{"@type":"WebPage","@id":"https:\/\/www.mgc.es\/ca\/landing-fill22\/","url":"https:\/\/www.mgc.es\/ca\/landing-fill22\/","name":"L'asseguran\u00e7a de salut dels teus fills per 22\u20ac al mes","isPartOf":{"@id":"https:\/\/www.mgc.es\/#website"},"primaryImageOfPage":{"@id":"https:\/\/www.mgc.es\/ca\/landing-fill22\/#primaryimage"},"image":{"@id":"https:\/\/www.mgc.es\/ca\/landing-fill22\/#primaryimage"},"thumbnailUrl":"https:\/\/www.mgc.es\/wp-content\/uploads\/2022\/05\/comparativa_ca-880x561.png","datePublished":"2023-05-10T10:55:27+00:00","dateModified":"2024-10-22T11:02:12+00:00","description":"Amb la\u00a0promoci\u00f3 especial per a fam\u00edlies d'MGC M\u00fatua, pots gaudir de l'asseguran\u00e7a de salut dels teus fills\u00a0per 22\u202f\u20ac al mes","breadcrumb":{"@id":"https:\/\/www.mgc.es\/ca\/landing-fill22\/#breadcrumb"},"inLanguage":"ca","potentialAction":[{"@type":"ReadAction","target":["https:\/\/www.mgc.es\/ca\/landing-fill22\/"]}]},{"@type":"ImageObject","inLanguage":"ca","@id":"https:\/\/www.mgc.es\/ca\/landing-fill22\/#primaryimage","url":"https:\/\/www.mgc.es\/wp-content\/uploads\/2022\/05\/comparativa_ca-880x561.png","contentUrl":"https:\/\/www.mgc.es\/wp-content\/uploads\/2022\/05\/comparativa_ca-880x561.png"},{"@type":"BreadcrumbList","@id":"https:\/\/www.mgc.es\/ca\/landing-fill22\/#breadcrumb","itemListElement":[{"@type":"ListItem","position":1,"name":"Home","item":"https:\/\/www.mgc.es\/ca\/"},{"@type":"ListItem","position":2,"name":"L&#8217;asseguran\u00e7a de salut dels teus fills per 22\u20ac al mes"}]},{"@type":"WebSite","@id":"https:\/\/www.mgc.es\/#website","url":"https:\/\/www.mgc.es\/","name":"MGC M\u00fatua","description":"MGC M\u00fatua \u00e9s una entitat asseguradora sense \u00e0nim de lucre constitu\u00efda al 1982 i especialitzada en assegurances de salut i assist\u00e8ncia.","publisher":{"@id":"https:\/\/www.mgc.es\/#organization"},"alternateName":"MGC","potentialAction":[{"@type":"SearchAction","target":{"@type":"EntryPoint","urlTemplate":"https:\/\/www.mgc.es\/?s={search_term_string}"},"query-input":{"@type":"PropertyValueSpecification","valueRequired":true,"valueName":"search_term_string"}}],"inLanguage":"ca"},{"@type":"Organization","@id":"https:\/\/www.mgc.es\/#organization","name":"MGC Mutua","alternateName":"MGC","url":"https:\/\/www.mgc.es\/","logo":{"@type":"ImageObject","inLanguage":"ca","@id":"https:\/\/www.mgc.es\/#\/schema\/logo\/image\/","url":"https:\/\/www.mgc.es\/wp-content\/uploads\/2020\/03\/mgcmutua_h2_2t_reduccions.png","contentUrl":"https:\/\/www.mgc.es\/wp-content\/uploads\/2020\/03\/mgcmutua_h2_2t_reduccions.png","width":303,"height":165,"caption":"MGC Mutua"},"image":{"@id":"https:\/\/www.mgc.es\/#\/schema\/logo\/image\/"},"sameAs":["https:\/\/www.facebook.com\/mgcmutua","https:\/\/x.com\/mgcmutua","https:\/\/www.youtube.com\/c\/MGCMutua"]}]}},"_links":{"self":[{"href":"https:\/\/www.mgc.es\/ca\/wp-json\/wp\/v2\/pages\/28815","targetHints":{"allow":["GET"]}}],"collection":[{"href":"https:\/\/www.mgc.es\/ca\/wp-json\/wp\/v2\/pages"}],"about":[{"href":"https:\/\/www.mgc.es\/ca\/wp-json\/wp\/v2\/types\/page"}],"author":[{"embeddable":true,"href":"https:\/\/www.mgc.es\/ca\/wp-json\/wp\/v2\/users\/23"}],"replies":[{"embeddable":true,"href":"https:\/\/www.mgc.es\/ca\/wp-json\/wp\/v2\/comments?post=28815"}],"version-history":[{"count":33,"href":"https:\/\/www.mgc.es\/ca\/wp-json\/wp\/v2\/pages\/28815\/revisions"}],"predecessor-version":[{"id":32941,"href":"https:\/\/www.mgc.es\/ca\/wp-json\/wp\/v2\/pages\/28815\/revisions\/32941"}],"wp:attachment":[{"href":"https:\/\/www.mgc.es\/ca\/wp-json\/wp\/v2\/media?parent=28815"}],"curies":[{"name":"wp","href":"https:\/\/api.w.org\/{rel}","templated":true}]}}