{"id":25623,"date":"2022-03-09T16:35:35","date_gmt":"2022-03-09T15:35:35","guid":{"rendered":"https:\/\/www.mgc.es\/?page_id=25623"},"modified":"2026-04-30T17:48:50","modified_gmt":"2026-04-30T15:48:50","slug":"calcula-preu-asseguranca-medica","status":"publish","type":"page","link":"https:\/\/www.mgc.es\/ca\/calcula-preu-asseguranca-medica\/","title":{"rendered":"Preu asseguran\u00e7a m\u00e8dica"},"content":{"rendered":"\n<div class=\"bloque-titulo main\">\n\t\t\t<div class=\"background-texture\">\n\t\t\t<img decoding=\"async\" src=\"\/wp-content\/themes\/mgc\/src\/img\/head-bg.png\" alt=\"\">\n\t\t<\/div>\n\t\t\t<div class=\"container\">\n\t\t\t\t\t\t<h1 class=\"title\">Calcula el preu de la teva asseguran\u00e7a m\u00e8dica<\/h1>\n\t\t\t\t\t<\/div>\n<\/div>\n\n\n\n<div id=\"destacado-basico-1-detacado-basico-1-block_6227733c81404\" class=\"basic-featured-1\">\n\t<div class=\"container\">\n\t\t<div class=\"row\">\n\t\t\t<div class=\"img-carrier d-flex d-md-none\">\n\t\t\t\t<picture class=\"picture\">\n\t\t\t\t\t<source srcset=\"https:\/\/www.mgc.es\/wp-content\/uploads\/2025\/09\/pastissera_810x829-430x440.jpg\" media=\"(max-width: 450px)\">\n\t\t\t\t\t<img decoding=\"async\" src=\"https:\/\/www.mgc.es\/wp-content\/uploads\/2025\/09\/pastissera_810x829.jpg\" alt=\"\" >\n\t\t\t\t<\/picture>\n\t\t\t<\/div>\n\t\t\t<div class=\"col-md-14 offset-md-1 d-none d-md-flex\">\n\t\t\t\t<div class=\"img-carrier\">\n\t\t\t\t\t<picture class=\"picture\">\n\t\t\t\t\t\t<source srcset=\"https:\/\/www.mgc.es\/wp-content\/uploads\/2025\/09\/pastissera_810x829-430x440.jpg\" media=\"(max-width: 450px)\">\n\t\t\t\t\t\t<img decoding=\"async\" src=\"https:\/\/www.mgc.es\/wp-content\/uploads\/2025\/09\/pastissera_810x829.jpg\" alt=\"\" >\n\t\t\t\t\t<\/picture>\n\t\t\t\t<\/div>\n\t\t\t<\/div>\n\t\t\t<div class=\"col-md-8 block-container\">\n\t\t\t\t<div class=\"text-card \">\n\t\t\t\t\t<h3 class=\"title-s\"><\/h3>\n\t\t\t\t\t<p class=\"title\">Som la millor asseguradora de salut<\/p>\n\t\t\t\t\t<p class=\"desc\"><p>MGC M\u00fatua ha estat reconeguda com la millor asseguradora de salut 2025 amb el guard\u00f3 &#8220;Compromiso con el cuidado de la salud como mejor aseguradora 2025&#8221; als I Premios Activos Empresariales 2025 de Prensa Ib\u00e9rica. Aquest premi refor\u00e7a el nostre comprom\u00eds amb la teva salut i reconeix els nostres valors, la qualitat assistencial i el comprom\u00eds amb els mutualistes.<\/p>\n<\/p>\n\t\t\t\t\t\t\t\t\t<\/div>\n\t\t\t<\/div>\n\t\t<\/div>\n\t<\/div>\n\t<\/div>\n\n\n\n\n\n<div id=\"modulo-tarificdor-modulo-tarificador-block_6227772081406\" class=\"tarificador-module\">\n\t<div class=\"tarif-background\">\n\t\t<div class=\"img-container\">\n\t\t\t<img decoding=\"async\" src=\"\/wp-content\/themes\/mgc\/src\/img\/01.svg\" alt=\"\">\n\t\t<\/div>\n\t<\/div>\n\t<div class=\"container\">\n\t\t<div class=\"row\">\n\t\t\t<div class=\"col-lg-22 offset-lg-1\">\n\t\t\t\t<div class=\"tarif-container\">\n\t\t\t\t\t<div class=\"title-container\">\n\t\t\t\t\t\t<h3>Calcula el teu preu ara<\/h3>\n\t\t\t\t\t\t<p>Introdueix les seg\u00fcents dades per a que puguem calcular el preu de l&#8217;asseguran\u00e7a de salut. Per a una persona sola, <a href=\"#\" rel=\"nofollow\" class=\"modal-trigger\" data-toggle=\"modal\" data-target=\"#infoCoversModalAlt\" style=\"color:#006072 !important\">contacta<\/a> directament amb un agent d&#8217;MGC M\u00fatua.<\/p>\n\t\t\t\t\t<\/div>\n\t\t\t\t\t<form\n\t\t\t\t\t\tmethod=\"POST\"\n\t\t\t\t\t\taction=\"https:\/\/www.mgc.es\/ca\/calcula-el-teu-preu\/\"\n\t\t\t\t\t\tclass=\"form-container  has-selector  row\"\n\t\t\t\t\t>\n\t\t\t\t\t\t\t\t\t\t\t\t\t<div\n\t\t\t\t\t\t\t\tclass=\"selector-container form-item-container col-xl-7 col-md-12\"\n\t\t\t\t\t\t\t\tv-bind:class=\"{error: tarif_num_people_error}\"\n\t\t\t\t\t\t\t>\n\t\t\t\t\t\t\t\t<div class=\"tarif-selector-wrapper\">\n\t\t\t\t\t\t\t\t\t<select\n\t\t\t\t\t\t\t\t\t\tv-bind:class=\"{placeholder: selectPlaceholder}\"\n\t\t\t\t\t\t\t\t\t\tname=\"people_number\"\n\t\t\t\t\t\t\t\t\t\tv-model=\"tarificador_people_number\"\n\t\t\t\t\t\t\t\t\t\t@change=\"selectChange($event)\"\n\t\t\t\t\t\t\t\t\t>\n\t\t\t\t\t\t\t\t\t\t<option value=\"0\" disabled class=\"placeholder\">Quantes persones vols assegurar?<\/option>\n\t\t\t\t\t\t\t\t\t\t\t\t\t\t\t\t\t\t\t\t<option v-for=\"n in 15\" :value=\"n+1\">{{ n+1 }}<\/option>\n\t\t\t\t\t\t\t\t\t<\/select>\n\t\t\t\t\t\t\t\t<\/div>\n\t\t\t\t\t\t\t\t<span class=\"error-msg\">Camp obligatori<\/span>\n\t\t\t\t\t\t\t<\/div>\n\t\t\t\t\t\t\t\t\t\t\t\t<div\n\t\t\t\t\t\t\tclass=\"input-container form-item-container  col-xl-3 col-md-12 \"\n\t\t\t\t\t\t\tv-bind:class=\"{error: tarif_zipcode_error, empty: tarif_zipcode_empty}\"\n\t\t\t\t\t\t>\n\t\t\t\t\t\t\t<div class=\"tarif-input-wrapper\">\n\t\t\t\t\t\t\t\t<input\n\t\t\t\t\t\t\t\t\ttype=\"text\"\n\t\t\t\t\t\t\t\t\tname=\"zipcode\"\n\t\t\t\t\t\t\t\t\tvalue=\"\"\n\t\t\t\t\t\t\t\t\tclass=\"\"\n\t\t\t\t\t\t\t\t\tv-model=\"tarif_zipcode\"\n\t\t\t\t\t\t\t\t\tplaceholder=\"Codi Postal\"\n\t\t\t\t\t\t\t\t>\n\t\t\t\t\t\t\t<\/div>\n\t\t\t\t\t\t\t<span class=\"empty-msg\">Camp obligatori<\/span>\n\t\t\t\t\t\t\t<span class=\"error-msg\">Codi no v\u00e0lid<\/span>\n\t\t\t\t\t\t<\/div>\n\t\t\t\t\t\t<div\n\t\t\t\t\t\t\tclass=\"input-container form-item-container  col-xl-3 col-md-12 \"\n\t\t\t\t\t\t\tv-bind:class=\"{error: tarif_phone_error}\"\n\t\t\t\t\t\t>\n\t\t\t\t\t\t\t<div class=\"tarif-input-wrapper\">\n\t\t\t\t\t\t\t\t<input\n\t\t\t\t\t\t\t\t\ttype=\"tel\"\n\t\t\t\t\t\t\t\t\tpattern=\"[0-9]{9}\"\n\t\t\t\t\t\t\t\t\tname=\"phone_number\"\n\t\t\t\t\t\t\t\t\tvalue=\"\"\n\t\t\t\t\t\t\t\t\tclass=\"\"\n\t\t\t\t\t\t\t\t\tv-model=\"tarif_phone\"\n\t\t\t\t\t\t\t\t\tplaceholder=\"Tel\u00e8fon\"\n\t\t\t\t\t\t\t\t>\n\t\t\t\t\t\t\t<\/div>\n\t\t\t\t\t\t\t<span class=\"error-msg\">Camp obligatori<\/span>\n\t\t\t\t\t\t<\/div>\n\t\t\t\t\t\t<div\n\t\t\t\t\t\t\tclass=\"datepicker-container form-item-container  col-xl-7 col-md-12 \"\n\t\t\t\t\t\t\tv-bind:class=\"{error: tarif_birthdate_error}\"\n\t\t\t\t\t\t>\n\t\t\t\t\t\t\t<datepicker\n\t\t\t\t\t\t\t\tname=\"birthdate\"\n\t\t\t\t\t\t\t\tv-model=\"tarif_birthdate\"\n\t\t\t\t\t\t\t\twrapper-class=\"tarif-datepicker-wrapper\"\n\t\t\t\t\t\t\t\t@selected=\"fechaSeleccionada\"\n\t\t\t\t\t\t\t\tformat=\"dd\/MM\/yyyy\"\n\t\t\t\t\t\t\t\tcalendar-button=true\n\t\t\t\t\t\t\t\tcalendar-button-icon=\"icon-calendario\"\n\t\t\t\t\t\t\t\tmonday-first=true\n\t\t\t\t\t\t\t\tfull-month-name=true\n\t\t\t\t\t\t\t\t:language=\"ca\"\n\t\t\t\t\t\t\t\tinitial-view=\"year\"\n\t\t\t\t\t\t\t\t:disabled-dates=\"disabledDates\"\n\t\t\t\t\t\t\t\t:open-date=\"dateToOpen\"\n\t\t\t\t\t\t\t\tplaceholder=\"Data de neixement del titular\"\n\t\t\t\t\t\t\t>\n\t\t\t\t\t\t\t<\/datepicker>\n\t\t\t\t\t\t\t<span class=\"error-msg\" v-if=\"!tarif_birthdate_error_alt\">Camp obligatori<\/span>\n\t\t\t\t\t\t\t<span class=\"error-msg\" v-if=\"tarif_birthdate_error_alt\">Ha de ser major d&#8217;edat<\/span>\n\t\t\t\t\t\t<\/div>\n\t\t\t\t\t\t<div class=\"btn-container form-item-container col-xl-4 col-md-24\">\n\t\t\t\t\t\t\t<button\n\t\t\t\t\t\t\t\tid=\"rate_calculation_btn\"\n\t\t\t\t\t\t\t\tclass=\"full-button blue\"\n\t\t\t\t\t\t\t\tname=\"submit\"\n\t\t\t\t\t\t\t\ttype=\"submit\"\n\t\t\t\t\t\t\t\t\t\t\t\t\t\t\t\t\tv-on:click=\"rateCalculationOptim($event)\"\n\t\t\t\t\t\t\t\t\t\t\t\t\t\t\t>\n\t\t\t\t\t\t\t\tCalcular\t\t\t\t\t\t\t<\/button>\n\t\t\t\t\t\t<\/div>\n\t\t\t\t\t<\/form>\n\t\t\t\t<\/div>\n\t\t\t<\/div>\n\t\t<\/div>\n\t<\/div>\n<\/div>\n\n\n\n<script>\n$('.tarif-container h3').text(\"Demana el teu pressupost i gaudeix d'un descompte del 36% cada any!*\");\n<\/script>\n\n\n\n<div class=\"base-module\" id=\"modulo-baseblock_659d2837e012c\">\n\t<div class=\"container\">\n\t\t<div class=\"row\">\n\t\t\t<div class=\"col-md-16 offset-md-4\">\n\t\t\t\t<h2>Per qu\u00e8 MGC M\u00fatua \u00e9s la millor asseguradora de salut<\/h2>\n<p>MGC M\u00fatua, a difer\u00e8ncia d&#8217;altres companyies d&#8217;assegurances, \u00e9s una entitat sense \u00e0nim de lucre que inverteix els seus beneficis en l&#8217;ampliaci\u00f3 constant de les cobertures i els serveis als nostres mutualistes, \u00fanics propietaris de l&#8217;entitat.<\/p>\n\t\t\t<\/div>\n\t\t<\/div>\n\t<\/div>\n<\/div>\n\n\n\n<div class=\"tips-3\" id=\"tips-3-tips-3-block_5d4bef0806ecf\">\n\t<div class=\"container\">\n\t\t<div class=\"row\">\n\t\t\t\t\t\t<div class=\"col-md-6 tip-col\n\t\t\toffset-md-2\">\n\t\t\t\t<div class=\"tip\">\n\t\t\t\t\t<div class=\"image-carrier\">\n\t\t\t\t\t\t<img decoding=\"async\" src=\"https:\/\/www.mgc.es\/wp-content\/uploads\/2019\/10\/quadre_medic.png\" alt=\"\">\n\t\t\t\t\t<\/div>\n\t\t\t\t\t<div class=\"info-block\">\n\t\t\t\t\t\t<h5 class=\"title\">El quadre m\u00e8dic m\u00e9s ampli<\/h5>\n\n\t\t\t\t\t\t<p class=\"description\">M\u00e9s de 40.000 especialistes a tota Espanya.<\/p>\n\t\t\t\t\t<\/div>\n\t\t\t\t<\/div>\n\t\t\t<\/div>\n\t\t\t\t\t\t<div class=\"col-md-6 tip-col\n\t\t\toffset-md-1\">\n\t\t\t\t<div class=\"tip\">\n\t\t\t\t\t<div class=\"image-carrier\">\n\t\t\t\t\t\t<img decoding=\"async\" src=\"https:\/\/www.mgc.es\/wp-content\/uploads\/2019\/10\/cobertures.png\" alt=\"\">\n\t\t\t\t\t<\/div>\n\t\t\t\t\t<div class=\"info-block\">\n\t\t\t\t\t\t<h5 class=\"title\">Les cobertures m\u00e9s \u00e0mplies<\/h5>\n\n\t\t\t\t\t\t<p class=\"description\">Incloen prestacions que altres companyies no cobreixen.<\/p>\n\t\t\t\t\t<\/div>\n\t\t\t\t<\/div>\n\t\t\t<\/div>\n\t\t\t\t\t\t<div class=\"col-md-6 tip-col\n\t\t\toffset-md-1\">\n\t\t\t\t<div class=\"tip\">\n\t\t\t\t\t<div class=\"image-carrier\">\n\t\t\t\t\t\t<img decoding=\"async\" src=\"https:\/\/www.mgc.es\/wp-content\/uploads\/2019\/10\/atencio_al_mutualista.png\" alt=\"\">\n\t\t\t\t\t<\/div>\n\t\t\t\t\t<div class=\"info-block\">\n\t\t\t\t\t\t<h5 class=\"title\">Prioritat en l&#8217;atenci\u00f3 al mutualista<\/h5>\n\n\t\t\t\t\t\t<p class=\"description\">Personal propi preparat per atendre les necesitats dels mutualistes.<\/p>\n\t\t\t\t\t<\/div>\n\t\t\t\t<\/div>\n\t\t\t<\/div>\n\t\t\t\t\t<\/div>\n\t<\/div>\n<\/div>\n\n\n\n<div style=\"height:100px\" aria-hidden=\"true\" class=\"wp-block-spacer\"><\/div>\n\n\n\n<div class=\"base-module\" id=\"modulo-baseblock_62277c9181407\">\n\t<div class=\"container\">\n\t\t<div class=\"row\">\n\t\t\t<div class=\"col-md-16 offset-md-4\">\n\t\t\t\t<p><em>*Descompte del 36% sobre la prima de l&#8217;any 2026, corresponent per a un col\u00b7lectiu familiar de 3 membres, residents a Barcelona i amb l&#8217;asseguran\u00e7a A-S Total Base contractada (modalitat amb franqu\u00edcia). Informa&#8217;t sobre el descompte corresponent al teu cas i els requisits contactant amb un agent d&#8217;MGC M\u00fatua o mediador autoritzat.<\/em><\/p>\n<p><em>El contingut d&#8217;aquest web \u00e9s de car\u00e0cter estrictament informatiu, ja que l&#8217;abast i cobertures de l&#8217;asseguran\u00e7a v\u00e9nen determinades per les condicions generals corresponents i per les condicions particulars existents en cada cas.<\/em><\/p>\n\t\t\t<\/div>\n\t\t<\/div>\n\t<\/div>\n<\/div>\n","protected":false},"excerpt":{"rendered":"","protected":false},"author":22,"featured_media":0,"parent":0,"menu_order":0,"comment_status":"closed","ping_status":"closed","template":"","meta":{"footnotes":""},"class_list":["post-25623","page","type-page","status-publish","hentry"],"featured_image_src":null,"yoast_head":"<!-- This site is optimized with the Yoast SEO plugin v27.5 - https:\/\/yoast.com\/product\/yoast-seo-wordpress\/ -->\n<title>Calcula la teva asseguran\u00e7a m\u00e8dica - MGC M\u00fatua<\/title>\n<meta name=\"description\" content=\"Amb MGC pots calcular de forma r\u00e0pida de la teva asseguran\u00e7a de salut i el de la teva fam\u00edlia, demana un pressupost sense comprom\u00eds. La millor asseguran\u00e7a per protegir el benestar de la teva fam\u00edlia amb totes les cobertures.\" \/>\n<meta name=\"robots\" content=\"index, follow, max-snippet:-1, max-image-preview:large, max-video-preview:-1\" \/>\n<link rel=\"canonical\" href=\"https:\/\/www.mgc.es\/ca\/calcula-preu-asseguranca-medica\/\" \/>\n<meta property=\"og:locale\" content=\"ca_ES\" \/>\n<meta property=\"og:type\" content=\"article\" \/>\n<meta property=\"og:title\" content=\"Calcula la teva asseguran\u00e7a m\u00e8dica - MGC M\u00fatua\" \/>\n<meta property=\"og:description\" content=\"Amb MGC pots calcular de forma r\u00e0pida de la teva asseguran\u00e7a de salut i el de la teva fam\u00edlia, demana un pressupost sense comprom\u00eds. La millor asseguran\u00e7a per protegir el benestar de la teva fam\u00edlia amb totes les cobertures.\" \/>\n<meta property=\"og:url\" content=\"https:\/\/www.mgc.es\/ca\/calcula-preu-asseguranca-medica\/\" \/>\n<meta property=\"og:site_name\" content=\"MGC M\u00fatua\" \/>\n<meta property=\"article:publisher\" content=\"https:\/\/www.facebook.com\/mgcmutua\" \/>\n<meta property=\"article:modified_time\" content=\"2026-04-30T15:48:50+00:00\" \/>\n<meta name=\"twitter:card\" content=\"summary_large_image\" \/>\n<meta name=\"twitter:site\" content=\"@mgcmutua\" \/>\n<!-- \/ Yoast SEO plugin. -->","yoast_head_json":{"title":"Calcula la teva asseguran\u00e7a m\u00e8dica - MGC M\u00fatua","description":"Amb MGC pots calcular de forma r\u00e0pida de la teva asseguran\u00e7a de salut i el de la teva fam\u00edlia, demana un pressupost sense comprom\u00eds. La millor asseguran\u00e7a per protegir el benestar de la teva fam\u00edlia amb totes les cobertures.","robots":{"index":"index","follow":"follow","max-snippet":"max-snippet:-1","max-image-preview":"max-image-preview:large","max-video-preview":"max-video-preview:-1"},"canonical":"https:\/\/www.mgc.es\/ca\/calcula-preu-asseguranca-medica\/","og_locale":"ca_ES","og_type":"article","og_title":"Calcula la teva asseguran\u00e7a m\u00e8dica - MGC M\u00fatua","og_description":"Amb MGC pots calcular de forma r\u00e0pida de la teva asseguran\u00e7a de salut i el de la teva fam\u00edlia, demana un pressupost sense comprom\u00eds. La millor asseguran\u00e7a per protegir el benestar de la teva fam\u00edlia amb totes les cobertures.","og_url":"https:\/\/www.mgc.es\/ca\/calcula-preu-asseguranca-medica\/","og_site_name":"MGC M\u00fatua","article_publisher":"https:\/\/www.facebook.com\/mgcmutua","article_modified_time":"2026-04-30T15:48:50+00:00","twitter_card":"summary_large_image","twitter_site":"@mgcmutua","schema":{"@context":"https:\/\/schema.org","@graph":[{"@type":"WebPage","@id":"https:\/\/www.mgc.es\/ca\/calcula-preu-asseguranca-medica\/","url":"https:\/\/www.mgc.es\/ca\/calcula-preu-asseguranca-medica\/","name":"Calcula la teva asseguran\u00e7a m\u00e8dica - MGC M\u00fatua","isPartOf":{"@id":"https:\/\/www.mgc.es\/#website"},"datePublished":"2022-03-09T15:35:35+00:00","dateModified":"2026-04-30T15:48:50+00:00","description":"Amb MGC pots calcular de forma r\u00e0pida de la teva asseguran\u00e7a de salut i el de la teva fam\u00edlia, demana un pressupost sense comprom\u00eds. La millor asseguran\u00e7a per protegir el benestar de la teva fam\u00edlia amb totes les cobertures.","breadcrumb":{"@id":"https:\/\/www.mgc.es\/ca\/calcula-preu-asseguranca-medica\/#breadcrumb"},"inLanguage":"ca","potentialAction":[{"@type":"ReadAction","target":["https:\/\/www.mgc.es\/ca\/calcula-preu-asseguranca-medica\/"]}]},{"@type":"BreadcrumbList","@id":"https:\/\/www.mgc.es\/ca\/calcula-preu-asseguranca-medica\/#breadcrumb","itemListElement":[{"@type":"ListItem","position":1,"name":"Home","item":"https:\/\/www.mgc.es\/ca\/"},{"@type":"ListItem","position":2,"name":"Preu asseguran\u00e7a m\u00e8dica"}]},{"@type":"WebSite","@id":"https:\/\/www.mgc.es\/#website","url":"https:\/\/www.mgc.es\/","name":"MGC M\u00fatua","description":"MGC M\u00fatua \u00e9s una entitat asseguradora sense \u00e0nim de lucre constitu\u00efda al 1982 i especialitzada en assegurances de salut i assist\u00e8ncia.","publisher":{"@id":"https:\/\/www.mgc.es\/#organization"},"alternateName":"MGC","potentialAction":[{"@type":"SearchAction","target":{"@type":"EntryPoint","urlTemplate":"https:\/\/www.mgc.es\/?s={search_term_string}"},"query-input":{"@type":"PropertyValueSpecification","valueRequired":true,"valueName":"search_term_string"}}],"inLanguage":"ca"},{"@type":"Organization","@id":"https:\/\/www.mgc.es\/#organization","name":"MGC Mutua","alternateName":"MGC","url":"https:\/\/www.mgc.es\/","logo":{"@type":"ImageObject","inLanguage":"ca","@id":"https:\/\/www.mgc.es\/#\/schema\/logo\/image\/","url":"https:\/\/www.mgc.es\/wp-content\/uploads\/2020\/03\/mgcmutua_h2_2t_reduccions.png","contentUrl":"https:\/\/www.mgc.es\/wp-content\/uploads\/2020\/03\/mgcmutua_h2_2t_reduccions.png","width":303,"height":165,"caption":"MGC Mutua"},"image":{"@id":"https:\/\/www.mgc.es\/#\/schema\/logo\/image\/"},"sameAs":["https:\/\/www.facebook.com\/mgcmutua","https:\/\/x.com\/mgcmutua","https:\/\/www.youtube.com\/c\/MGCMutua"]}]}},"_links":{"self":[{"href":"https:\/\/www.mgc.es\/ca\/wp-json\/wp\/v2\/pages\/25623","targetHints":{"allow":["GET"]}}],"collection":[{"href":"https:\/\/www.mgc.es\/ca\/wp-json\/wp\/v2\/pages"}],"about":[{"href":"https:\/\/www.mgc.es\/ca\/wp-json\/wp\/v2\/types\/page"}],"author":[{"embeddable":true,"href":"https:\/\/www.mgc.es\/ca\/wp-json\/wp\/v2\/users\/22"}],"replies":[{"embeddable":true,"href":"https:\/\/www.mgc.es\/ca\/wp-json\/wp\/v2\/comments?post=25623"}],"version-history":[{"count":47,"href":"https:\/\/www.mgc.es\/ca\/wp-json\/wp\/v2\/pages\/25623\/revisions"}],"predecessor-version":[{"id":38905,"href":"https:\/\/www.mgc.es\/ca\/wp-json\/wp\/v2\/pages\/25623\/revisions\/38905"}],"wp:attachment":[{"href":"https:\/\/www.mgc.es\/ca\/wp-json\/wp\/v2\/media?parent=25623"}],"curies":[{"name":"wp","href":"https:\/\/api.w.org\/{rel}","templated":true}]}}