{"id":25297,"date":"2022-03-01T10:04:22","date_gmt":"2022-03-01T09:04:22","guid":{"rendered":"https:\/\/www.mgc.es\/?page_id=25297"},"modified":"2024-12-05T12:20:04","modified_gmt":"2024-12-05T11:20:04","slug":"asseguranca-estalvi-unit-linked","status":"publish","type":"page","link":"https:\/\/www.mgc.es\/ca\/asseguranca-estalvi-unit-linked\/","title":{"rendered":"Unit Linked"},"content":{"rendered":"\n<div class=\"bloque-titulo main\">\n\t\t\t<div class=\"background-texture\">\n\t\t\t<img decoding=\"async\" src=\"\/wp-content\/themes\/mgc\/src\/img\/head-bg.png\" alt=\"\">\n\t\t<\/div>\n\t\t\t<div class=\"container\">\n\t\t\t\t\t\t<h1 class=\"title\">Unit Linked<\/h1>\n\t\t\t\t\t\t\t\t\t<p class=\"subtitle\">Fem cr\u00e9ixer els teus estalvis<\/p>\n\t\t\t\t<\/div>\n<\/div>\n\n\n\n<div id=\"destacado-basico-1-detacado-basico-1-block_621cba29dec3d\" class=\"basic-featured-1\">\n\t<div class=\"container\">\n\t\t<div class=\"row\">\n\t\t\t<div class=\"img-carrier d-flex d-md-none\">\n\t\t\t\t<picture class=\"picture\">\n\t\t\t\t\t<source srcset=\"https:\/\/www.mgc.es\/wp-content\/uploads\/2022\/03\/UnitLinked_02-434x440.jpg\" media=\"(max-width: 450px)\">\n\t\t\t\t\t<img decoding=\"async\" src=\"https:\/\/www.mgc.es\/wp-content\/uploads\/2022\/03\/UnitLinked_02.jpg\" alt=\"\" >\n\t\t\t\t<\/picture>\n\t\t\t<\/div>\n\t\t\t<div class=\"col-md-14 offset-md-1 d-none d-md-flex\">\n\t\t\t\t<div class=\"img-carrier\">\n\t\t\t\t\t<picture class=\"picture\">\n\t\t\t\t\t\t<source srcset=\"https:\/\/www.mgc.es\/wp-content\/uploads\/2022\/03\/UnitLinked_02-434x440.jpg\" media=\"(max-width: 450px)\">\n\t\t\t\t\t\t<img decoding=\"async\" src=\"https:\/\/www.mgc.es\/wp-content\/uploads\/2022\/03\/UnitLinked_02.jpg\" alt=\"\" >\n\t\t\t\t\t<\/picture>\n\t\t\t\t<\/div>\n\t\t\t<\/div>\n\t\t\t<div class=\"col-md-8 block-container\">\n\t\t\t\t<div class=\"text-card has-button\">\n\t\t\t\t\t<h3 class=\"title-s\"><\/h3>\n\t\t\t\t\t<p class=\"title\">Per qu\u00e8 contractar Unit Linked?<\/p>\n\t\t\t\t\t<p class=\"desc\"><p>Amb Unit linked MGC podr\u00e0s fer cr\u00e9ixer els teus estalvis. \u00c9s una asseguran\u00e7a en la que s\u2019aporta un capital del qual una petita part va destinada a la cobertura de vida i la resta a fons d\u2019inversi\u00f3. Els fons d\u2019inversi\u00f3, seleccionats curosament per professionals de prestigi, s\u00f3n escollits pels subscriptors lliurement i es poden rescatar de manera total o parcial en el moment que es desitgi, sense cap cost.<\/p>\n<\/p>\n\t\t\t\t\t\t\t\t\t\t\t<div class=\"btn-container\">\n\t\t\t\t\t\t\t<a href=\"#\" rel=\"nofollow\" class=\"half-link blue\"  data-toggle=\"modal\" data-target=\"#infoCoversModal_detacado-basico-1-block_621cba29dec3d\">Sol\u00b7licita informaci\u00f3<\/a>\n\t\t\t\t\t\t<\/div>\n\t\t\t\t\t\t\t\t\t<\/div>\n\t\t\t<\/div>\n\t\t<\/div>\n\t<\/div>\n\t\t<div id=\"infoCoversModal_detacado-basico-1-block_621cba29dec3d\" class=\"modal fade call-me-modal solInfoModal\" role=\"dialog\">\n\t\t<div class=\"modal-dialog\">\n\t\t\t<div class=\"modal-content\">\n\t\t\t\t<div class=\"modalTitle\">\n\t\t\t\t\t<h3 class=\"contact-form-title\">Sol\u00b7licita informaci\u00f3<\/h3>\n\t\t\t\t\t<div class=\"modalCloseButtonContainer\" >\n\t\t\t\t\t\t<a href=\"#\" rel=\"nofollow\" class=\"btn-modal-close\" data-dismiss=\"modal\"><i class=\"icon-no\"><\/i><\/a>\n\t\t\t\t\t<\/div>\n\t\t\t\t<\/div>\n\t\t\t\t<div class=\"modalContent\">\n\t\t\t\t\t\n<div class=\"wpcf7 no-js\" id=\"wpcf7-f11977-o1\" lang=\"es-ES\" dir=\"ltr\" data-wpcf7-id=\"11977\">\n<div class=\"screen-reader-response\"><p role=\"status\" aria-live=\"polite\" aria-atomic=\"true\"><\/p> <ul><\/ul><\/div>\n<form action=\"\/ca\/wp-json\/wp\/v2\/pages\/25297#wpcf7-f11977-o1\" method=\"post\" class=\"wpcf7-form init wpcf7-acceptance-as-validation\" aria-label=\"Formulario de contacto\" novalidate=\"novalidate\" data-status=\"init\">\n<fieldset class=\"hidden-fields-container\"><input type=\"hidden\" name=\"_wpcf7\" value=\"11977\" \/><input type=\"hidden\" name=\"_wpcf7_version\" value=\"6.1.5\" \/><input type=\"hidden\" name=\"_wpcf7_locale\" value=\"es_ES\" \/><input type=\"hidden\" name=\"_wpcf7_unit_tag\" value=\"wpcf7-f11977-o1\" \/><input type=\"hidden\" name=\"_wpcf7_container_post\" value=\"0\" \/><input type=\"hidden\" name=\"_wpcf7_posted_data_hash\" value=\"\" \/>\n<\/fieldset>\n<div class=\"form-element\">\n\t<p><span class=\"wpcf7-form-control-wrap\" data-name=\"nom\"><input size=\"40\" maxlength=\"400\" class=\"wpcf7-form-control wpcf7-text wpcf7-validates-as-required input-field\" aria-required=\"true\" aria-invalid=\"false\" placeholder=\"Nom i cognoms\" value=\"\" type=\"text\" name=\"nom\" \/><\/span>\n\t<\/p>\n<\/div>\n<div class=\"form-element\">\n\t<p><span class=\"wpcf7-form-control-wrap\" data-name=\"tel\"><input size=\"40\" maxlength=\"400\" class=\"wpcf7-form-control wpcf7-tel wpcf7-validates-as-required wpcf7-text wpcf7-validates-as-tel input-field\" aria-required=\"true\" aria-invalid=\"false\" placeholder=\"Tel\u00e8fon de contacte\" value=\"\" type=\"tel\" name=\"tel\" \/><\/span>\n\t<\/p>\n<\/div>\n<div class=\"form-element\">\n\t<p><span class=\"wpcf7-form-control-wrap\" data-name=\"email\"><input size=\"40\" maxlength=\"400\" class=\"wpcf7-form-control wpcf7-email wpcf7-validates-as-required wpcf7-text wpcf7-validates-as-email input-field\" aria-required=\"true\" aria-invalid=\"false\" placeholder=\"Correu electr\u00f2nic\" value=\"\" type=\"email\" name=\"email\" \/><\/span>\n\t<\/p>\n<\/div>\n<div class=\"form-element\">\n\t<p><span class=\"wpcf7-form-control-wrap\" data-name=\"cp\"><input size=\"40\" maxlength=\"400\" class=\"wpcf7-form-control wpcf7-text wpcf7-validates-as-required input-field\" aria-required=\"true\" aria-invalid=\"false\" placeholder=\"Codi Postal\" value=\"\" type=\"text\" name=\"cp\" \/><\/span>\n\t<\/p>\n<\/div>\n<div class=\"form-element check-data-carrier\">\n\t<p><span class=\"wpcf7-form-control-wrap\" data-name=\"legal\"><span class=\"wpcf7-form-control wpcf7-acceptance\"><span class=\"wpcf7-list-item\"><label><input type=\"checkbox\" name=\"legal\" value=\"1\" aria-invalid=\"false\" \/><span class=\"wpcf7-list-item-label\">Accepto la pol\u00edtica de protecci\u00f3 de dades. <a href=\"\/ca\/proteccio-de-dades\/\" target=\"_blank\">+info<\/a><\/span><\/label><\/span><\/span><\/span>\n\t<\/p>\n<\/div>\n<div>\n\t<p><input type=\"text\" name=\"honeyvar\" placeholder=\"No emplenar aquest camp\" value=\"\" style=\"display:none\" \/>\n\t<\/p>\n<\/div>\n<input class=\"wpcf7-form-control wpcf7-hidden\" value=\"lead_Main\" type=\"hidden\" name=\"islead\" \/>\n<input class=\"wpcf7-form-control wpcf7-hidden\" value=\"\" type=\"hidden\" name=\"pageurl\" \/>\n<input class=\"wpcf7-form-control wpcf7-hidden\" value=\"26001\" type=\"hidden\" name=\"origen\" \/>\n<input class=\"wpcf7-form-control wpcf7-hidden\" value=\"\" type=\"hidden\" name=\"comercial\" \/>\n<input class=\"wpcf7-form-control wpcf7-hidden\" value=\"ca\" type=\"hidden\" name=\"idioma\" \/>\n<input class=\"wpcf7-form-control wpcf7-hidden\" value=\"webmgc\" type=\"hidden\" name=\"utm_source\" \/>\n<input class=\"wpcf7-form-control wpcf7-hidden\" value=\"generica\" type=\"hidden\" name=\"utm_campaign\" \/>\n<input class=\"wpcf7-form-control wpcf7-hidden\" value=\"web\" type=\"hidden\" name=\"utm_medium\" \/>\n<input class=\"wpcf7-form-control wpcf7-hidden\" value=\"\" type=\"hidden\" name=\"userid\" \/>\n<input class=\"wpcf7-form-control wpcf7-hidden\" value=\"\" type=\"hidden\" name=\"tck_loc\" \/>\n<input class=\"wpcf7-form-control wpcf7-hidden\" value=\"\" type=\"hidden\" name=\"tck_placement\" \/>\n<input class=\"wpcf7-form-control wpcf7-hidden\" value=\"\" type=\"hidden\" name=\"tck_keyword\" \/>\n<input class=\"wpcf7-form-control wpcf7-hidden\" value=\"\" type=\"hidden\" name=\"tck_campaign\" \/>\n<input class=\"wpcf7-form-control wpcf7-hidden\" value=\"\" type=\"hidden\" name=\"tck_group\" \/>\n<input class=\"wpcf7-form-control wpcf7-hidden\" value=\"\" type=\"hidden\" name=\"tck_target\" \/>\n<div class=\"form-element submit-element\">\n\t<p><input class=\"wpcf7-form-control wpcf7-submit has-spinner full-button blue\" type=\"submit\" value=\"Sol\u00b7licita informaci\u00f3\" \/>\n\t<\/p>\n<\/div><div class=\"wpcf7-response-output\" aria-hidden=\"true\"><\/div>\n<\/form>\n<\/div>\n\t\t\t\t<\/div>\n\t\t\t<\/div>\n\t\t<\/div>\n\t<\/div>\n\t<\/div>\n\n\n\n<div class=\"tips-3\" id=\"tips-3-tips-3-block_621cba29dec3e\">\n\t<div class=\"container\">\n\t\t<div class=\"row\">\n\t\t\t\t\t\t<div class=\"col-md-6 tip-col\n\t\t\toffset-md-2\">\n\t\t\t\t<div class=\"tip\">\n\t\t\t\t\t<div class=\"image-carrier\">\n\t\t\t\t\t\t<img decoding=\"async\" src=\"https:\/\/www.mgc.es\/wp-content\/uploads\/2022\/03\/lliure_eleccio_fons_inversio_unit_linked_130.png\" alt=\"\">\n\t\t\t\t\t<\/div>\n\t\t\t\t\t<div class=\"info-block\">\n\t\t\t\t\t\t<h5 class=\"title\">Lliure elecci\u00f3 de fons d\u2019inversi\u00f3<\/h5>\n\n\t\t\t\t\t\t<p class=\"description\"><\/p>\n\t\t\t\t\t<\/div>\n\t\t\t\t<\/div>\n\t\t\t<\/div>\n\t\t\t\t\t\t<div class=\"col-md-6 tip-col\n\t\t\toffset-md-1\">\n\t\t\t\t<div class=\"tip\">\n\t\t\t\t\t<div class=\"image-carrier\">\n\t\t\t\t\t\t<img decoding=\"async\" src=\"https:\/\/www.mgc.es\/wp-content\/uploads\/2022\/03\/assessorament_personalitzat_unit_linked_130.png\" alt=\"\">\n\t\t\t\t\t<\/div>\n\t\t\t\t\t<div class=\"info-block\">\n\t\t\t\t\t\t<h5 class=\"title\">Assessorament personalitzat<\/h5>\n\n\t\t\t\t\t\t<p class=\"description\"><\/p>\n\t\t\t\t\t<\/div>\n\t\t\t\t<\/div>\n\t\t\t<\/div>\n\t\t\t\t\t\t<div class=\"col-md-6 tip-col\n\t\t\toffset-md-1\">\n\t\t\t\t<div class=\"tip\">\n\t\t\t\t\t<div class=\"image-carrier\">\n\t\t\t\t\t\t<img decoding=\"async\" src=\"https:\/\/www.mgc.es\/wp-content\/uploads\/2022\/03\/disponibilitat_liquidesa_immediata_unit_linked_130.png\" alt=\"\">\n\t\t\t\t\t<\/div>\n\t\t\t\t\t<div class=\"info-block\">\n\t\t\t\t\t\t<h5 class=\"title\">Liquiditat immediata<\/h5>\n\n\t\t\t\t\t\t<p class=\"description\"><\/p>\n\t\t\t\t\t<\/div>\n\t\t\t\t<\/div>\n\t\t\t<\/div>\n\t\t\t\t\t<\/div>\n\t<\/div>\n<\/div>\n\n\n\n<div class=\"bloque-titulo section\">\n\t\t<div class=\"container\">\n\t\t\t\t\t<h2 class=\"title\">Descobreix els avantatges de la nostra asseguran\u00e7a Unit Linked<\/h2>\n\t\t\t\t<\/div>\n<\/div>\n\n\n\n\n<div id=\"listado-tratamientos-listado-tratamientos-block_6290c6638f783\" class=\"treatments-list\">\n\t<div class=\"container\">\n\t\t<div class=\"row\">\n\t\t\t<div class=\"col-md-18 offset-md-3\">\n\t\t\t\t\t\t\t\t<div class=\"accordion\" id=\"accordion-listado-tratamientos-block_6290c6638f783\">\n\t\t\t\t\t\t\t\t\t\t<div class=\"card\">\n\t\t\t\t\t\t<div class=\"card-header collapsed\" data-toggle=\"collapse\" data-target=\"#collapse-block_6290c6638f783-0\" aria-expanded=\"true\" aria-controls=\"collapse-block_6290c6638f783-0\">\n\t\t\t\t\t\t\t<div class=\"element-container\">\n\t\t\t\t\t\t\t\t<div class=\"element-info\">\n\t\t\t\t\t\t\t\t\t<h4>Asseguran\u00e7a de vida i fons d&#8217;inversi\u00f3<\/h4>\n\t\t\t\t\t\t\t\t\t<p>Asseguran\u00e7a en la qual s\u2019aporta un capital del qual una petita part va destinada a la cobertura de vida i la resta a fons d\u2019inversi\u00f3.<\/p>\n\t\t\t\t\t\t\t\t<\/div>\n\t\t\t\t\t\t\t<\/div>\n\t\t\t\t\t\t<\/div>\n\t\t\t\t\t<\/div>\n\t\t\t\t\t\t\t\t\t\t<div class=\"card\">\n\t\t\t\t\t\t<div class=\"card-header collapsed\" data-toggle=\"collapse\" data-target=\"#collapse-block_6290c6638f783-1\" aria-expanded=\"true\" aria-controls=\"collapse-block_6290c6638f783-1\">\n\t\t\t\t\t\t\t<div class=\"element-container\">\n\t\t\t\t\t\t\t\t<div class=\"element-info\">\n\t\t\t\t\t\t\t\t\t<h4>Assessorament personalitzat<\/h4>\n\t\t\t\t\t\t\t\t\t<p>Acompanyament i assessorament personalitzat per part d\u2019experts financers, per tal de triar els millors fons i obtenir una bona rendibilitat.<\/p>\n\t\t\t\t\t\t\t\t<\/div>\n\t\t\t\t\t\t\t<\/div>\n\t\t\t\t\t\t<\/div>\n\t\t\t\t\t<\/div>\n\t\t\t\t\t\t\t\t\t\t<div class=\"card\">\n\t\t\t\t\t\t<div class=\"card-header collapsed\" data-toggle=\"collapse\" data-target=\"#collapse-block_6290c6638f783-2\" aria-expanded=\"true\" aria-controls=\"collapse-block_6290c6638f783-2\">\n\t\t\t\t\t\t\t<div class=\"element-container\">\n\t\t\t\t\t\t\t\t<div class=\"element-info\">\n\t\t\t\t\t\t\t\t\t<h4>Adaptat al teu perfil de risc<\/h4>\n\t\t\t\t\t\t\t\t\t<p>Lliure elecci\u00f3 dels fons d\u2019inversi\u00f3 per part del prenedor, que s\u2019ofereixen agrupats segons el perfil de risc determinat.<\/p>\n\t\t\t\t\t\t\t\t<\/div>\n\t\t\t\t\t\t\t<\/div>\n\t\t\t\t\t\t<\/div>\n\t\t\t\t\t<\/div>\n\t\t\t\t\t\t\t\t\t\t<div class=\"card\">\n\t\t\t\t\t\t<div class=\"card-header collapsed\" data-toggle=\"collapse\" data-target=\"#collapse-block_6290c6638f783-3\" aria-expanded=\"true\" aria-controls=\"collapse-block_6290c6638f783-3\">\n\t\t\t\t\t\t\t<div class=\"element-container\">\n\t\t\t\t\t\t\t\t<div class=\"element-info\">\n\t\t\t\t\t\t\t\t\t<h4>Trasp\u00e0s sense cost<\/h4>\n\t\t\t\t\t\t\t\t\t<p>Possibilitat de trasp\u00e0s entre fons d\u2019inversi\u00f3 i de rescat del capital, total o parcial, sense cost.<\/p>\n\t\t\t\t\t\t\t\t<\/div>\n\t\t\t\t\t\t\t<\/div>\n\t\t\t\t\t\t<\/div>\n\t\t\t\t\t<\/div>\n\t\t\t\t\t\t\t\t\t\t<div class=\"card\">\n\t\t\t\t\t\t<div class=\"card-header collapsed\" data-toggle=\"collapse\" data-target=\"#collapse-block_6290c6638f783-4\" aria-expanded=\"true\" aria-controls=\"collapse-block_6290c6638f783-4\">\n\t\t\t\t\t\t\t<div class=\"element-container\">\n\t\t\t\t\t\t\t\t<div class=\"element-info\">\n\t\t\t\t\t\t\t\t\t<h4>Designaci\u00f3 dels beneficiaris<\/h4>\n\t\t\t\t\t\t\t\t\t<p>En cas de defunci\u00f3, els beneficiaris del capital assegurat seran els designats per l\u2019assegurat. Si no hi ha una designaci\u00f3 expressa, en seran beneficiaris els hereus legals.<\/p>\n\t\t\t\t\t\t\t\t<\/div>\n\t\t\t\t\t\t\t<\/div>\n\t\t\t\t\t\t<\/div>\n\t\t\t\t\t<\/div>\n\t\t\t\t\t\t\t\t\t\t<div class=\"card\">\n\t\t\t\t\t\t<div class=\"card-header collapsed\" data-toggle=\"collapse\" data-target=\"#collapse-block_6290c6638f783-5\" aria-expanded=\"true\" aria-controls=\"collapse-block_6290c6638f783-5\">\n\t\t\t\t\t\t\t<div class=\"element-container\">\n\t\t\t\t\t\t\t\t<div class=\"element-info\">\n\t\t\t\t\t\t\t\t\t<h4>Tributaci\u00f3 avantatjosa<\/h4>\n\t\t\t\t\t\t\t\t\t<p>La rendibilitat obtinguda no tributa (com a rendiment del capital mobiliari) fins al moment en qu\u00e8 s\u2019exerceix el dret de rescat per part del prenedor\/assegurat<\/p>\n\t\t\t\t\t\t\t\t<\/div>\n\t\t\t\t\t\t\t<\/div>\n\t\t\t\t\t\t<\/div>\n\t\t\t\t\t<\/div>\n\t\t\t\t\t\t\t\t\t\t<div class=\"card\">\n\t\t\t\t\t\t<div class=\"card-header collapsed\" data-toggle=\"collapse\" data-target=\"#collapse-block_6290c6638f783-6\" aria-expanded=\"true\" aria-controls=\"collapse-block_6290c6638f783-6\">\n\t\t\t\t\t\t\t<div class=\"element-container\">\n\t\t\t\t\t\t\t\t<div class=\"element-info\">\n\t\t\t\t\t\t\t\t\t<h4>Liquiditat immediata en cas de defunci\u00f3<\/h4>\n\t\t\t\t\t\t\t\t\t<p>Tot i estar sotm\u00e8s a la tributaci\u00f3 de l\u2019Impost sobre Successions i Donacions en cas de mort de l\u2019assegurat, el capital no forma part de la massa heredit\u00e0ria, oferint liquiditat m\u00e9s immediata.<\/p>\n\t\t\t\t\t\t\t\t<\/div>\n\t\t\t\t\t\t\t<\/div>\n\t\t\t\t\t\t<\/div>\n\t\t\t\t\t<\/div>\n\t\t\t\t\t\t\t\t\t<\/div>\n\t\t\t<\/div>\n\t\t<\/div>\n\t<\/div>\n<\/div>\n\n\n\n<div class=\"bloque-titulo section\">\n\t\t<div class=\"container\">\n\t\t\t\t\t<h2 class=\"title\">Com funciona l&#8217;Unit Linked?<\/h2>\n\t\t\t\t\t\t<p class=\"subtitle\">El Cinto Paredes, assessor financer d&#8217;MGC M\u00fatua, t&#8217;explica en aquesta entrevista el funcionament d&#8217;aquest producte i resol els dubtes m\u00e9s freq\u00fcents.<\/p>\n\t\t\t\t<\/div>\n<\/div>\n\n\n\n<div class=\"container\"><div class=\"row\"><div class=\"col-md-16 offset-md-4\">\n<div class=\"video\"><iframe loading=\"lazy\" src=\"https:\/\/player.vimeo.com\/video\/521308226?h=168c1daf6a\" width=\"640\" height=\"360\" frameborder=\"0\" allow=\"autoplay; fullscreen; picture-in-picture\" allowfullscreen=\"\"><\/iframe><\/div>\n<\/div><\/div><\/div>\n\n\n\n<div id=\"destacado-asesoramiento-detacado-asesoramiento-block_621cba29dec42\" class=\"counseling-featured\">\n\t<div class=\"container\">\n\t\t<div class=\"row\">\n\t\t\t<div class=\"img-carrier d-flex d-md-none\">\n\t\t\t\t\t\t\t\t<picture class=\"picture\">\n\t\t\t\t\t<source srcset=\"https:\/\/www.mgc.es\/wp-content\/uploads\/2019\/11\/mes-info_01B.jpg\" media=\"(max-width: 650px)\">\n\t\t\t\t\t<img decoding=\"async\" src=\"https:\/\/www.mgc.es\/wp-content\/uploads\/2019\/11\/mes-info_01B.jpg\" alt=\"\" >\n\t\t\t\t<\/picture>\n\t\t\t<\/div>\n\t\t\t<div class=\"col-md-6 offset-md-2 block-container\">\n\t\t\t\t<div class=\"contact-form\">\n\t\t\t\t\t<div class=\"row\">\n\t\t\t\t\t\t<div class=\"col-md-24\">\n\t\t\t\t\t\t\t<p class=\"contact-form-title\">Vull m\u00e9s informaci\u00f3<\/p>\n\t\t\t\t\t\t<\/div>\n\t\t\t\t\t\t<div class=\"col-md-24\">\n\t\t\t\t\t\t\t\n<div class=\"wpcf7 no-js\" id=\"wpcf7-f33290-o2\" lang=\"es-ES\" dir=\"ltr\" data-wpcf7-id=\"33290\">\n<div class=\"screen-reader-response\"><p role=\"status\" aria-live=\"polite\" aria-atomic=\"true\"><\/p> <ul><\/ul><\/div>\n<form action=\"\/ca\/wp-json\/wp\/v2\/pages\/25297#wpcf7-f33290-o2\" method=\"post\" class=\"wpcf7-form init wpcf7-acceptance-as-validation\" aria-label=\"Formulario de contacto\" novalidate=\"novalidate\" data-status=\"init\">\n<fieldset class=\"hidden-fields-container\"><input type=\"hidden\" name=\"_wpcf7\" value=\"33290\" \/><input type=\"hidden\" name=\"_wpcf7_version\" value=\"6.1.5\" \/><input type=\"hidden\" name=\"_wpcf7_locale\" value=\"es_ES\" \/><input type=\"hidden\" name=\"_wpcf7_unit_tag\" value=\"wpcf7-f33290-o2\" \/><input type=\"hidden\" name=\"_wpcf7_container_post\" value=\"0\" \/><input type=\"hidden\" name=\"_wpcf7_posted_data_hash\" value=\"\" \/>\n<\/fieldset>\n<div class=\"form-element\">\n\t<p><span class=\"wpcf7-form-control-wrap\" data-name=\"nom\"><input size=\"40\" maxlength=\"400\" class=\"wpcf7-form-control wpcf7-text wpcf7-validates-as-required input-field\" aria-required=\"true\" aria-invalid=\"false\" placeholder=\"Nom\" value=\"\" type=\"text\" name=\"nom\" \/><\/span>\n\t<\/p>\n<\/div>\n<div class=\"form-element\">\n\t<p><span class=\"wpcf7-form-control-wrap\" data-name=\"email\"><input size=\"40\" maxlength=\"400\" class=\"wpcf7-form-control wpcf7-email wpcf7-validates-as-required wpcf7-text wpcf7-validates-as-email input-field\" aria-required=\"true\" aria-invalid=\"false\" placeholder=\"Email\" value=\"\" type=\"email\" name=\"email\" \/><\/span>\n\t<\/p>\n<\/div>\n<div class=\"form-element\">\n\t<p><span class=\"wpcf7-form-control-wrap\" data-name=\"telefon\"><input size=\"40\" maxlength=\"400\" class=\"wpcf7-form-control wpcf7-tel wpcf7-validates-as-required wpcf7-text wpcf7-validates-as-tel input-field\" aria-required=\"true\" aria-invalid=\"false\" placeholder=\"Tel\u00e8fon\" value=\"\" type=\"tel\" name=\"telefon\" \/><\/span>\n\t<\/p>\n<\/div>\n<div class=\"form-element\">\n\t<p><br \/>\n<span class=\"wpcf7-form-control-wrap\" data-name=\"comentari\"><textarea cols=\"40\" rows=\"10\" maxlength=\"2000\" class=\"wpcf7-form-control wpcf7-textarea input-field\" aria-invalid=\"false\" placeholder=\"Consultes i informaci\u00f3 addicional\" name=\"comentari\"><\/textarea><\/span>\n\t<\/p>\n<\/div>\n<div class=\"form-element check-data-carrier\">\n\t<div class=\"form-element check-data-carrier\">\n\t\t<p><br \/>\n<span class=\"wpcf7-form-control-wrap\" data-name=\"legal\"><span class=\"wpcf7-form-control wpcf7-acceptance\"><span class=\"wpcf7-list-item\"><label><input type=\"checkbox\" name=\"legal\" value=\"1\" aria-invalid=\"false\" \/><span class=\"wpcf7-list-item-label\">Accepto la pol\u00edtica de protecci\u00f3 de dades. <a href=\"\/ca\/proteccio-de-dades\/\" target=\"_blank\">+info<\/a><\/span><\/label><\/span><\/span><\/span>\n\t\t<\/p>\n\t<\/div>\n<\/div>\n<div class=\"form-element submit-element\">\n\t<p><input class=\"wpcf7-form-control wpcf7-submit has-spinner full-button blue\" type=\"submit\" value=\"Sol\u00b7licita informaci\u00f3\" \/>\n\t<\/p>\n<\/div>\n<input class=\"wpcf7-form-control wpcf7-hidden\" value=\"lead_Empresa\" type=\"hidden\" name=\"islead\" \/><div class=\"wpcf7-response-output\" aria-hidden=\"true\"><\/div>\n<\/form>\n<\/div>\n\t\t\t\t\t\t<\/div>\n\t\t\t\t\t<\/div>\n\t\t\t\t<\/div>\n\t\t\t<\/div>\n\t\t\t<div class=\"col-md-14 d-none d-md-flex\">\n\t\t\t\t<div class=\"img-carrier\">\n\t\t\t\t\t\t\t\t\t\t<picture class=\"picture\">\n\t\t\t\t\t\t<source srcset=\"https:\/\/www.mgc.es\/wp-content\/uploads\/2019\/11\/mes-info_01B.jpg\" media=\"(max-width: 650px)\">\n\t\t\t\t\t\t<img decoding=\"async\" src=\"https:\/\/www.mgc.es\/wp-content\/uploads\/2019\/11\/mes-info_01B.jpg\" alt=\"\" >\n\t\t\t\t\t<\/picture>\n\t\t\t\t<\/div>\n\t\t\t<\/div>\n\n\t\t<\/div>\n\t<\/div>\n<\/div>\n","protected":false},"excerpt":{"rendered":"","protected":false},"author":23,"featured_media":0,"parent":0,"menu_order":0,"comment_status":"closed","ping_status":"closed","template":"template-files\/page-parallax-background.php","meta":{"footnotes":""},"class_list":["post-25297","page","type-page","status-publish","hentry"],"featured_image_src":null,"yoast_head":"<!-- This site is optimized with the Yoast SEO plugin v27.2 - https:\/\/yoast.com\/product\/yoast-seo-wordpress\/ -->\n<title>Unit Linked - MGC M\u00fatua<\/title>\n<meta name=\"robots\" content=\"index, follow, max-snippet:-1, max-image-preview:large, max-video-preview:-1\" \/>\n<link rel=\"canonical\" href=\"https:\/\/www.mgc.es\/ca\/asseguranca-estalvi-unit-linked\/\" \/>\n<meta property=\"og:locale\" content=\"ca_ES\" \/>\n<meta property=\"og:type\" content=\"article\" \/>\n<meta property=\"og:title\" content=\"Unit Linked - MGC M\u00fatua\" \/>\n<meta property=\"og:url\" content=\"https:\/\/www.mgc.es\/ca\/asseguranca-estalvi-unit-linked\/\" \/>\n<meta property=\"og:site_name\" content=\"MGC M\u00fatua\" \/>\n<meta property=\"article:publisher\" content=\"https:\/\/www.facebook.com\/mgcmutua\" \/>\n<meta property=\"article:modified_time\" content=\"2024-12-05T11:20:04+00:00\" \/>\n<meta name=\"twitter:card\" content=\"summary_large_image\" \/>\n<meta name=\"twitter:site\" content=\"@mgcmutua\" \/>\n<!-- \/ Yoast SEO plugin. -->","yoast_head_json":{"title":"Unit Linked - MGC M\u00fatua","robots":{"index":"index","follow":"follow","max-snippet":"max-snippet:-1","max-image-preview":"max-image-preview:large","max-video-preview":"max-video-preview:-1"},"canonical":"https:\/\/www.mgc.es\/ca\/asseguranca-estalvi-unit-linked\/","og_locale":"ca_ES","og_type":"article","og_title":"Unit Linked - MGC M\u00fatua","og_url":"https:\/\/www.mgc.es\/ca\/asseguranca-estalvi-unit-linked\/","og_site_name":"MGC M\u00fatua","article_publisher":"https:\/\/www.facebook.com\/mgcmutua","article_modified_time":"2024-12-05T11:20:04+00:00","twitter_card":"summary_large_image","twitter_site":"@mgcmutua","schema":{"@context":"https:\/\/schema.org","@graph":[{"@type":"WebPage","@id":"https:\/\/www.mgc.es\/ca\/asseguranca-estalvi-unit-linked\/","url":"https:\/\/www.mgc.es\/ca\/asseguranca-estalvi-unit-linked\/","name":"Unit Linked - MGC M\u00fatua","isPartOf":{"@id":"https:\/\/www.mgc.es\/#website"},"datePublished":"2022-03-01T09:04:22+00:00","dateModified":"2024-12-05T11:20:04+00:00","breadcrumb":{"@id":"https:\/\/www.mgc.es\/ca\/asseguranca-estalvi-unit-linked\/#breadcrumb"},"inLanguage":"ca","potentialAction":[{"@type":"ReadAction","target":["https:\/\/www.mgc.es\/ca\/asseguranca-estalvi-unit-linked\/"]}]},{"@type":"BreadcrumbList","@id":"https:\/\/www.mgc.es\/ca\/asseguranca-estalvi-unit-linked\/#breadcrumb","itemListElement":[{"@type":"ListItem","position":1,"name":"Home","item":"https:\/\/www.mgc.es\/ca\/"},{"@type":"ListItem","position":2,"name":"Unit Linked"}]},{"@type":"WebSite","@id":"https:\/\/www.mgc.es\/#website","url":"https:\/\/www.mgc.es\/","name":"MGC M\u00fatua","description":"MGC M\u00fatua \u00e9s una entitat asseguradora sense \u00e0nim de lucre constitu\u00efda al 1982 i especialitzada en assegurances de salut i assist\u00e8ncia.","publisher":{"@id":"https:\/\/www.mgc.es\/#organization"},"alternateName":"MGC","potentialAction":[{"@type":"SearchAction","target":{"@type":"EntryPoint","urlTemplate":"https:\/\/www.mgc.es\/?s={search_term_string}"},"query-input":{"@type":"PropertyValueSpecification","valueRequired":true,"valueName":"search_term_string"}}],"inLanguage":"ca"},{"@type":"Organization","@id":"https:\/\/www.mgc.es\/#organization","name":"MGC Mutua","alternateName":"MGC","url":"https:\/\/www.mgc.es\/","logo":{"@type":"ImageObject","inLanguage":"ca","@id":"https:\/\/www.mgc.es\/#\/schema\/logo\/image\/","url":"https:\/\/www.mgc.es\/wp-content\/uploads\/2020\/03\/mgcmutua_h2_2t_reduccions.png","contentUrl":"https:\/\/www.mgc.es\/wp-content\/uploads\/2020\/03\/mgcmutua_h2_2t_reduccions.png","width":303,"height":165,"caption":"MGC Mutua"},"image":{"@id":"https:\/\/www.mgc.es\/#\/schema\/logo\/image\/"},"sameAs":["https:\/\/www.facebook.com\/mgcmutua","https:\/\/x.com\/mgcmutua","https:\/\/www.youtube.com\/c\/MGCMutua"]}]}},"_links":{"self":[{"href":"https:\/\/www.mgc.es\/ca\/wp-json\/wp\/v2\/pages\/25297","targetHints":{"allow":["GET"]}}],"collection":[{"href":"https:\/\/www.mgc.es\/ca\/wp-json\/wp\/v2\/pages"}],"about":[{"href":"https:\/\/www.mgc.es\/ca\/wp-json\/wp\/v2\/types\/page"}],"author":[{"embeddable":true,"href":"https:\/\/www.mgc.es\/ca\/wp-json\/wp\/v2\/users\/23"}],"replies":[{"embeddable":true,"href":"https:\/\/www.mgc.es\/ca\/wp-json\/wp\/v2\/comments?post=25297"}],"version-history":[{"count":28,"href":"https:\/\/www.mgc.es\/ca\/wp-json\/wp\/v2\/pages\/25297\/revisions"}],"predecessor-version":[{"id":33295,"href":"https:\/\/www.mgc.es\/ca\/wp-json\/wp\/v2\/pages\/25297\/revisions\/33295"}],"wp:attachment":[{"href":"https:\/\/www.mgc.es\/ca\/wp-json\/wp\/v2\/media?parent=25297"}],"curies":[{"name":"wp","href":"https:\/\/api.w.org\/{rel}","templated":true}]}}