{"id":18803,"date":"2020-05-08T10:47:05","date_gmt":"2020-05-08T08:47:05","guid":{"rendered":"https:\/\/www.mgc.es\/?page_id=18803"},"modified":"2026-02-11T11:27:22","modified_gmt":"2026-02-11T10:27:22","slug":"centres-propis","status":"publish","type":"page","link":"https:\/\/www.mgc.es\/ca\/serveis\/centres-propis\/","title":{"rendered":"Centres propis"},"content":{"rendered":"\n<div class=\"bloque-titulo main\">\n\t\t\t<div class=\"background-texture\">\n\t\t\t<img decoding=\"async\" src=\"\/wp-content\/themes\/mgc\/src\/img\/head-bg.png\" alt=\"\">\n\t\t<\/div>\n\t\t\t<div class=\"container\">\n\t\t\t\t\t\t<h1 class=\"title\">Serveis<\/h1>\n\t\t\t\t\t\t\t\t\t<p class=\"subtitle\">Un ampli ventall de serveis que complementen perfectament les assegurances d&#8217;MGC M\u00fatua<\/p>\n\t\t\t\t<\/div>\n<\/div>\n\n\n\n\n<div class=\"section-menu\" id=\"modulo-menu-block_698c5785e461f\">\n\t<div class=\"top-menu\">\n\t\t<div class=\"container\">\n\t\t\t<div class=\"menu-carrier\">\n\t\t\t\t<div class=\"menu-container\">\n\t\t\t\t\t<ul class=\"menu\">\n\t\t\t\t\t\t\t\t\t\t\t\t<li class=\"menu-item menu-item-type-post_type menu-item-object-page\">\n\t\t\t\t\t\t\t<a href=\"https:\/\/www.mgc.es\/ca\/serveis\/atencio-al-mutualista\/\">Atenci\u00f3 al mutualista<\/a>\n\t\t\t\t\t\t<\/li>\n\t\t\t\t\t\t\t\t\t\t\t\t<li class=\"menu-item menu-item-type-post_type menu-item-object-page\">\n\t\t\t\t\t\t\t<a href=\"https:\/\/www.mgc.es\/ca\/serveis\/mutua-24h\/\">M\u00fatua 24h<\/a>\n\t\t\t\t\t\t<\/li>\n\t\t\t\t\t\t\t\t\t\t\t\t<li class=\"menu-item menu-item-type-post_type menu-item-object-page\">\n\t\t\t\t\t\t\t<a href=\"https:\/\/www.mgc.es\/ca\/serveis\/assistencia-en-viatge\/\">Assist\u00e8ncia en viatge<\/a>\n\t\t\t\t\t\t<\/li>\n\t\t\t\t\t\t\t\t\t\t\t\t<li class=\"menu-item menu-item-type-post_type menu-item-object-page\">\n\t\t\t\t\t\t\t<a href=\"https:\/\/www.mgc.es\/ca\/serveis\/teleconsulta\/\">Teleconsulta<\/a>\n\t\t\t\t\t\t<\/li>\n\t\t\t\t\t\t\t\t\t\t\t\t<li class=\"menu-item menu-item-type-post_type menu-item-object-page\">\n\t\t\t\t\t\t\t<a href=\"https:\/\/www.mgc.es\/ca\/serveis\/videoconsulta\/\">Videoconsulta<\/a>\n\t\t\t\t\t\t<\/li>\n\t\t\t\t\t\t\t\t\t\t\t\t<li class=\"menu-item menu-item-type-post_type menu-item-object-page\">\n\t\t\t\t\t\t\t<a href=\"https:\/\/www.mgc.es\/ca\/serveis\/centres-propis\/\">Centres propis<\/a>\n\t\t\t\t\t\t<\/li>\n\t\t\t\t\t\t\t\t\t\t\t\t<li class=\"menu-item menu-item-type-post_type menu-item-object-page\">\n\t\t\t\t\t\t\t<a href=\"https:\/\/www.mgc.es\/ca\/serveis\/assistencia-juridica\/\">Assist\u00e8ncia jur\u00eddica<\/a>\n\t\t\t\t\t\t<\/li>\n\t\t\t\t\t\t\t\t\t\t\t\t<li class=\"menu-item menu-item-type-post_type menu-item-object-page\">\n\t\t\t\t\t\t\t<a href=\"https:\/\/www.mgc.es\/ca\/serveis\/conservacio-de-cellules-mare\/\">Conservaci\u00f3 de c\u00e8l\u00b7lules mare<\/a>\n\t\t\t\t\t\t<\/li>\n\t\t\t\t\t\t\t\t\t\t\t<\/ul>\n\t\t\t\t<\/div>\n\t\t\t<\/div>\n\t\t\t\t\t<\/div>\n\t<\/div>\n<\/div>\n\n\n\n<div id=\"destacado-basico-1-detacado-basico-1-block_5d72151d6b1cb\" class=\"basic-featured-1\">\n\t<div class=\"container\">\n\t\t<div class=\"row\">\n\t\t\t<div class=\"img-carrier d-flex d-md-none\">\n\t\t\t\t<picture class=\"picture\">\n\t\t\t\t\t<source srcset=\"https:\/\/www.mgc.es\/wp-content\/uploads\/2020\/05\/estetica_i_odontologia-430x440.jpg\" media=\"(max-width: 450px)\">\n\t\t\t\t\t<img decoding=\"async\" src=\"https:\/\/www.mgc.es\/wp-content\/uploads\/2020\/05\/estetica_i_odontologia.jpg\" alt=\"\" >\n\t\t\t\t<\/picture>\n\t\t\t<\/div>\n\t\t\t<div class=\"col-md-14 offset-md-1 d-none d-md-flex\">\n\t\t\t\t<div class=\"img-carrier\">\n\t\t\t\t\t<picture class=\"picture\">\n\t\t\t\t\t\t<source srcset=\"https:\/\/www.mgc.es\/wp-content\/uploads\/2020\/05\/estetica_i_odontologia-430x440.jpg\" media=\"(max-width: 450px)\">\n\t\t\t\t\t\t<img decoding=\"async\" src=\"https:\/\/www.mgc.es\/wp-content\/uploads\/2020\/05\/estetica_i_odontologia.jpg\" alt=\"\" >\n\t\t\t\t\t<\/picture>\n\t\t\t\t<\/div>\n\t\t\t<\/div>\n\t\t\t<div class=\"col-md-8 block-container\">\n\t\t\t\t<div class=\"text-card \">\n\t\t\t\t\t<h3 class=\"title-s\"><\/h3>\n\t\t\t\t\t<p class=\"title\">Avantatges als centres propis<\/p>\n\t\t\t\t\t<p class=\"desc\"><p>MGC Centre M\u00e8dic, centre d\u2019especialitats m\u00e8diques i la Cl\u00ednica odontol\u00f2gica Belodonte, s\u00f3n els dos centres propis de MGC M\u00fatua. Els mutualistes, tenen acc\u00e9s a tots els serveis i tractaments que s\u2019hi ofereixen i estan coberts per la seva asseguran\u00e7a, i tamb\u00e9 a tota la resta en condicions especials.<\/p>\n<\/p>\n\t\t\t\t\t\t\t\t\t<\/div>\n\t\t\t<\/div>\n\t\t<\/div>\n\t<\/div>\n\t<\/div>\n\n\n\n<div class=\"base-module\" id=\"modulo-baseblock_5eb3ce8f32a9e\">\n\t<div class=\"container\">\n\t\t<div class=\"row\">\n\t\t\t<div class=\"col-md-16 offset-md-4\">\n\t\t\t\t<h3>MGC Centre M\u00e8dic<\/h3>\n<p>MGC Centre M\u00e8dic ofereix la comoditat de trobar en un mateix espai una gran varietat d\u2019especialitats m\u00e8diques, un servei d\u2019<strong>assist\u00e8ncia m\u00e8dica immediata sense cita pr\u00e8via<\/strong> i una <strong>unitat de medicina preventiva<\/strong> que potencia, decididament, la prevenci\u00f3 de la salut.<\/p>\n<p>Compta amb un equipament m\u00e8dic d\u2019\u00faltima generaci\u00f3 i amb un equip de metges i professionals sanitaris altament qualificat. Ofereix un ampli ventall de serveis i especialitats, que es van ampliant i millorant per a completar una oferta assistencial de m\u00e0xima qualitat que doni cobertura a les necessitats m\u00e8diques fonamentals dels mutualistes.<\/p>\n<p>M\u00e9s informaci\u00f3: <a href=\"https:\/\/centremedic.mgc.es\/\"><strong>centremedic.mgc.es<\/strong><\/a><\/p>\n<h3>Cl\u00ednica Belodonte<\/h3>\n<p>La M\u00fatua li ofereix el <strong>servei d\u2019odontologia a preus especials<\/strong>, amb un important estalvi respecte els preus del mercat, per a les prestacions no cobertes per la seva asseguran\u00e7a de salut.<\/p>\n<p>El servei d\u2019odontologia s\u2019ofereix a la <a href=\"http:\/\/www.belodonte.es\">Cl\u00ednica Belodonte<\/a>, centre recomanat per MGC M\u00fatua, que compta amb les \u00faltimes novetats tecnol\u00f2giques i les instal\u00b7lacions m\u00e9s modernes, a m\u00e9s d\u2019un quadre d\u2019especialistes altament qualificat. Tot aix\u00f2, per tal d\u2019oferir uns tractaments de qualitat inq\u00fcestionable i la seguretat que nom\u00e9s poden garantir els millors professionals.<\/p>\n<p>M\u00e9s informaci\u00f3:\u00a0<a href=\"https:\/\/www.belodonte.es\"><strong>www.belodonte.es<\/strong><\/a><\/p>\n<h3>Epsilon Physio<\/h3>\n<p>Com a\u00a0<strong>centre de la Fundaci\u00f3 MGC<\/strong>, Epsilon Physio neix amb la voluntat de proporcionar una atenci\u00f3 de primer nivell, enfocada tant a esportistes com a qualsevol persona que necessiti una recuperaci\u00f3 \u00f2ptima i segura. A m\u00e9s,\u00a0<strong>compten amb <a href=\"https:\/\/www.barnaclinic.com\/ca\/\" target=\"_blank\" rel=\"noreferrer noopener\" data-type=\"link\" data-id=\"https:\/\/www.barnaclinic.com\/ca\/\">barnacl\u00ednic+<\/a> com a partner m\u00e8dic<\/strong>, una instituci\u00f3 de refer\u00e8ncia en el sector sanitari, que ens permet oferir un servei de rehabilitaci\u00f3 premium amb acc\u00e9s als \u00faltims aven\u00e7os cient\u00edfics i als millors especialistes en rehabilitaci\u00f3, fisioter\u00e0pia i medicina esportiva.<\/p>\n<p>Els serveis i prestacions d&#8217;Epsilon Physio estan coberts amb l&#8217;<a href=\"https:\/\/www.mgc.es\/ca\/assegurances-de-salut\/\">asseguran\u00e7a de salut<\/a> d&#8217;MGC M\u00fatua.<\/p>\n<p>M\u00e9s informaci\u00f3: <a href=\"https:\/\/epsilonphysio.com\/\"><strong>epsilonphysio.com<\/strong><\/a><\/p>\n<p>&nbsp;<\/p>\n<h3>M\u00e9s serveis per als mutualistes<\/h3>\n<p>Consulta la <a href=\"https:\/\/www.mgc.es\/ca\/serveis\/\">resta de serveis<\/a> i la seva disponibilitat segons l&#8217;asseguran\u00e7a que tinguis contractada.<\/p>\n\t\t\t<\/div>\n\t\t<\/div>\n\t<\/div>\n<\/div>\n\n\n\n<div style=\"height:100px\" aria-hidden=\"true\" class=\"wp-block-spacer\"><\/div>\n\n\n\n<div id=\"destacado-asesoramiento-detacado-asesoramiento-block_5d721ec2d47b4\" class=\"counseling-featured\">\n\t<div class=\"container\">\n\t\t<div class=\"row\">\n\t\t\t<div class=\"img-carrier d-flex d-md-none\">\n\t\t\t\t\t\t\t\t<picture class=\"picture\">\n\t\t\t\t\t<source srcset=\"https:\/\/www.mgc.es\/wp-content\/uploads\/2019\/11\/mes-info_01B.jpg\" media=\"(max-width: 650px)\">\n\t\t\t\t\t<img decoding=\"async\" src=\"https:\/\/www.mgc.es\/wp-content\/uploads\/2019\/11\/mes-info_01B.jpg\" alt=\"\" >\n\t\t\t\t<\/picture>\n\t\t\t<\/div>\n\t\t\t<div class=\"col-md-6 offset-md-2 block-container\">\n\t\t\t\t<div class=\"contact-form\">\n\t\t\t\t\t<div class=\"row\">\n\t\t\t\t\t\t<div class=\"col-md-24\">\n\t\t\t\t\t\t\t<p class=\"contact-form-title\">Vull m\u00e9s informaci\u00f3<\/p>\n\t\t\t\t\t\t<\/div>\n\t\t\t\t\t\t<div class=\"col-md-24\">\n\t\t\t\t\t\t\t\n<div class=\"wpcf7 no-js\" id=\"wpcf7-f11977-o1\" lang=\"es-ES\" dir=\"ltr\" data-wpcf7-id=\"11977\">\n<div class=\"screen-reader-response\"><p role=\"status\" aria-live=\"polite\" aria-atomic=\"true\"><\/p> <ul><\/ul><\/div>\n<form action=\"\/ca\/wp-json\/wp\/v2\/pages\/18803#wpcf7-f11977-o1\" method=\"post\" class=\"wpcf7-form init wpcf7-acceptance-as-validation\" aria-label=\"Formulario de contacto\" novalidate=\"novalidate\" data-status=\"init\">\n<fieldset class=\"hidden-fields-container\"><input type=\"hidden\" name=\"_wpcf7\" value=\"11977\" \/><input type=\"hidden\" name=\"_wpcf7_version\" value=\"6.1.5\" \/><input type=\"hidden\" name=\"_wpcf7_locale\" value=\"es_ES\" \/><input type=\"hidden\" name=\"_wpcf7_unit_tag\" value=\"wpcf7-f11977-o1\" \/><input type=\"hidden\" name=\"_wpcf7_container_post\" value=\"0\" \/><input type=\"hidden\" name=\"_wpcf7_posted_data_hash\" value=\"\" \/>\n<\/fieldset>\n<div class=\"form-element\">\n\t<p><span class=\"wpcf7-form-control-wrap\" data-name=\"nom\"><input size=\"40\" maxlength=\"400\" class=\"wpcf7-form-control wpcf7-text wpcf7-validates-as-required input-field\" aria-required=\"true\" aria-invalid=\"false\" placeholder=\"Nom i cognoms\" value=\"\" type=\"text\" name=\"nom\" \/><\/span>\n\t<\/p>\n<\/div>\n<div class=\"form-element\">\n\t<p><span class=\"wpcf7-form-control-wrap\" data-name=\"tel\"><input size=\"40\" maxlength=\"400\" class=\"wpcf7-form-control wpcf7-tel wpcf7-validates-as-required wpcf7-text wpcf7-validates-as-tel input-field\" aria-required=\"true\" aria-invalid=\"false\" placeholder=\"Tel\u00e8fon de contacte\" value=\"\" type=\"tel\" name=\"tel\" \/><\/span>\n\t<\/p>\n<\/div>\n<div class=\"form-element\">\n\t<p><span class=\"wpcf7-form-control-wrap\" data-name=\"email\"><input size=\"40\" maxlength=\"400\" class=\"wpcf7-form-control wpcf7-email wpcf7-validates-as-required wpcf7-text wpcf7-validates-as-email input-field\" aria-required=\"true\" aria-invalid=\"false\" placeholder=\"Correu electr\u00f2nic\" value=\"\" type=\"email\" name=\"email\" \/><\/span>\n\t<\/p>\n<\/div>\n<div class=\"form-element\">\n\t<p><span class=\"wpcf7-form-control-wrap\" data-name=\"cp\"><input size=\"40\" maxlength=\"400\" class=\"wpcf7-form-control wpcf7-text wpcf7-validates-as-required input-field\" aria-required=\"true\" aria-invalid=\"false\" placeholder=\"Codi Postal\" value=\"\" type=\"text\" name=\"cp\" \/><\/span>\n\t<\/p>\n<\/div>\n<div class=\"form-element check-data-carrier\">\n\t<p><span class=\"wpcf7-form-control-wrap\" data-name=\"legal\"><span class=\"wpcf7-form-control wpcf7-acceptance\"><span class=\"wpcf7-list-item\"><label><input type=\"checkbox\" name=\"legal\" value=\"1\" aria-invalid=\"false\" \/><span class=\"wpcf7-list-item-label\">Accepto la pol\u00edtica de protecci\u00f3 de dades. <a href=\"\/ca\/proteccio-de-dades\/\" target=\"_blank\">+info<\/a><\/span><\/label><\/span><\/span><\/span>\n\t<\/p>\n<\/div>\n<div>\n\t<p><input type=\"text\" name=\"honeyvar\" placeholder=\"No emplenar aquest camp\" value=\"\" style=\"display:none\" \/>\n\t<\/p>\n<\/div>\n<input class=\"wpcf7-form-control wpcf7-hidden\" value=\"lead_Main\" type=\"hidden\" name=\"islead\" \/>\n<input class=\"wpcf7-form-control wpcf7-hidden\" value=\"\" type=\"hidden\" name=\"pageurl\" \/>\n<input class=\"wpcf7-form-control wpcf7-hidden\" value=\"26001\" type=\"hidden\" name=\"origen\" \/>\n<input class=\"wpcf7-form-control wpcf7-hidden\" value=\"\" type=\"hidden\" name=\"comercial\" \/>\n<input class=\"wpcf7-form-control wpcf7-hidden\" value=\"ca\" type=\"hidden\" name=\"idioma\" \/>\n<input class=\"wpcf7-form-control wpcf7-hidden\" value=\"webmgc\" type=\"hidden\" name=\"utm_source\" \/>\n<input class=\"wpcf7-form-control wpcf7-hidden\" value=\"generica\" type=\"hidden\" name=\"utm_campaign\" \/>\n<input class=\"wpcf7-form-control wpcf7-hidden\" value=\"web\" type=\"hidden\" name=\"utm_medium\" \/>\n<input class=\"wpcf7-form-control wpcf7-hidden\" value=\"\" type=\"hidden\" name=\"userid\" \/>\n<input class=\"wpcf7-form-control wpcf7-hidden\" value=\"\" type=\"hidden\" name=\"tck_loc\" \/>\n<input class=\"wpcf7-form-control wpcf7-hidden\" value=\"\" type=\"hidden\" name=\"tck_placement\" \/>\n<input class=\"wpcf7-form-control wpcf7-hidden\" value=\"\" type=\"hidden\" name=\"tck_keyword\" \/>\n<input class=\"wpcf7-form-control wpcf7-hidden\" value=\"\" type=\"hidden\" name=\"tck_campaign\" \/>\n<input class=\"wpcf7-form-control wpcf7-hidden\" value=\"\" type=\"hidden\" name=\"tck_group\" \/>\n<input class=\"wpcf7-form-control wpcf7-hidden\" value=\"\" type=\"hidden\" name=\"tck_target\" \/>\n<div class=\"form-element submit-element\">\n\t<p><input class=\"wpcf7-form-control wpcf7-submit has-spinner full-button blue\" type=\"submit\" value=\"Sol\u00b7licita informaci\u00f3\" \/>\n\t<\/p>\n<\/div><div class=\"wpcf7-response-output\" aria-hidden=\"true\"><\/div>\n<\/form>\n<\/div>\n\t\t\t\t\t\t<\/div>\n\t\t\t\t\t<\/div>\n\t\t\t\t<\/div>\n\t\t\t<\/div>\n\t\t\t<div class=\"col-md-14 d-none d-md-flex\">\n\t\t\t\t<div class=\"img-carrier\">\n\t\t\t\t\t\t\t\t\t\t<picture class=\"picture\">\n\t\t\t\t\t\t<source srcset=\"https:\/\/www.mgc.es\/wp-content\/uploads\/2019\/11\/mes-info_01B.jpg\" media=\"(max-width: 650px)\">\n\t\t\t\t\t\t<img decoding=\"async\" src=\"https:\/\/www.mgc.es\/wp-content\/uploads\/2019\/11\/mes-info_01B.jpg\" alt=\"\" >\n\t\t\t\t\t<\/picture>\n\t\t\t\t<\/div>\n\t\t\t<\/div>\n\n\t\t<\/div>\n\t<\/div>\n<\/div>\n","protected":false},"excerpt":{"rendered":"","protected":false},"author":23,"featured_media":0,"parent":18625,"menu_order":0,"comment_status":"closed","ping_status":"closed","template":"","meta":{"footnotes":""},"class_list":["post-18803","page","type-page","status-publish","hentry"],"featured_image_src":null,"yoast_head":"<!-- This site is optimized with the Yoast SEO plugin v27.5 - https:\/\/yoast.com\/product\/yoast-seo-wordpress\/ -->\n<title>Centres propis - MGC M\u00fatua<\/title>\n<meta name=\"robots\" content=\"index, follow, max-snippet:-1, max-image-preview:large, max-video-preview:-1\" \/>\n<link rel=\"canonical\" href=\"https:\/\/www.mgc.es\/ca\/serveis\/centres-propis\/\" \/>\n<meta property=\"og:locale\" content=\"ca_ES\" \/>\n<meta property=\"og:type\" content=\"article\" \/>\n<meta property=\"og:title\" content=\"Centres propis - MGC M\u00fatua\" \/>\n<meta property=\"og:url\" content=\"https:\/\/www.mgc.es\/ca\/serveis\/centres-propis\/\" \/>\n<meta property=\"og:site_name\" content=\"MGC M\u00fatua\" \/>\n<meta property=\"article:publisher\" content=\"https:\/\/www.facebook.com\/mgcmutua\" \/>\n<meta property=\"article:modified_time\" content=\"2026-02-11T10:27:22+00:00\" \/>\n<meta name=\"twitter:card\" content=\"summary_large_image\" \/>\n<meta name=\"twitter:site\" content=\"@mgcmutua\" \/>\n<!-- \/ Yoast SEO plugin. -->","yoast_head_json":{"title":"Centres propis - MGC M\u00fatua","robots":{"index":"index","follow":"follow","max-snippet":"max-snippet:-1","max-image-preview":"max-image-preview:large","max-video-preview":"max-video-preview:-1"},"canonical":"https:\/\/www.mgc.es\/ca\/serveis\/centres-propis\/","og_locale":"ca_ES","og_type":"article","og_title":"Centres propis - MGC M\u00fatua","og_url":"https:\/\/www.mgc.es\/ca\/serveis\/centres-propis\/","og_site_name":"MGC M\u00fatua","article_publisher":"https:\/\/www.facebook.com\/mgcmutua","article_modified_time":"2026-02-11T10:27:22+00:00","twitter_card":"summary_large_image","twitter_site":"@mgcmutua","schema":{"@context":"https:\/\/schema.org","@graph":[{"@type":"WebPage","@id":"https:\/\/www.mgc.es\/ca\/serveis\/centres-propis\/","url":"https:\/\/www.mgc.es\/ca\/serveis\/centres-propis\/","name":"Centres propis - MGC M\u00fatua","isPartOf":{"@id":"https:\/\/www.mgc.es\/#website"},"datePublished":"2020-05-08T08:47:05+00:00","dateModified":"2026-02-11T10:27:22+00:00","breadcrumb":{"@id":"https:\/\/www.mgc.es\/ca\/serveis\/centres-propis\/#breadcrumb"},"inLanguage":"ca","potentialAction":[{"@type":"ReadAction","target":["https:\/\/www.mgc.es\/ca\/serveis\/centres-propis\/"]}]},{"@type":"BreadcrumbList","@id":"https:\/\/www.mgc.es\/ca\/serveis\/centres-propis\/#breadcrumb","itemListElement":[{"@type":"ListItem","position":1,"name":"Home","item":"https:\/\/www.mgc.es\/ca\/"},{"@type":"ListItem","position":2,"name":"Serveis","item":"https:\/\/www.mgc.es\/ca\/serveis\/"},{"@type":"ListItem","position":3,"name":"Centres propis"}]},{"@type":"WebSite","@id":"https:\/\/www.mgc.es\/#website","url":"https:\/\/www.mgc.es\/","name":"MGC M\u00fatua","description":"MGC M\u00fatua \u00e9s una entitat asseguradora sense \u00e0nim de lucre constitu\u00efda al 1982 i especialitzada en assegurances de salut i assist\u00e8ncia.","publisher":{"@id":"https:\/\/www.mgc.es\/#organization"},"alternateName":"MGC","potentialAction":[{"@type":"SearchAction","target":{"@type":"EntryPoint","urlTemplate":"https:\/\/www.mgc.es\/?s={search_term_string}"},"query-input":{"@type":"PropertyValueSpecification","valueRequired":true,"valueName":"search_term_string"}}],"inLanguage":"ca"},{"@type":"Organization","@id":"https:\/\/www.mgc.es\/#organization","name":"MGC Mutua","alternateName":"MGC","url":"https:\/\/www.mgc.es\/","logo":{"@type":"ImageObject","inLanguage":"ca","@id":"https:\/\/www.mgc.es\/#\/schema\/logo\/image\/","url":"https:\/\/www.mgc.es\/wp-content\/uploads\/2020\/03\/mgcmutua_h2_2t_reduccions.png","contentUrl":"https:\/\/www.mgc.es\/wp-content\/uploads\/2020\/03\/mgcmutua_h2_2t_reduccions.png","width":303,"height":165,"caption":"MGC Mutua"},"image":{"@id":"https:\/\/www.mgc.es\/#\/schema\/logo\/image\/"},"sameAs":["https:\/\/www.facebook.com\/mgcmutua","https:\/\/x.com\/mgcmutua","https:\/\/www.youtube.com\/c\/MGCMutua"]}]}},"_links":{"self":[{"href":"https:\/\/www.mgc.es\/ca\/wp-json\/wp\/v2\/pages\/18803","targetHints":{"allow":["GET"]}}],"collection":[{"href":"https:\/\/www.mgc.es\/ca\/wp-json\/wp\/v2\/pages"}],"about":[{"href":"https:\/\/www.mgc.es\/ca\/wp-json\/wp\/v2\/types\/page"}],"author":[{"embeddable":true,"href":"https:\/\/www.mgc.es\/ca\/wp-json\/wp\/v2\/users\/23"}],"replies":[{"embeddable":true,"href":"https:\/\/www.mgc.es\/ca\/wp-json\/wp\/v2\/comments?post=18803"}],"version-history":[{"count":21,"href":"https:\/\/www.mgc.es\/ca\/wp-json\/wp\/v2\/pages\/18803\/revisions"}],"predecessor-version":[{"id":37952,"href":"https:\/\/www.mgc.es\/ca\/wp-json\/wp\/v2\/pages\/18803\/revisions\/37952"}],"up":[{"embeddable":true,"href":"https:\/\/www.mgc.es\/ca\/wp-json\/wp\/v2\/pages\/18625"}],"wp:attachment":[{"href":"https:\/\/www.mgc.es\/ca\/wp-json\/wp\/v2\/media?parent=18803"}],"curies":[{"name":"wp","href":"https:\/\/api.w.org\/{rel}","templated":true}]}}